{"id":34858,"date":"2025-05-22T12:49:12","date_gmt":"2025-05-22T12:49:12","guid":{"rendered":"https:\/\/purama.lt\/produktas\/kojines-hot-blue-sporcks\/"},"modified":"2026-04-05T11:48:49","modified_gmt":"2026-04-05T09:48:49","slug":"kojines-kuumad-sinised-spordid","status":"publish","type":"product","link":"https:\/\/purama.lt\/ee\/produktas\/kojines-hot-blue-sporcks\/","title":{"rendered":"SPORCKS Hot Blue spordisokid"},"content":{"rendered":"<p>Kas otsite rohkem? Vaadake t\u00e4ielikku <a href=\"\/ee\/tootesildid\/sporcks\/\">Sporcki sortiment<\/a>.<\/p>","protected":false},"excerpt":{"rendered":"<p data-start=\"236\" data-end=\"313\"><strong>SPORCKS Kuum sinine<\/strong> \u2013 julge stiil ja vastupidavus \u00fches sammus. Sokid on loodud selleks, et toetada teid igal kilomeetril \u2013 nii visuaalselt kui ka f\u00fc\u00fcsiliselt. Ere sinine v\u00e4rv k\u00f6idab pilku, samal ajal kui t\u00e4iustatud konstruktsioon aitab s\u00e4ilitada mugavuse ja j\u00f5udluse ka k\u00f5ige pikemate jooksude ajal. Tugevdatud tugi h\u00fcppeliigese ja p\u00f6ia piirkondades tagab stabiilsuse, samal ajal kui keskmine kompressioon parandab vereringet, v\u00e4hendab turset ja aitab kiiremini taastuda. Kand ja varbad on tugevdatud<strong> COOLMAX\u00ae<\/strong> kangas, mis pehmendab koormust, v\u00f5imaldab nahal hingata ja hoiab \u00e4ra villid. Hingav v\u00f5rk s\u00e4ilitab optimaalse temperatuuri ja aurustab niiskuse kiiresti.<\/p>\n<p><strong>Miks valida:<\/strong><br \/>\n\u2714\ufe0f <strong data-start=\"950\" data-end=\"973\">Stabiilsus liikumises<\/strong>: kindel tugi pahkluu ja talla piirkonnas<br data-start=\"1019\" data-end=\"1022\" \/>\u2714\ufe0f <strong data-start=\"1025\" data-end=\"1048\">Keskmine kokkusurumine<\/strong>: v\u00e4hendab v\u00e4simust ja soodustab lihaste taastumist.<br data-start=\"1096\" data-end=\"1099\" \/>\u2714\ufe0f <strong data-start=\"1102\" data-end=\"1123\">COOLMAX\u00ae materjal<\/strong>: mugavus, v\u00e4rskus ja niiskuskontroll<br data-start=\"1164\" data-end=\"1167\" \/>\u2714\ufe0f <strong data-start=\"1170\" data-end=\"1192\">Kaitse villide vastu<\/strong>: kuivad ja mugavad jalad ka p\u00e4rast pikka jooksu<br data-start=\"1241\" data-end=\"1244\" data-is-only-node=\"\" \/>\u2714\ufe0f <strong data-start=\"1247\" data-end=\"1271\">Hingav kangas<\/strong>: optimaalne temperatuur igaks olukorraks<br data-start=\"1317\" data-end=\"1320\" \/>\u2714\ufe0f <strong data-start=\"1323\" data-end=\"1347\">Valmistatud Hispaanias<\/strong>: kvaliteet, mida usaldavad spetsialistid<\/p>","protected":false},"featured_media":34869,"comment_status":"open","ping_status":"closed","template":"","meta":{"_acf_changed":false},"product_brand":[246],"product_cat":[98,57,102],"product_tag":[],"class_list":{"0":"post-34858","1":"product","2":"type-product","3":"status-publish","4":"has-post-thumbnail","6":"product_brand-sporcks","7":"product_cat-sportui","8":"product_cat-akcijos","9":"product_cat-kojines","11":"first","12":"outofstock","13":"sale","14":"shipping-taxable","15":"purchasable","16":"product-type-variable"},"acf":[],"tiered_pricing_type":"fixed","tiered_pricing_fixed_rules":[],"tiered_pricing_product_settings":{"layout":"default","base_unit_name":{"singular":null,"plural":null},"default_variation":null},"tiered_pricing_minimum_quantity":null,"tiered_pricing_roles_data":[],"tiered_pricing_percentage_rules":[],"_links":{"self":[{"href":"https:\/\/purama.lt\/ee\/wp-json\/wp\/v2\/product\/34858","targetHints":{"allow":["GET"]}}],"collection":[{"href":"https:\/\/purama.lt\/ee\/wp-json\/wp\/v2\/product"}],"about":[{"href":"https:\/\/purama.lt\/ee\/wp-json\/wp\/v2\/types\/product"}],"replies":[{"embeddable":true,"href":"https:\/\/purama.lt\/ee\/wp-json\/wp\/v2\/comments?post=34858"}],"wp:featuredmedia":[{"embeddable":true,"href":"https:\/\/purama.lt\/ee\/wp-json\/wp\/v2\/media\/34869"}],"wp:attachment":[{"href":"https:\/\/purama.lt\/ee\/wp-json\/wp\/v2\/media?parent=34858"}],"wp:term":[{"taxonomy":"product_brand","embeddable":true,"href":"https:\/\/purama.lt\/ee\/wp-json\/wp\/v2\/product_brand?post=34858"},{"taxonomy":"product_cat","embeddable":true,"href":"https:\/\/purama.lt\/ee\/wp-json\/wp\/v2\/product_cat?post=34858"},{"taxonomy":"product_tag","embeddable":true,"href":"https:\/\/purama.lt\/ee\/wp-json\/wp\/v2\/product_tag?post=34858"}],"curies":[{"name":"wp","href":"https:\/\/api.w.org\/{rel}","templated":true}]}}