{"id":34855,"date":"2025-05-22T12:49:09","date_gmt":"2025-05-22T12:49:09","guid":{"rendered":"https:\/\/purama.lt\/produktas\/kojines-go-mom-sporcks\/"},"modified":"2026-04-03T10:23:45","modified_gmt":"2026-04-03T08:23:45","slug":"kojines-go-mom-sporcks","status":"publish","type":"product","link":"https:\/\/purama.lt\/ee\/produktas\/kojines-go-mom-sporcks\/","title":{"rendered":"SPORCKS Go Mom spordisokid"},"content":{"rendered":"<p>Kas otsite rohkem? Vaadake t\u00e4ielikku <a href=\"\/ee\/tootesildid\/sporcks\/\">Sporcki sortiment<\/a>.<\/p>","protected":false},"excerpt":{"rendered":"<p data-start=\"233\" data-end=\"302\"><strong>SPORCKS Go Mom \u2013 kiekvienam \u017eingsniui, kupinam \u012fkv\u0117pimo.<\/strong> See mudel ei avalda muljet mitte ainult oma erilise disaini poolest, vaid pakub ka k\u00f5rgeimat mugavust jooksu ajal. Tugevdatud pahkluu- ja jalalaba tugi aitab s\u00e4ilitada stabiilsust ka k\u00f5ige intensiivsemate treeningute ajal. Keskmine kompressioon soodustab vereringet, v\u00e4hendab lihaspinget ja aitab kiiremini taastuda. Kasutatakse kanna ja varvaste piirkonnas <strong>COOLMAX\u00ae<\/strong> kangas, mis pehmendab l\u00f6\u00f6ki, laseb jalal hingata ja takistab t\u00f5husalt villide tekkimist. Hingav v\u00f5rk aitab reguleerida temperatuuri ja tagab kuiva tunde iga ilmaga.<\/p>\n<p><strong>Miks valida:<\/strong><br \/>\n\u2714\ufe0f <strong data-start=\"977\" data-end=\"1002\">Sihtotstarbeline toetus<\/strong>: lisastabiilsus pahkluu ja jalalaba juures<br data-start=\"1057\" data-end=\"1060\" \/>\u2714\ufe0f <strong data-start=\"1063\" data-end=\"1086\">Keskmine kokkusurumine<\/strong>: v\u00e4hendab v\u00e4simust ja kiirendab taastumist<br data-start=\"1127\" data-end=\"1130\" \/>\u2714\ufe0f <strong data-start=\"1133\" data-end=\"1153\">COOLMAX\u00ae kangas<\/strong>: mugavus, v\u00e4rskus ja t\u00f5hus l\u00f6\u00f6gisummutus<br data-start=\"1203\" data-end=\"1206\" \/>\u2714\ufe0f <strong data-start=\"1209\" data-end=\"1231\">Kaitse villide vastu<\/strong>: j\u00e4\u00e4vad kuivaks ja mugavaks ka k\u00f5ige pikematel jooksudel.<br data-start=\"1291\" data-end=\"1294\" data-is-only-node=\"\" \/>\u2714\ufe0f <strong data-start=\"1297\" data-end=\"1322\">Hingav kudumine<\/strong>: optimaalne nahatemperatuur igal hetkel<br data-start=\"1367\" data-end=\"1370\" \/>\u2714\ufe0f <strong data-start=\"1373\" data-end=\"1397\">Valmistatud Hispaanias<\/strong>: sportlikkus ja laitmatu kvaliteet<\/p>","protected":false},"featured_media":34865,"comment_status":"open","ping_status":"closed","template":"","meta":{"_acf_changed":false},"product_brand":[246],"product_cat":[102,57,98],"product_tag":[],"class_list":{"0":"post-34855","1":"product","2":"type-product","3":"status-publish","4":"has-post-thumbnail","6":"product_brand-sporcks","7":"product_cat-kojines","8":"product_cat-akcijos","9":"product_cat-sportui","11":"first","12":"instock","13":"sale","14":"shipping-taxable","15":"purchasable","16":"product-type-variable"},"acf":[],"tiered_pricing_type":"fixed","tiered_pricing_fixed_rules":[],"tiered_pricing_product_settings":{"layout":"default","base_unit_name":{"singular":null,"plural":null},"default_variation":null},"tiered_pricing_minimum_quantity":null,"tiered_pricing_roles_data":[],"tiered_pricing_percentage_rules":[],"_links":{"self":[{"href":"https:\/\/purama.lt\/ee\/wp-json\/wp\/v2\/product\/34855","targetHints":{"allow":["GET"]}}],"collection":[{"href":"https:\/\/purama.lt\/ee\/wp-json\/wp\/v2\/product"}],"about":[{"href":"https:\/\/purama.lt\/ee\/wp-json\/wp\/v2\/types\/product"}],"replies":[{"embeddable":true,"href":"https:\/\/purama.lt\/ee\/wp-json\/wp\/v2\/comments?post=34855"}],"wp:featuredmedia":[{"embeddable":true,"href":"https:\/\/purama.lt\/ee\/wp-json\/wp\/v2\/media\/34865"}],"wp:attachment":[{"href":"https:\/\/purama.lt\/ee\/wp-json\/wp\/v2\/media?parent=34855"}],"wp:term":[{"taxonomy":"product_brand","embeddable":true,"href":"https:\/\/purama.lt\/ee\/wp-json\/wp\/v2\/product_brand?post=34855"},{"taxonomy":"product_cat","embeddable":true,"href":"https:\/\/purama.lt\/ee\/wp-json\/wp\/v2\/product_cat?post=34855"},{"taxonomy":"product_tag","embeddable":true,"href":"https:\/\/purama.lt\/ee\/wp-json\/wp\/v2\/product_tag?post=34855"}],"curies":[{"name":"wp","href":"https:\/\/api.w.org\/{rel}","templated":true}]}}