{"id":34854,"date":"2025-05-22T12:49:08","date_gmt":"2025-05-22T12:49:08","guid":{"rendered":"https:\/\/purama.lt\/produktas\/kojines-drink-coffee-blue-sporcks\/"},"modified":"2026-04-03T10:23:51","modified_gmt":"2026-04-03T08:23:51","slug":"kojines-joovad-kohvi-sinised-spordid","status":"publish","type":"product","link":"https:\/\/purama.lt\/ee\/produktas\/kojines-drink-coffee-blue-sporcks\/","title":{"rendered":"SPORCKS Drink Coffee Sinised spordisokid"},"content":{"rendered":"<p>Kas otsite rohkem? Vaadake t\u00e4ielikku <a href=\"\/ee\/tootesildid\/sporcks\/\">Sporcki sortiment<\/a>.<\/p>","protected":false},"excerpt":{"rendered":"<p data-start=\"214\" data-end=\"288\"><strong>SPORCKS Joo kohvi sinine<\/strong> - on valik neile, kellele meeldib kiiresti s\u00f5ita, end mugavalt tunda ja peene, kuid energilise stiiliga silma paista. \u00dclikerge, hingav ja valmistatud selleks, et muuta iga treening v\u00f5i v\u00f5istlus nauditavamaks. Kvaliteetsest nailonist valmistatud sokid juhivad niiskust \u00e4ra, kuivavad kiiresti ja hoiavad v\u00e4rskust ka k\u00f5ige kuumematel p\u00e4evadel. Keskmine kompressioonitase s\u00e4ilitab lihastoonuse, samal ajal kui tugevdatud kanna ja varvaste piirkond tagab vastupidavuse ka k\u00f5ige intensiivsema kasutamise ajal.<\/p>\n<p><strong>Miks valida:<br \/>\n<\/strong>\u2714\ufe0f <strong data-start=\"880\" data-end=\"908\">\u00dclikerge konstruktsioon<\/strong>: diskreetne kaal - maksimaalne mugavus<br data-start=\"952\" data-end=\"955\" \/>\u2714\ufe0f <strong data-start=\"958\" data-end=\"981\">Keskmine kokkusurumine<\/strong>: parandab vereringet ja lihaste taastumist<br data-start=\"1023\" data-end=\"1026\" \/>\u2714\ufe0f <strong data-start=\"1029\" data-end=\"1057\">Kvaliteetne nailon<\/strong>: kiire kuivamine ja t\u00f5hus hingavus<br data-start=\"1097\" data-end=\"1100\" \/>\u2714\ufe0f <strong data-start=\"1103\" data-end=\"1136\">Kanna ja varvaste tugevdamine<\/strong>: vastupidavus ja usaldusv\u00e4\u00e4rsus maanteel<br data-start=\"1174\" data-end=\"1177\" data-is-only-node=\"\" \/>\u2714\ufe0f <strong data-start=\"1180\" data-end=\"1206\">Ideaalne soojemate ilmade jaoks<\/strong>: ideaalne m\u00f5\u00f5duka kliima jaoks<br data-start=\"1249\" data-end=\"1252\" \/>\u2714\ufe0f <strong data-start=\"1255\" data-end=\"1280\">Testitud sportlaste poolt<\/strong>: testitud reaalsetes v\u00f5istlustingimustes<br data-start=\"1322\" data-end=\"1325\" \/>\u2714\ufe0f <strong data-start=\"1328\" data-end=\"1352\">Valmistatud Hispaanias<\/strong>: k\u00f5rgeimad kvaliteedistandardid A-st kuni Z-ni<\/p>","protected":false},"featured_media":34893,"comment_status":"open","ping_status":"closed","template":"","meta":{"_acf_changed":false},"product_brand":[246],"product_cat":[102,57,98],"product_tag":[],"class_list":{"0":"post-34854","1":"product","2":"type-product","3":"status-publish","4":"has-post-thumbnail","6":"product_brand-sporcks","7":"product_cat-kojines","8":"product_cat-akcijos","9":"product_cat-sportui","11":"first","12":"instock","13":"sale","14":"shipping-taxable","15":"purchasable","16":"product-type-variable"},"acf":[],"tiered_pricing_type":"fixed","tiered_pricing_fixed_rules":[],"tiered_pricing_product_settings":{"layout":"default","base_unit_name":{"singular":null,"plural":null},"default_variation":null},"tiered_pricing_minimum_quantity":null,"tiered_pricing_roles_data":[],"tiered_pricing_percentage_rules":[],"_links":{"self":[{"href":"https:\/\/purama.lt\/ee\/wp-json\/wp\/v2\/product\/34854","targetHints":{"allow":["GET"]}}],"collection":[{"href":"https:\/\/purama.lt\/ee\/wp-json\/wp\/v2\/product"}],"about":[{"href":"https:\/\/purama.lt\/ee\/wp-json\/wp\/v2\/types\/product"}],"replies":[{"embeddable":true,"href":"https:\/\/purama.lt\/ee\/wp-json\/wp\/v2\/comments?post=34854"}],"wp:featuredmedia":[{"embeddable":true,"href":"https:\/\/purama.lt\/ee\/wp-json\/wp\/v2\/media\/34893"}],"wp:attachment":[{"href":"https:\/\/purama.lt\/ee\/wp-json\/wp\/v2\/media?parent=34854"}],"wp:term":[{"taxonomy":"product_brand","embeddable":true,"href":"https:\/\/purama.lt\/ee\/wp-json\/wp\/v2\/product_brand?post=34854"},{"taxonomy":"product_cat","embeddable":true,"href":"https:\/\/purama.lt\/ee\/wp-json\/wp\/v2\/product_cat?post=34854"},{"taxonomy":"product_tag","embeddable":true,"href":"https:\/\/purama.lt\/ee\/wp-json\/wp\/v2\/product_tag?post=34854"}],"curies":[{"name":"wp","href":"https:\/\/api.w.org\/{rel}","templated":true}]}}