{"id":34853,"date":"2025-05-22T12:49:06","date_gmt":"2025-05-22T12:49:06","guid":{"rendered":"https:\/\/purama.lt\/produktas\/kojines-dont-look-back-sporcks\/"},"modified":"2026-04-03T10:25:52","modified_gmt":"2026-04-03T08:25:52","slug":"kojines-dont-look-back-sporcks","status":"publish","type":"product","link":"https:\/\/purama.lt\/ee\/produktas\/kojines-dont-look-back-sporcks\/","title":{"rendered":"SPORCKS Don\u2019t Look Back spordisokid"},"content":{"rendered":"<p>Kas otsite rohkem? Vaadake t\u00e4ielikku <a href=\"\/ee\/tootesildid\/sporcks\/\">Sporcki sortiment<\/a>.<\/p>","protected":false},"excerpt":{"rendered":"<p data-start=\"183\" data-end=\"241\"><strong>SPORCKS Don\u2019t Look Back<\/strong> &#8211; sukurtos tiems, kurie nesidairo atgal \u2013 tik \u012f priek\u012f, grei\u010diau, tvir\u010diau, u\u017etikrin\u010diau. \u0160ios hibridinio na\u0161umo kojin\u0117s sujungia pa\u017eangias med\u017eiagas ir tiksling\u0105 dizain\u0105, kad kiekvienas judesys b\u016bt\u0173 efektyvus, o komfortas \u2013 maksimalus. <strong>COOLMAX\u00ae<\/strong> ja nailon tagavad kiire niiskusejuhtivuse ja \u00f5huringluse, samas kui hingav v\u00f5rk hoiab naha optimaalse temperatuuri. T\u00e4pselt paigutatud polsterdus kanna ja varvaste piirkonnas kaitseb p\u00f5rutuste eest ja pakub lisamugavust aktiivsete tegevuste ajal.<\/p>\n<p><strong>Miks valida:<br \/>\n<\/strong>\u2714\ufe0f <strong data-start=\"826\" data-end=\"846\">Intelligentne disain<\/strong>: toetus ja mugavus igal sammul<br data-start=\"889\" data-end=\"892\" \/>\u2714\ufe0f <strong data-start=\"895\" data-end=\"919\">COOLMAX\u00ae ja nailon<\/strong>: hingav, niiskust erutav kangas<br data-start=\"962\" data-end=\"965\" \/>\u2714\ufe0f <strong data-start=\"968\" data-end=\"1002\">Polsterdatud kand ja varbad<\/strong>: kaitse r\u00f5hu ja l\u00f6\u00f6kide eest<br data-start=\"1034\" data-end=\"1037\" \/>\u2714\ufe0f <strong data-start=\"1040\" data-end=\"1061\">Kiire kuivatamine<\/strong>: kuivad jalad ka k\u00f5ige intensiivsema treeningu ajal<br data-start=\"1112\" data-end=\"1115\" data-is-only-node=\"\" \/>\u2714\ufe0f <strong data-start=\"1118\" data-end=\"1146\">H\u00fcbriidne mitmek\u00fclgsus<\/strong>: ideaalne sportimiseks ja aktiivseks vaba aja veetmiseks<br data-start=\"1195\" data-end=\"1198\" \/>\u2714\ufe0f <strong data-start=\"1201\" data-end=\"1225\">Valmistatud Hispaanias<\/strong>: t\u00f5estatud kvaliteet, inspireeritud liikumisest<\/p>","protected":false},"featured_media":34863,"comment_status":"open","ping_status":"closed","template":"","meta":{"_acf_changed":false},"product_brand":[246],"product_cat":[102,57,98],"product_tag":[],"class_list":{"0":"post-34853","1":"product","2":"type-product","3":"status-publish","4":"has-post-thumbnail","6":"product_brand-sporcks","7":"product_cat-kojines","8":"product_cat-akcijos","9":"product_cat-sportui","11":"first","12":"instock","13":"sale","14":"shipping-taxable","15":"purchasable","16":"product-type-variable"},"acf":[],"tiered_pricing_type":"fixed","tiered_pricing_fixed_rules":[],"tiered_pricing_product_settings":{"layout":"default","base_unit_name":{"singular":null,"plural":null},"default_variation":null},"tiered_pricing_minimum_quantity":null,"tiered_pricing_roles_data":[],"tiered_pricing_percentage_rules":[],"_links":{"self":[{"href":"https:\/\/purama.lt\/ee\/wp-json\/wp\/v2\/product\/34853","targetHints":{"allow":["GET"]}}],"collection":[{"href":"https:\/\/purama.lt\/ee\/wp-json\/wp\/v2\/product"}],"about":[{"href":"https:\/\/purama.lt\/ee\/wp-json\/wp\/v2\/types\/product"}],"replies":[{"embeddable":true,"href":"https:\/\/purama.lt\/ee\/wp-json\/wp\/v2\/comments?post=34853"}],"wp:featuredmedia":[{"embeddable":true,"href":"https:\/\/purama.lt\/ee\/wp-json\/wp\/v2\/media\/34863"}],"wp:attachment":[{"href":"https:\/\/purama.lt\/ee\/wp-json\/wp\/v2\/media?parent=34853"}],"wp:term":[{"taxonomy":"product_brand","embeddable":true,"href":"https:\/\/purama.lt\/ee\/wp-json\/wp\/v2\/product_brand?post=34853"},{"taxonomy":"product_cat","embeddable":true,"href":"https:\/\/purama.lt\/ee\/wp-json\/wp\/v2\/product_cat?post=34853"},{"taxonomy":"product_tag","embeddable":true,"href":"https:\/\/purama.lt\/ee\/wp-json\/wp\/v2\/product_tag?post=34853"}],"curies":[{"name":"wp","href":"https:\/\/api.w.org\/{rel}","templated":true}]}}