{"id":34852,"date":"2025-05-22T12:49:01","date_gmt":"2025-05-22T12:49:01","guid":{"rendered":"https:\/\/purama.lt\/produktas\/kojines-summer-night-white-sporcks\/"},"modified":"2026-04-03T10:26:03","modified_gmt":"2026-04-03T08:26:03","slug":"kojines-suveohtu-valged-spordid","status":"publish","type":"product","link":"https:\/\/purama.lt\/ee\/produktas\/kojines-summer-night-white-sporcks\/","title":{"rendered":"SPORCKS Summer Night White spordisokid"},"content":{"rendered":"<p>Kas otsite rohkem? Vaadake t\u00e4ielikku <a href=\"\/ee\/tootesildid\/sporcks\/\">Sporcki sortiment<\/a>.<\/p>","protected":false},"excerpt":{"rendered":"<p data-start=\"340\" data-end=\"547\"><strong>SPORCKS Summer Night White<\/strong> &#8211; sukurtos taip, kad palaikyt\u0173 p\u0117d\u0173 gaiv\u0105 ir lengvum\u0105 viso \u017eaidimo metu. Tai pasirinkimas golfo \u017eaid\u0117jams, kurie vertina maksimal\u0173 komfort\u0105 ir stiling\u0105 i\u0161vaizd\u0105 aik\u0161tel\u0117je. Kulno ir pir\u0161t\u0173 srityse naudojamas <strong>COOLMAX\u00ae<\/strong> kangas, mis neelab l\u00f6\u00f6ki, laseb nahal hingata ja aitab v\u00e4ltida villide tekkimist. Kammitud puuvill ja hingav v\u00f5rk s\u00e4ilitavad loomuliku temperatuuri tasakaalu ja juhivad t\u00f5husalt niiskust. T\u00e4nu eriti pehmele puudutusele on sokid ideaalsed pikaajaliseks aktiivseks liikumiseks.<\/p>\n<p><strong>Miks valida:<\/strong><br \/>\n\u2714\ufe0f <strong data-start=\"915\" data-end=\"941\">Golfim\u00e4ngijatele<\/strong>: mugavus ja toetus igal sammul<br data-start=\"988\" data-end=\"991\" \/>\u2714\ufe0f <strong data-start=\"994\" data-end=\"1019\">COOLMAX\u00ae tehnoloogia<\/strong>: l\u00f6\u00f6gikaitse ja suurep\u00e4rane hingavus<br data-start=\"1060\" data-end=\"1063\" \/>\u2714\ufe0f <strong data-start=\"1066\" data-end=\"1088\">Kammitud puuvill<\/strong>: looduslik pehmus ja vastupidavus<br data-start=\"1128\" data-end=\"1131\" \/>\u2714\ufe0f <strong data-start=\"1134\" data-end=\"1158\">Hingav kangas<\/strong>: aitab reguleerida naha temperatuuri<br data-start=\"1194\" data-end=\"1197\" data-is-only-node=\"\" \/>\u2714\ufe0f <strong data-start=\"1200\" data-end=\"1219\">Kuivab kiiresti<\/strong>: niiskuskaitse isegi kuumadel p\u00e4evadel<br data-start=\"1263\" data-end=\"1266\" \/>\u2714\ufe0f <strong data-start=\"1269\" data-end=\"1293\">Valmistatud Hispaanias<\/strong>: laitmatu kvaliteet ja usaldusv\u00e4\u00e4rsus<\/p>","protected":false},"featured_media":34866,"comment_status":"open","ping_status":"closed","template":"","meta":{"_acf_changed":false},"product_brand":[246],"product_cat":[102,57,98],"product_tag":[],"class_list":{"0":"post-34852","1":"product","2":"type-product","3":"status-publish","4":"has-post-thumbnail","6":"product_brand-sporcks","7":"product_cat-kojines","8":"product_cat-akcijos","9":"product_cat-sportui","11":"first","12":"instock","13":"sale","14":"shipping-taxable","15":"purchasable","16":"product-type-variable"},"acf":[],"tiered_pricing_type":"fixed","tiered_pricing_fixed_rules":[],"tiered_pricing_product_settings":{"layout":"default","base_unit_name":{"singular":null,"plural":null},"default_variation":null},"tiered_pricing_minimum_quantity":null,"tiered_pricing_roles_data":[],"tiered_pricing_percentage_rules":[],"_links":{"self":[{"href":"https:\/\/purama.lt\/ee\/wp-json\/wp\/v2\/product\/34852","targetHints":{"allow":["GET"]}}],"collection":[{"href":"https:\/\/purama.lt\/ee\/wp-json\/wp\/v2\/product"}],"about":[{"href":"https:\/\/purama.lt\/ee\/wp-json\/wp\/v2\/types\/product"}],"replies":[{"embeddable":true,"href":"https:\/\/purama.lt\/ee\/wp-json\/wp\/v2\/comments?post=34852"}],"wp:featuredmedia":[{"embeddable":true,"href":"https:\/\/purama.lt\/ee\/wp-json\/wp\/v2\/media\/34866"}],"wp:attachment":[{"href":"https:\/\/purama.lt\/ee\/wp-json\/wp\/v2\/media?parent=34852"}],"wp:term":[{"taxonomy":"product_brand","embeddable":true,"href":"https:\/\/purama.lt\/ee\/wp-json\/wp\/v2\/product_brand?post=34852"},{"taxonomy":"product_cat","embeddable":true,"href":"https:\/\/purama.lt\/ee\/wp-json\/wp\/v2\/product_cat?post=34852"},{"taxonomy":"product_tag","embeddable":true,"href":"https:\/\/purama.lt\/ee\/wp-json\/wp\/v2\/product_tag?post=34852"}],"curies":[{"name":"wp","href":"https:\/\/api.w.org\/{rel}","templated":true}]}}