{"id":34768,"date":"2025-05-19T06:38:05","date_gmt":"2025-05-19T06:38:05","guid":{"rendered":"https:\/\/purama.lt\/produktas\/heliocare-360-color-gel-oil-free-spf-50-beige-apsauginis-gelis-nuo-saules\/"},"modified":"2026-04-14T09:24:01","modified_gmt":"2026-04-14T07:24:01","slug":"heliocare-360-color-geel-olivaba-spf-50-beez-paikesekaitsegeel","status":"publish","type":"product","link":"https:\/\/purama.lt\/ee\/produktas\/heliocare-360-color-gel-oil-free-spf-50-beige-apsauginis-gelis-nuo-saules\/","title":{"rendered":"Heliocare 360 Color Gel Oil-Free SPF 50+ Beige p\u00e4ikesekaitse geel"},"content":{"rendered":"<p><strong>Kuidas kasutada:<\/strong><br>Enne kasutamist h\u00e4sti loksutada. Kandke puhtale, puhastatud nahale 20-30 minutit enne p\u00e4ikese k\u00e4es viibimist. Jaotage heldelt ja \u00fchtlaselt kogu n\u00e4ole. Korda p\u00e4rast suplemist, higistamist v\u00f5i r\u00e4tikuga kuivatamist. V\u00e4ltida kokkupuudet silmadega.<br><br><br><strong>Koostisained:<\/strong> Aqua (vesi), titaandioksiid, C12-15 alk\u00fc\u00fclbensoaat, dinaatriumfen\u00fc\u00fcldibensimidasooltetrasulfonaat, dikapr\u00fc\u00fclkarbonaat, arginiin, C14-22 alkoholid, biset\u00fc\u00fclheks\u00fc\u00fclheks\u00fcfenoolmetoks\u00fcfen\u00fc\u00fcltriasiin, heks\u00fcleengl\u00fckool, diet\u00fc\u00fclamino-h\u00fcdroks\u00fcbenso\u00fc\u00fclheks\u00fc\u00fclbensoaat, diprop\u00fcleengl\u00fckooldibensoaat, but\u00fcleengl\u00fckoolkookoaat, Phenylbenzimidazole Sulfonic Acid, Trilaureth-4 Phosphate, Ceteareth-25, C12-20 Alkyl Glucoside, Polypodium leucotomos Leaf Extract, Ferulic Acid, Caffeic Acid, Physalis angulata Extract, Ethylhexyl Triazone, Caprylyl Glycols, Propylene Glycols, Melanin, Camelia sinensis Extract, Plankton Extract, 3-O-et\u00fc\u00fclaskorbiinhape, oksotiasolidiin, fen\u00fc\u00fclpropanool, dinaatriumet\u00fcleendikokamiid PEG-15 disulfaat, diet\u00fc\u00fclheks\u00fc\u00fclbutamido triasoon, h\u00fcdrol\u00fc\u00fcsitud nisuproteiin\/PVP ristpol\u00fcmeer, PPG-15 stear\u00fc\u00fcleeterbensoaat, trokserutiin, gl\u00fctseriin, r\u00e4nidioksiid, propaandiool, stearalkooniumhektorit, prop\u00fcleenkarbonaat, tokofer\u00fc\u00fclatsetaat, dinaatrium-EDTA, et\u00fc\u00fcllauro\u00fc\u00fclarginaat HCL, f\u00fctosfingosiin HCL, kapr\u00fc\u00fcl\/kapriksooltrigl\u00fctseriid, panteen\u00fc\u00fcltriacetaat, but\u00fcleengl\u00fckool, et\u00fc\u00fcllinoleaat, oleo\u00fc\u00fclalkohol, letsitiin, naatriumbensoaat, tokoferool, fenoks\u00fcetanool, CI 77492, CI 77491, CI 77499, parf\u00fc\u00fcm, linalool, limoneen.<\/p>","protected":false},"excerpt":{"rendered":"<p><strong>Heliocare 360 Color Gel Oil-Free SPF 50+ Beige - s\u00e4rav nahk ja usaldusv\u00e4\u00e4rne kaitse iga p\u00e4ev.<\/strong>. Otsid toodet, mis mitte ainult ei paku usaldusv\u00e4\u00e4rset p\u00e4ikesekaitset, vaid annab sulle ka loomulikult sileda jume? See \u00f5livaba, toonitud geelkreem on loodud selleks, et saada osaks teie igap\u00e4evasest rutiinist - kaitse, nahatoonus ja mugavus \u00fches. Kerge, vedel koostis sobib ideaalselt kombineeritud ja rasusele nahat\u00fc\u00fcbile - see on kaalutu, l\u00e4ikivaba ja laseb nahal hingata. Laia spektriga SPF50+ filtrid kaitsevad UVA, UVB, n\u00e4htava valguse ja infrapunakiirguse eest, samas kui t\u00e4iustatud koostisained, nagu n\u00e4iteks <strong data-start=\"767\" data-end=\"782\">Fernblock\u00ae+<\/strong>, <strong data-start=\"784\" data-end=\"797\">melaniin<\/strong>, <strong data-start=\"799\" data-end=\"817\">f\u00fctotekstiil<\/strong> ja <strong data-start=\"821\" data-end=\"857\">rasu reguleeriv kompleks<\/strong>aitab hoida naha puhtana, rahulikuna ja kaitstuna ka k\u00f5ige kiirematel p\u00e4evadel. <\/p>\n<p><strong>Miks valida:<br \/><\/strong> \u2714\ufe0f V\u00e4ga k\u00f5rge kaitsefaktor SPF50+ UVB, UVA, IR-A ja n\u00e4htava valguse eest.<br data-start=\"1042\" data-end=\"1045\" \/>\u2714\ufe0f Toonitud, kerge tekstuur - \u00fchtlustab optiliselt naha tooni.<br data-start=\"1109\" data-end=\"1112\" \/>\u2714\ufe0f M\u00f5eldud kombineeritud ja rasusele nahale - reguleerib rasueritust.<br data-start=\"1178\" data-end=\"1181\" \/>\u2714\ufe0f Mitte-rasvane, ei kanna raskust, ei libise<br data-start=\"1213\" data-end=\"1216\" \/>\u2714\ufe0f Rikastatud antioks\u00fcdantide ja biomimeetilise melaniiniga.<br data-start=\"1271\" data-end=\"1274\" \/>\u2714\ufe0f Veekindel - usaldusv\u00e4\u00e4rne ka aktiivsel p\u00e4eval<\/p>","protected":false},"featured_media":34754,"comment_status":"open","ping_status":"closed","template":"","meta":{"_acf_changed":false},"product_brand":[428],"product_cat":[92,303,300],"product_tag":[],"class_list":{"0":"post-34768","1":"product","2":"type-product","3":"status-publish","4":"has-post-thumbnail","6":"product_brand-heliocare","7":"product_cat-groziui","8":"product_cat-kremai-nuo-saules-kunui","9":"product_cat-kunui","11":"first","12":"outofstock","13":"shipping-taxable","14":"purchasable","15":"product-type-simple"},"acf":[],"tiered_pricing_type":"fixed","tiered_pricing_fixed_rules":[],"tiered_pricing_product_settings":{"layout":"default","base_unit_name":{"singular":null,"plural":null},"default_variation":null},"tiered_pricing_minimum_quantity":null,"tiered_pricing_roles_data":[],"tiered_pricing_percentage_rules":[],"_links":{"self":[{"href":"https:\/\/purama.lt\/ee\/wp-json\/wp\/v2\/product\/34768","targetHints":{"allow":["GET"]}}],"collection":[{"href":"https:\/\/purama.lt\/ee\/wp-json\/wp\/v2\/product"}],"about":[{"href":"https:\/\/purama.lt\/ee\/wp-json\/wp\/v2\/types\/product"}],"replies":[{"embeddable":true,"href":"https:\/\/purama.lt\/ee\/wp-json\/wp\/v2\/comments?post=34768"}],"wp:featuredmedia":[{"embeddable":true,"href":"https:\/\/purama.lt\/ee\/wp-json\/wp\/v2\/media\/34754"}],"wp:attachment":[{"href":"https:\/\/purama.lt\/ee\/wp-json\/wp\/v2\/media?parent=34768"}],"wp:term":[{"taxonomy":"product_brand","embeddable":true,"href":"https:\/\/purama.lt\/ee\/wp-json\/wp\/v2\/product_brand?post=34768"},{"taxonomy":"product_cat","embeddable":true,"href":"https:\/\/purama.lt\/ee\/wp-json\/wp\/v2\/product_cat?post=34768"},{"taxonomy":"product_tag","embeddable":true,"href":"https:\/\/purama.lt\/ee\/wp-json\/wp\/v2\/product_tag?post=34768"}],"curies":[{"name":"wp","href":"https:\/\/api.w.org\/{rel}","templated":true}]}}