{"id":34697,"date":"2025-05-16T11:43:06","date_gmt":"2025-05-16T11:43:06","guid":{"rendered":"https:\/\/purama.lt\/?post_type=product&#038;p=34697"},"modified":"2026-04-17T22:45:31","modified_gmt":"2026-04-17T20:45:31","slug":"puhas-nmn-nikotiinamiidmononukleotiiddoonotaaz","status":"publish","type":"product","link":"https:\/\/purama.lt\/ee\/produktas\/grynas-nmn-nikotinamido-monukleotidas-donotage\/","title":{"rendered":"DoNotAge Pure NMN kapslid"},"content":{"rendered":"<p>\u00dcks kapsel sisaldab:<\/p>\n\n\n\n<p><strong>500 mg<\/strong>&nbsp;nikotiinamiidmononukleotiid,<\/p>\n\n\n\n<p>T\u00e4iskasvanutele<strong>&nbsp;<\/strong>V\u00f5tke 1 kapsel p\u00e4evas, mis tahes kellaaegadel. V\u00f5tke \u00fcks kapsel koos klaasi veega.<\/p>\n\n\n\n<p>Hoida kuivas ja pimedas kohas, lastele k\u00e4ttesaamatus kohas, temperatuuril kuni 25 \u00b0C.<\/p>\n\n\n\n<p><strong>Hoiatused:<\/strong><\/p>\n\n\n\n<p>\u00c4rge \u00fcletage soovitatud p\u00e4evast annust. Toidulisandit ei tohi v\u00f5tta toidu asendajana. Oluline on mitmekesine ja tasakaalustatud toitumine ning tervislik eluviis.<\/p>\n\n\n\n<p><strong>Kvaliteedidokumentatsioon (COA):<\/strong>&nbsp;COA kinnitab toimeainete kogust ja peamisi kvaliteedin\u00e4itajaid.&nbsp;<strong><a href=\"https:\/\/purama.lt\/wp-content\/uploads\/2026\/01\/Donotage-pure-NMN-Powder-COA.pdf\" target=\"_blank\" rel=\"noreferrer noopener\">COA (PDF<\/a><\/strong><a href=\"https:\/\/purama.lt\/wp-content\/uploads\/2026\/01\/Donotage-pure-NMN-capsules-COA.pdf\">)<\/a><\/p>\n\n\n\n<hr class=\"wp-block-separator has-alpha-channel-opacity\" \/>\n\n\n\n<h3 class=\"wp-block-heading\">NMN Guide 2026: teaduslik kontekst ja kvaliteedikriteeriumid<\/h3>\n\n\n\n<p>NMN-i teemat k\u00e4sitletakse sageli internetis k\u00f5nekaartega, seega tasub viidata kontrollitavatele andmetele: mida n\u00e4itavad inimuuringud, mida t\u00e4hendab NAD+ kontekst ja kuidas tunda \u00e4ra dokumenteeritud kvaliteeti (COA, partiiandmed, puhtus\/lisandikontroll).<\/p>\n\n\n\n<p><strong><a href=\"https:\/\/purama.lt\/ee\/nmn-juhend\/\" data-type=\"link\" data-id=\"https:\/\/purama.lt\/nmn-gidas\/\">Lugege juhendit:<\/a><\/strong><\/p>","protected":false},"excerpt":{"rendered":"<p><strong><span style=\"color: #303030;\">DoNotAge Pure NMN kapsul\u0117s:<\/span><\/strong><span style=\"color: #303030;\">\u00a0<\/span><span style=\"color: #303030;\">NMN on looduslikult esinev aine, mida leidub organismis - oluline NAD+ (nikotiinamiidadeniindinukleotiidi) eelk\u00e4ija. <\/span><span style=\"color: #303030;\">NMN (nikotiinamiidmononukleotiid) - isoleeritud taimeekstraktist (brokoli).\u00a0<\/span><span style=\"color: #303030;\">NAD+ on aine, mis osaleb rakkude ainevahetuses, protsessis, mis muudab toitained energiaks.<\/span><\/p>","protected":false},"featured_media":34698,"comment_status":"open","ping_status":"closed","template":"","meta":{"_acf_changed":false},"product_brand":[242],"product_cat":[122,57,251,257,261,260,263,262,248,259,123,249,256,258,250],"product_tag":[],"class_list":{"0":"post-34697","1":"product","2":"type-product","3":"status-publish","4":"has-post-thumbnail","6":"product_brand-donotage","7":"product_cat-lasteliu-jaunystei","8":"product_cat-akcijos","9":"product_cat-antioksidantai","10":"product_cat-atmintis-ir-demesys","11":"product_cat-cukraus-balansas","12":"product_cat-energijai-ir-apykaitai","13":"product_cat-fizine-istverme","14":"product_cat-medziagu-apykaita","15":"product_cat-nad-ir-mitochondrijos","16":"product_cat-nuotaika-ir-stresas","17":"product_cat-papildai-ilgaamziskumui","18":"product_cat-senolitikai","19":"product_cat-smegenims-ir-atminciai","20":"product_cat-smegenu-apsauga","21":"product_cat-telomeru-ir-dnr-apsauga","23":"first","24":"instock","25":"sale","26":"shipping-taxable","27":"purchasable","28":"product-type-variable"},"acf":[],"tiered_pricing_type":"fixed","tiered_pricing_fixed_rules":[],"tiered_pricing_product_settings":{"layout":"default","base_unit_name":{"singular":null,"plural":null},"default_variation":null},"tiered_pricing_minimum_quantity":null,"tiered_pricing_roles_data":[],"tiered_pricing_percentage_rules":[],"_links":{"self":[{"href":"https:\/\/purama.lt\/ee\/wp-json\/wp\/v2\/product\/34697","targetHints":{"allow":["GET"]}}],"collection":[{"href":"https:\/\/purama.lt\/ee\/wp-json\/wp\/v2\/product"}],"about":[{"href":"https:\/\/purama.lt\/ee\/wp-json\/wp\/v2\/types\/product"}],"replies":[{"embeddable":true,"href":"https:\/\/purama.lt\/ee\/wp-json\/wp\/v2\/comments?post=34697"}],"wp:featuredmedia":[{"embeddable":true,"href":"https:\/\/purama.lt\/ee\/wp-json\/wp\/v2\/media\/34698"}],"wp:attachment":[{"href":"https:\/\/purama.lt\/ee\/wp-json\/wp\/v2\/media?parent=34697"}],"wp:term":[{"taxonomy":"product_brand","embeddable":true,"href":"https:\/\/purama.lt\/ee\/wp-json\/wp\/v2\/product_brand?post=34697"},{"taxonomy":"product_cat","embeddable":true,"href":"https:\/\/purama.lt\/ee\/wp-json\/wp\/v2\/product_cat?post=34697"},{"taxonomy":"product_tag","embeddable":true,"href":"https:\/\/purama.lt\/ee\/wp-json\/wp\/v2\/product_tag?post=34697"}],"curies":[{"name":"wp","href":"https:\/\/api.w.org\/{rel}","templated":true}]}}