{"id":34608,"date":"2025-05-13T07:55:12","date_gmt":"2025-05-13T07:55:12","guid":{"rendered":"https:\/\/purama.lt\/produktas\/torriden-balanceful-cica-veido-kremas\/"},"modified":"2026-04-10T13:03:30","modified_gmt":"2026-04-10T11:03:30","slug":"torriden-balanceful-cica-naokreem","status":"publish","type":"product","link":"https:\/\/purama.lt\/ee\/produktas\/torriden-balanceful-cica-veido-kremas\/","title":{"rendered":"Torriden Balanceful Cica n\u00e4okreem"},"content":{"rendered":"<p><strong>Kuidas kasutada:<\/strong><br>Kandke v\u00e4ike kogus kreemi puhtale, toonitud n\u00e4ole ja kaelale. Masseerige \u00f5rnalt ringjate liigutustega, v\u00e4ltides silmade ja huulte piirkonda. Kasutage hommikuti ja\/v\u00f5i \u00f5htuti viimase nahahooldusetapina.<br><br><strong>Koostisained:<\/strong> Vesi, but\u00fcleengl\u00fckool, gl\u00fctseriin, hept\u00fc\u00fclundets\u00fcleenaat, 1,2-heksandiool, Centella Asiatica ekstrakt, magekassohape, aasiahape, asiaatosid, magekassosiid, pantenool, allantoiin, h\u00fcdrol\u00fc\u00fcsitud h\u00fcaluroonhape, Swertia Japonica ekstrakt, Nymphaea Caerulea \u00f5ieekstrakt, Lactobacillus ferment, Althaea Rosea \u00f5ieekstrakt, Carthamus Tinctorius (Saflower) \u00f5ieekstrakt, betaiin, kapr\u00fc\u00fcl\/kapriksete trigl\u00fctseriid, tseet\u00fc\u00fclalkohol, propaandiool, C14-22 alkoholid, dipeptiid-2, Akr\u00fclaadid\/C10-30 alk\u00fc\u00fclakr\u00fclaadi ristpol\u00fcmeer, h\u00fcdroks\u00fcet\u00fc\u00fclakr\u00fclaat\/naatriumakr\u00fc\u00fcldimet\u00fc\u00fcltauraadi kopol\u00fcmeer, naatriumpol\u00fckr\u00fclaat, gl\u00fctser\u00fc\u00fclakr\u00fclaat\/akr\u00fc\u00fclhappe kopol\u00fcmeer, PVM\/MA kopol\u00fcmeer, sorbitaanisostearaat, pol\u00fcgl\u00fctser\u00fc\u00fcl-3-pol\u00fcritsinoleaat, Isopent\u00fc\u00fcldiool, kapr\u00fc\u00fcl-salits\u00fc\u00fclhape, C12-20 alk\u00fc\u00fclgl\u00fckosiid, pol\u00fcgl\u00fctser\u00fc\u00fcl-4-oleaat, naatriumstear\u00fc\u00fclglutamaat, naatriumturfaktiin, kaproonhape, ksantaankummi, trometamiin, naatriumatsetaat, naatriumatsetaat, dinaatrium-EDTA, et\u00fc\u00fclheks\u00fc\u00fclgl\u00fctseriin, Gardenia Florida puuviljaekstrakt.<\/p>","protected":false},"excerpt":{"rendered":"<p data-start=\"190\" data-end=\"296\"><strong data-start=\"194\" data-end=\"296\">Torriden Balanceful Cica n\u00e4okreem on elup\u00e4\u00e4stja tundlikule, kuivale ja \u00e4rritunud nahale.\u00a0<\/strong>Unustage venitustunne, punetus ja ebameeldiv kuivus. <strong><em data-start=\"364\" data-end=\"396\">Torriden Balanceful Cica kreem<\/em><\/strong> - on intensiivselt niisutav, rahustav kreem, mis on geelja tekstuuriga, mis on spetsiaalselt m\u00f5eldud tundlikule, probleemsele v\u00f5i \u00e4rritunud nahale. Selle kerge tekstuur imendub kiiresti ja pakub koheselt leevendust ja mugavust. Rikastatud <em data-start=\"645\" data-end=\"674\">Aasia Centella ekstrakt<\/em>, <em data-start=\"676\" data-end=\"690\">madekasosidu<\/em>, <em data-start=\"692\" data-end=\"706\">asiatikozidu<\/em> ja <em data-start=\"710\" data-end=\"722\">pantenool<\/em>Lisaks sellele, et see kreem aitab taastada naha tasakaalu, kaitseb see nahka igap\u00e4evase stressi ja keskkonna\u00e4rritajate eest.<\/p>\n<p class=\"\" data-start=\"837\" data-end=\"861\"><strong data-start=\"837\" data-end=\"861\">Miks valida:<br \/><\/strong>\u2714\ufe0f Rahustab \u00e4rritunud, punast v\u00f5i tundlikku nahka.<br data-start=\"910\" data-end=\"913\" \/>\u2714\ufe0f Tasakaalustab rasu tootmist ja niiskustaset.<br data-start=\"961\" data-end=\"964\" \/>\u2714\ufe0f Aitab kaasa peente joonte visuaalsele v\u00e4henemisele.<br data-start=\"1022\" data-end=\"1025\" \/>\u2714\ufe0f Tugevdab nahabarj\u00e4\u00e4ri ja kaitseb v\u00e4liste m\u00f5jurite eest.<br data-start=\"1082\" data-end=\"1085\" \/>\u2714\ufe0f Geeli tekstuur imendub kiiresti ja ei j\u00e4ta rasvaseid j\u00e4\u00e4ke.<br data-start=\"1141\" data-end=\"1144\" \/>\u2714\ufe0f Soodustab regenereerimist, s\u00e4ilitab mikrobioomi tasakaalu.<br data-start=\"1199\" data-end=\"1202\" \/>\u2714\ufe0f Sobib k\u00f5ikidele nahat\u00fc\u00fcpidele - ka k\u00f5ige tundlikumale.<\/p>","protected":false},"featured_media":34598,"comment_status":"open","ping_status":"closed","template":"","meta":{"_acf_changed":false},"product_brand":[460],"product_cat":[55,92,500,59],"product_tag":[],"class_list":{"0":"post-34608","1":"product","2":"type-product","3":"status-publish","4":"has-post-thumbnail","6":"product_brand-torriden","7":"product_cat-veido-kremai","8":"product_cat-groziui","9":"product_cat-outlet","10":"product_cat-veidui","12":"first","13":"instock","14":"sale","15":"shipping-taxable","16":"purchasable","17":"product-type-simple"},"acf":[],"tiered_pricing_type":"fixed","tiered_pricing_fixed_rules":[],"tiered_pricing_product_settings":{"layout":"default","base_unit_name":{"singular":null,"plural":null},"default_variation":null},"tiered_pricing_minimum_quantity":null,"tiered_pricing_roles_data":[],"tiered_pricing_percentage_rules":[],"_links":{"self":[{"href":"https:\/\/purama.lt\/ee\/wp-json\/wp\/v2\/product\/34608","targetHints":{"allow":["GET"]}}],"collection":[{"href":"https:\/\/purama.lt\/ee\/wp-json\/wp\/v2\/product"}],"about":[{"href":"https:\/\/purama.lt\/ee\/wp-json\/wp\/v2\/types\/product"}],"replies":[{"embeddable":true,"href":"https:\/\/purama.lt\/ee\/wp-json\/wp\/v2\/comments?post=34608"}],"wp:featuredmedia":[{"embeddable":true,"href":"https:\/\/purama.lt\/ee\/wp-json\/wp\/v2\/media\/34598"}],"wp:attachment":[{"href":"https:\/\/purama.lt\/ee\/wp-json\/wp\/v2\/media?parent=34608"}],"wp:term":[{"taxonomy":"product_brand","embeddable":true,"href":"https:\/\/purama.lt\/ee\/wp-json\/wp\/v2\/product_brand?post=34608"},{"taxonomy":"product_cat","embeddable":true,"href":"https:\/\/purama.lt\/ee\/wp-json\/wp\/v2\/product_cat?post=34608"},{"taxonomy":"product_tag","embeddable":true,"href":"https:\/\/purama.lt\/ee\/wp-json\/wp\/v2\/product_tag?post=34608"}],"curies":[{"name":"wp","href":"https:\/\/api.w.org\/{rel}","templated":true}]}}