{"id":34607,"date":"2025-05-13T07:55:11","date_gmt":"2025-05-13T07:55:11","guid":{"rendered":"https:\/\/purama.lt\/produktas\/some-by-mi-retinol-intense-trial-kit-veido-priemoniu-rinkinys\/"},"modified":"2026-04-10T13:03:30","modified_gmt":"2026-04-10T11:03:30","slug":"some-by-mi-retinol-intense-trial-kit-face-kit","status":"publish","type":"product","link":"https:\/\/purama.lt\/ee\/produktas\/some-by-mi-retinol-intense-trial-kit-veido-priemoniu-rinkinys\/","title":{"rendered":"SOME BY MI Retinol Intense Trial Kit n\u00e4ohoolduskomplekt"},"content":{"rendered":"<p><strong>Kuidas kasutada:<\/strong><br><strong>Silmakreem:<\/strong> Masseeri v\u00e4ike kogus puhtale nahale. Kasutage hommikul ja \u00f5htul.<br><strong>N\u00e4o seerum:<\/strong> Kasutage \u00f5htuti, 2-3 korda n\u00e4dalas n\u00e4dala alguses. Kandke kreem toonustatud nahale (v\u00e4ltides silma\u00fcmbrust), masseerige ja l\u00f5petage n\u00e4okreemiga. P\u00e4eval on oluline kasutada SPF 30+ kaitset.<br><br><strong>Komplekti kuuluvad:<\/strong><\/p>\n\n\n\n<p><strong>SOME BY MI Retinol Intense Reactivating Serum - intensiivne reaktiivne seerum<\/strong>, 10 ml<\/p>\n\n\n\n<p><strong>SOME BY MI Retinol Intense Advanced Triple Action silmakreem<\/strong>, 10 ml<\/p>\n\n\n\n<hr class=\"wp-block-separator has-alpha-channel-opacity\" \/>\n\n\n\n<p><strong>Koostisained:<\/strong><\/p>\n\n\n\n<p><strong>Silmakreem:<\/strong><br>Koostisained: Vesi\/Aqua, gl\u00fctseriin, kapr\u00fc\u00fcl\/kapriksooltrigl\u00fctseriid, dimetikoon, pol\u00fcsorbaat 60, natsinamiid, met\u00fc\u00fclpropandiool, tset\u00fc\u00fclalkohol, pol\u00fcmet\u00fc\u00fclsilsesks\u00fcoksaan, retinaal, retinooli, 1,2-heksandiool, dimetikooni\/vin\u00fc\u00fcldimetikooni ristpol\u00fcmeer, magekassosiid, glutatioon, atset\u00fc\u00fclheksapeptiid-8, ts\u00fcklopentas\u00fcloksaan, pol\u00fcakr\u00fc\u00fclamiid, asiaatikosiid, kollageen, asiaatikhape, magekassiinhape, isoheksadekaan, karbomeer, h\u00fcdroks\u00fcatsetofenoon, Elaeis Guineensis Oil, C13-14 Isoparaffin, Panthenol, Tromethamine, Palmitic Acid, Polyquaternium-51, Dioscorea Japonica Root Extract, Stearic Acid, Polysorbate 20, Piper Methysticum Leaf\/Root\/Stem Extract, Et\u00fc\u00fclheks\u00fc\u00fclgl\u00fctseriin, gl\u00fctser\u00fc\u00fclkapr\u00fclaat, pol\u00fcgl\u00fctser\u00fc\u00fcl-10-m\u00fcristaat, tokofer\u00fc\u00fclatsetaat, h\u00fcdroks\u00fcet\u00fc\u00fcltselluloos, h\u00fcdroks\u00fcet\u00fc\u00fcltselluloos, h\u00fcdrogeenitud letsitiin, beeta-gl\u00fckaan, gl\u00fckos\u00fc\u00fcltrehaloos, Centella Asiatica ekstrakt, Panax Ginseng marjaekstrakt, gl\u00fctser\u00fc\u00fclpol\u00fcmetakr\u00fclaat, Laureth-7, but\u00fcleengl\u00fckool, h\u00fcdrogeenitud t\u00e4rklise h\u00fcdrol\u00fcsaat, dinaatrium-EDTA, adenosiin, rafinoos, kaaliumgl\u00fcts\u00fcrrrizaat, letsitiin, parf\u00fc\u00fcm, Naatriumh\u00fcaluronaat, tokoferool, pent\u00fcleengl\u00fckool, BHA, BHT, PEG-10 dimetikoon\/vin\u00fc\u00fcldimetikooni ristpol\u00fcmeer, stearaat-21, stearaat-2, PEG-30 dipol\u00fch\u00fcdroks\u00fcstearaat, m\u00fcristhape, Artemisia Capillaris ekstrakt, Propanediol, Melaleuca Alternifolia Leaf Extract, Ganoderma Lucidum Stem Extract, Dipropylene Glycol, Disodium Phosphate, Caprylyl Glycol, Biosaccharide Gum-1, Sodium Palmitoyl Proline, Leuconostoc\/Radish Root Ferment Filtrate, Naatriumfosfaat, ammooniumakr\u00fc\u00fcldimet\u00fc\u00fcltauraat\/VP kopol\u00fcmeer, Chlorella Vulgaris ekstrakt, Glycine Soja seemne ekstrakt, floretiin, tetrah\u00fcdropiperiin, arginiin, Nymphaea Alba \u00f5ieekstrakt.<\/p>\n\n\n\n<p><strong>Seerum:<\/strong><br>Koostisained: Vesi, ts\u00fckloheksasiloksaan, dikapr\u00fc\u00fclkarbonaat, gl\u00fctseriin, met\u00fc\u00fclpropandiool, 1,2-heksandiool, niatsiinamiid, h\u00fcdrogeenitud pol\u00fc(C6-14-olefiin), pantenool, tokofer\u00fc\u00fclatsetaat, Piper Methysticum Leaf\/Pepper Methysticum Fruit Extract, Centella Asiatica Extract, Panax Ginseng Berry Extract, Glycyrrhiza Glabra (Licorice) Root Extract, Ficus Carica (Fig) Fruit Extract, Centella Asiatica Leaf Extract, Centella Asiatica Root Extract, Melaleuca Alternifolia (Tea Tree) Leaf Extract, Artemisia Capillaris Extract, Eclipta Prostrata Extract, Melia Azadirachta Leaf Extract, Elaeis Guineensis (Palm) Oil, Hydrogenated Lecithin, Glyceryl Stearate, Bacuchiol, Palmitic Acid, Sodium Polyacrylate, Stearic Acid, Xanthan Gum, Retinol (0.1 %), akr\u00fclaadid\/C10-30 alk\u00fc\u00fclakr\u00fclaadi ristpol\u00fcmeer, but\u00fcleengl\u00fckool, dikaaliumgl\u00fcts\u00fcrrinaat, adenosiin, trometamiin, pol\u00fckvaternium-51, beeta-gl\u00fckaan, tset\u00fc\u00fclalkohol, BHT, kollageen, m\u00fcristhape, BHA, Leuconostoc\/Radish Root Ferment Filtraat, tokoferool, Bifida Ferment L\u00fcsaat, Ceramide NP, Saccharomyces Ferment, Retinal, Asiaticoside, Glyceryl Polymethacrylate, Madecassoside, Propylene Glycol, Polyglyceryl-10 Oleate, Glycolipids, Glycine Soja (Soybean) Peptide, Resveratrol, Sucrose Distearate, Asiatic Acid, Madecassic Acid, Palmitoyl Tripeptide-1, Moringa Oleifera Seed Oil, PEG-100 Stearate, Polysorbate 20, Fragrance, Ethylhexylglycerin.<\/p>\n\n\n\n<p><\/p>","protected":false},"excerpt":{"rendered":"<p data-start=\"188\" data-end=\"287\"><strong data-start=\"192\" data-end=\"287\">SOME BY MI Retinol Intense Trial Kit - intensiivne algus s\u00e4rava ja pinguldatud naha saavutamiseks.\u00a0<\/strong>Avastage t\u00f5husa nahahoolduse j\u00f5ud selle <em data-start=\"337\" data-end=\"361\">minikomplekt<\/em>kahe t\u00f5husa <strong>SOME BY ME<\/strong> retinooli sisaldavad tooted. Ideaalne valik neile, kes soovivad tooteid enne t\u00e4issuuruses versioonide ostmist testida v\u00f5i kes otsivad t\u00f5husat, kuid \u00f5rna sissejuhatust retinooli maailma. <\/p>\n<p><strong data-start=\"594\" data-end=\"618\">Miks valida:<br \/><\/strong>\u2714\ufe0f Sisaldab 0,1% retinooli, retinaali ja bakutiooli naha n\u00e4htavaks toetamiseks ja elastsuse s\u00e4ilitamiseks.<br data-start=\"722\" data-end=\"725\" \/>\u2714\ufe0f Toimeainete kompleks (niatsinamiid, keramiidid, kollageen, peptiidid) kirgastab, silub ja kaitseb nahka.<br data-start=\"834\" data-end=\"837\" \/>\u2714\ufe0f Silmakreem aitab v\u00e4hendada tumedaid silmaringe ja kortse.<br data-start=\"900\" data-end=\"903\" \/>\u2714\ufe0f Seerum toimib s\u00fcgavuti - liposoomtehnoloogiaga t\u00f5husaks jaotumiseks.<br data-start=\"980\" data-end=\"983\" \/>\u2714\ufe0f Sobib eriti h\u00e4sti tundlikule, probleemsele nahale ja nahale, millel on esimesed vananemise tunnused.<br data-start=\"1068\" data-end=\"1071\" \/>\u2714\ufe0f Kompaktne suurus - ideaalne reisimiseks v\u00f5i testimiseks<\/p>","protected":false},"featured_media":34597,"comment_status":"open","ping_status":"closed","template":"","meta":{"_acf_changed":false},"product_brand":[241],"product_cat":[93,92,500,59],"product_tag":[],"class_list":{"0":"post-34607","1":"product","2":"type-product","3":"status-publish","4":"has-post-thumbnail","6":"product_brand-some-by-me","7":"product_cat-rinkiniai","8":"product_cat-groziui","9":"product_cat-outlet","10":"product_cat-veidui","12":"first","13":"instock","14":"sale","15":"shipping-taxable","16":"purchasable","17":"product-type-simple"},"acf":[],"tiered_pricing_type":"fixed","tiered_pricing_fixed_rules":[],"tiered_pricing_product_settings":{"layout":"default","base_unit_name":{"singular":null,"plural":null},"default_variation":null},"tiered_pricing_minimum_quantity":null,"tiered_pricing_roles_data":[],"tiered_pricing_percentage_rules":[],"_links":{"self":[{"href":"https:\/\/purama.lt\/ee\/wp-json\/wp\/v2\/product\/34607","targetHints":{"allow":["GET"]}}],"collection":[{"href":"https:\/\/purama.lt\/ee\/wp-json\/wp\/v2\/product"}],"about":[{"href":"https:\/\/purama.lt\/ee\/wp-json\/wp\/v2\/types\/product"}],"replies":[{"embeddable":true,"href":"https:\/\/purama.lt\/ee\/wp-json\/wp\/v2\/comments?post=34607"}],"wp:featuredmedia":[{"embeddable":true,"href":"https:\/\/purama.lt\/ee\/wp-json\/wp\/v2\/media\/34597"}],"wp:attachment":[{"href":"https:\/\/purama.lt\/ee\/wp-json\/wp\/v2\/media?parent=34607"}],"wp:term":[{"taxonomy":"product_brand","embeddable":true,"href":"https:\/\/purama.lt\/ee\/wp-json\/wp\/v2\/product_brand?post=34607"},{"taxonomy":"product_cat","embeddable":true,"href":"https:\/\/purama.lt\/ee\/wp-json\/wp\/v2\/product_cat?post=34607"},{"taxonomy":"product_tag","embeddable":true,"href":"https:\/\/purama.lt\/ee\/wp-json\/wp\/v2\/product_tag?post=34607"}],"curies":[{"name":"wp","href":"https:\/\/api.w.org\/{rel}","templated":true}]}}