{"id":34606,"date":"2025-05-13T07:55:10","date_gmt":"2025-05-13T07:55:10","guid":{"rendered":"https:\/\/purama.lt\/produktas\/skin1004-madagascar-centella-probio-cica-maitinamasis-veido-kremas\/"},"modified":"2026-04-10T13:03:30","modified_gmt":"2026-04-10T11:03:30","slug":"skin1004-madagaskari-centella-probio-cica-toitev-naokreem","status":"publish","type":"product","link":"https:\/\/purama.lt\/ee\/produktas\/skin1004-madagascar-centella-probio-cica-maitinamasis-veido-kremas\/","title":{"rendered":"SKIN1004 Madagaskar Centella Probio-Cica toitev n\u00e4okreem"},"content":{"rendered":"<p><strong>Kuidas kasutada:<\/strong><br>Kasutage nahahooldusrutiini viimast sammu - kandke \u00f5ige kogus puhtale, toonitud nahale hommikul ja\/v\u00f5i \u00f5htul. Masseerige \u00f5rnalt, kuni see imendub.<\/p>\n\n\n\n<hr class=\"wp-block-separator has-alpha-channel-opacity\"\/>\n\n\n\n<p><strong>Koostisained:<\/strong> Centella Asiatica ekstrakt, gl\u00fctseriin, digl\u00fctseriin, 1,2-heksandiool, but\u00fcleengl\u00fckool, niatsiinamiid, vesi, pol\u00fcgl\u00fctser\u00fc\u00fcl-3-distearaat, kapr\u00fc\u00fcl\/kaprits\u00fc\u00fcltrigl\u00fctseriid, neopent\u00fc\u00fclgl\u00fckooldiheptanaat, isostear\u00fc\u00fclisostearaat, pentah\u00fcdroks\u00fcet\u00fc\u00fcltetraisostearaat, h\u00fcdrogeenitud pol\u00fc(C6-14-olefiin), hept\u00fc\u00fclundets\u00fcleenaat, Lactobacillus\/Centella Asiatica ekstrakti fermentfiltraat, bis-digl\u00fctser\u00fc\u00fclpol\u00fcats\u00fc\u00fcladipaat-2, gl\u00fctser\u00fc\u00fclstearaat, C14-22 alkoholid, tseear\u00fc\u00fclalkohol, but\u00fcrospermum parkii (shea) v\u00f5i, pol\u00fcgl\u00fctser\u00fc\u00fcl-2 stearaat, naatriumakr\u00fclaat\/natriumakr\u00fc\u00fcldimet\u00fc\u00fcltauraat kopol\u00fcmeer, gl\u00fctser\u00fc\u00fclstearaattsitraat, arginiin, stear\u00fc\u00fclalkohol, Pol\u00fcisobuteen, C12-20 alk\u00fc\u00fclgl\u00fckosiid, skvalaan, naatriumi pindaktiivne aine, naatriumpol\u00fcakr\u00fclaat, akr\u00fclaatide\/C10-30 alk\u00fc\u00fclakr\u00fclaadi ristpol\u00fcmeer, karbomeer, h\u00fcdroks\u00fcstearhape, et\u00fc\u00fclheks\u00fc\u00fclgl\u00fctseriin, adenosiin, h\u00fcdrogeenitud letsitiin, sorbitaanoleaat, kapr\u00fc\u00fcl\/kapr\u00fc\u00fclgl\u00fckosiid, makadaamia ternifoolia seemne\u00f5li, naatriumh\u00fcaluronaat, Moringa Oleifera seemne\u00f5li, naatriumf\u00fctaat, keramiid NP, dekstriin, Theobroma Cacao (kakao) ekstrakt, gl\u00fctser\u00fc\u00fclakr\u00fclaat\/akr\u00fc\u00fclhappe kopol\u00fcmeer, pol\u00fcgl\u00fctser\u00fc\u00fcl-10 m\u00fcristaat, gl\u00fckoos, steariinhape, f\u00fctosfingosiin, magekassiinhape, asiaatsiid, sukroosidistearaat, asiaathape, lauriinhape, f\u00fctosteroolid, pol\u00fcglutamiinhape.<\/p>","protected":false},"excerpt":{"rendered":"<p data-start=\"154\" data-end=\"257\"><strong data-start=\"158\" data-end=\"257\">SKIN1004 Madagaskar Centella Probio-Cica toitev n\u00e4okreem - mugavus \u00e4rritunud nahale.\u00a0<\/strong>Rikkalik, v\u00f5ise tekstuuriga n\u00e4okreem, mis on m\u00f5eldud abi vajavale nahale. <strong><em data-start=\"342\" data-end=\"397\">SKIN1004 Madagaskar Centella Probio-Cica Enrich kreem<\/em> <\/strong>- on intensiivselt toitev ja taastav koostis, mis on rikastatud Madagaskari p\u00e4ritolu Aasia Centella ekstraktiga, fermenteeritud ProBio-Cica kompleksiga ja tugevdavate keramiididega. <strong>Rahustab, niisutab, v\u00e4hendab punetust ja tugevdab nahabarj\u00e4\u00e4ri - ideaalne valik tundlikule, kuivale v\u00f5i \u00e4rritunud nahale.<\/strong>. Sheav\u00f5i, skvaleen, makadaamia\u00f5li ja moringaseemne\u00f5li toidavad s\u00fcgavuti ja kaitsevad niiskuskao eest. Niatsiinamiid helendab ja \u00fchtlustab naha tooni, samas kui adenosiin aitab v\u00e4hendada kortse ja s\u00e4ilitada elastsust. Kreemi on lihtne peale kanda ja see imendub kiiresti, j\u00e4ttes naha m\u00f5nusalt rahulikuks ja pehmeks. <\/p>\n<p><strong data-start=\"1049\" data-end=\"1073\">Miks valida:<br \/><\/strong>\u2714\ufe0f Rahustab, v\u00e4hendab punetust ja ebamugavustunnet.<br data-start=\"1117\" data-end=\"1120\" \/>\u2714\ufe0f Taastab naha barj\u00e4\u00e4ri ja niiskustasakaalu<br data-start=\"1162\" data-end=\"1165\" \/>\u2714\ufe0f Sobib tundlikule, \u00e4rritunud ja kuivale nahale.<br data-start=\"1221\" data-end=\"1224\" \/>\u2714\ufe0f Rikastatud keramiidide, taime\u00f5lide ja ens\u00fc\u00fcmidega.<br data-start=\"1286\" data-end=\"1289\" \/>\u2714\ufe0f Pakub pikaajalist mugavust<br data-start=\"1326\" data-end=\"1329\" \/>\u2714\ufe0f L\u00f5hnavaba, sobib kasutamiseks \u00f6\u00f6kreemina.<\/p>","protected":false},"featured_media":34596,"comment_status":"open","ping_status":"closed","template":"","meta":{"_acf_changed":false},"product_brand":[454],"product_cat":[55,92,59],"product_tag":[],"class_list":{"0":"post-34606","1":"product","2":"type-product","3":"status-publish","4":"has-post-thumbnail","6":"product_brand-skin1004","7":"product_cat-veido-kremai","8":"product_cat-groziui","9":"product_cat-veidui","11":"first","12":"outofstock","13":"shipping-taxable","14":"purchasable","15":"product-type-simple"},"acf":[],"tiered_pricing_type":"fixed","tiered_pricing_fixed_rules":[],"tiered_pricing_product_settings":{"layout":"default","base_unit_name":{"singular":null,"plural":null},"default_variation":null},"tiered_pricing_minimum_quantity":null,"tiered_pricing_roles_data":[],"tiered_pricing_percentage_rules":[],"_links":{"self":[{"href":"https:\/\/purama.lt\/ee\/wp-json\/wp\/v2\/product\/34606","targetHints":{"allow":["GET"]}}],"collection":[{"href":"https:\/\/purama.lt\/ee\/wp-json\/wp\/v2\/product"}],"about":[{"href":"https:\/\/purama.lt\/ee\/wp-json\/wp\/v2\/types\/product"}],"replies":[{"embeddable":true,"href":"https:\/\/purama.lt\/ee\/wp-json\/wp\/v2\/comments?post=34606"}],"wp:featuredmedia":[{"embeddable":true,"href":"https:\/\/purama.lt\/ee\/wp-json\/wp\/v2\/media\/34596"}],"wp:attachment":[{"href":"https:\/\/purama.lt\/ee\/wp-json\/wp\/v2\/media?parent=34606"}],"wp:term":[{"taxonomy":"product_brand","embeddable":true,"href":"https:\/\/purama.lt\/ee\/wp-json\/wp\/v2\/product_brand?post=34606"},{"taxonomy":"product_cat","embeddable":true,"href":"https:\/\/purama.lt\/ee\/wp-json\/wp\/v2\/product_cat?post=34606"},{"taxonomy":"product_tag","embeddable":true,"href":"https:\/\/purama.lt\/ee\/wp-json\/wp\/v2\/product_tag?post=34606"}],"curies":[{"name":"wp","href":"https:\/\/api.w.org\/{rel}","templated":true}]}}