{"id":34604,"date":"2025-05-13T07:55:09","date_gmt":"2025-05-13T07:55:09","guid":{"rendered":"https:\/\/purama.lt\/produktas\/skin1004-centella-tonizuojantis-tonikas-veidui\/"},"modified":"2026-04-10T13:03:30","modified_gmt":"2026-04-10T11:03:30","slug":"skin1004-centella-toniseeriv-toonik-naole","status":"publish","type":"product","link":"https:\/\/purama.lt\/ee\/produktas\/skin1004-centella-tonizuojantis-tonikas-veidui\/","title":{"rendered":"SKIN1004 Centella Toniseeriv toonik n\u00e4ole"},"content":{"rendered":"<p><strong>Kuidas kasutada:<\/strong> P\u00e4rast puhastamist kandke toonik vatipadjale v\u00f5i peopesadele ning kandke seda \u00f5rnalt n\u00e4ole ja kaelale. Laske imenduda, seej\u00e4rel kandke peale seerumit ja niisutavat kreemi. Kasutage hommikul ja \u00f5htul.<\/p>\n\n\n\n<hr class=\"wp-block-separator has-alpha-channel-opacity\" \/>\n\n\n\n<p><strong>Koostisained:<\/strong> Centella Asiatica ekstrakt, but\u00fcleengl\u00fckool, met\u00fc\u00fclpropandiool, niatsiinamiid, 1,2-heksandiool, gl\u00fctseriin, kaaliumgl\u00fctsirrhizaat, allantoiin, naatriumh\u00fcaluronaat, magekassosiid, Asiaticoside, Asiaticoside, Madecassic Acid, Panthenol, Adenosine, Water, Hydroxyethylcellulose, Carbomer, Arginine, Ethylhexylglycerin, Disodium EDTA, Citric Acid.<\/p>","protected":false},"excerpt":{"rendered":"<p data-start=\"136\" data-end=\"236\"><strong data-start=\"140\" data-end=\"236\">SKIN1004 Centella Toniseeriv toonik - \u00f5rn koorimine ja s\u00fcgavniisutav toime \u00fches.\u00a0<\/strong>Avastage tasakaal \u00f5rna naha uuendamise ja intensiivse niisutamise vahel koos <em data-start=\"315\" data-end=\"347\">SKIN1004 Centella Toniseeriv toonik<\/em>. See toonik on m\u00f5eldud tundlikule, deh\u00fcdreeritud ja tasakaalust v\u00e4ljas olevale nahale, mis mitte ainult ei eemalda surnud rakke, vaid ka rahustab, niisutab ja taastab naha loomuliku tasakaalu. Koostis on rikastatud <strong data-start=\"540\" data-end=\"571\">Aasia Centella ekstrakt<\/strong>, <strong data-start=\"573\" data-end=\"588\">niatsiinamiid<\/strong>, <strong data-start=\"590\" data-end=\"612\">h\u00fcaluroonhape<\/strong> ja <strong data-start=\"616\" data-end=\"629\">adenosiin<\/strong> - k\u00f5ik, mida vajate terve ja s\u00e4rava naha jaoks iga p\u00e4ev.<\/p>\n<p data-start=\"692\" data-end=\"723\"><strong data-start=\"699\" data-end=\"723\">Miks valida:<br \/><\/strong>\u2714\ufe0f Eemaldab \u00f5rnalt surnud rakud ilma \u00e4rrituseta.<br data-start=\"775\" data-end=\"778\" \/>\u2714\ufe0f Niisutab ja rahustab isegi tundlikku nahka.<br data-start=\"814\" data-end=\"817\" \/>\u2714\ufe0f Aitab v\u00e4hendada poore ja tasakaalustada rasu tootmist.<br data-start=\"870\" data-end=\"873\" \/>\u2714\ufe0f Annab s\u00e4ra ja \u00fchtlustab naha tooni.<br data-start=\"923\" data-end=\"926\" \/>\u2714\ufe0f Tugevdab naha kaitsvat barj\u00e4\u00e4ri.<br data-start=\"962\" data-end=\"965\" \/>\u2714\ufe0f Sobib igap\u00e4evaseks kasutamiseks hommikul ja \u00f5htul.<\/p>","protected":false},"featured_media":34594,"comment_status":"open","ping_status":"closed","template":"","meta":{"_acf_changed":false},"product_brand":[454],"product_cat":[220,92,59],"product_tag":[],"class_list":{"0":"post-34604","1":"product","2":"type-product","3":"status-publish","4":"has-post-thumbnail","6":"product_brand-skin1004","7":"product_cat-veido-tonikai","8":"product_cat-groziui","9":"product_cat-veidui","11":"first","12":"instock","13":"shipping-taxable","14":"purchasable","15":"product-type-simple"},"acf":[],"tiered_pricing_type":"fixed","tiered_pricing_fixed_rules":[],"tiered_pricing_product_settings":{"layout":"default","base_unit_name":{"singular":null,"plural":null},"default_variation":null},"tiered_pricing_minimum_quantity":null,"tiered_pricing_roles_data":[],"tiered_pricing_percentage_rules":[],"_links":{"self":[{"href":"https:\/\/purama.lt\/ee\/wp-json\/wp\/v2\/product\/34604","targetHints":{"allow":["GET"]}}],"collection":[{"href":"https:\/\/purama.lt\/ee\/wp-json\/wp\/v2\/product"}],"about":[{"href":"https:\/\/purama.lt\/ee\/wp-json\/wp\/v2\/types\/product"}],"replies":[{"embeddable":true,"href":"https:\/\/purama.lt\/ee\/wp-json\/wp\/v2\/comments?post=34604"}],"wp:featuredmedia":[{"embeddable":true,"href":"https:\/\/purama.lt\/ee\/wp-json\/wp\/v2\/media\/34594"}],"wp:attachment":[{"href":"https:\/\/purama.lt\/ee\/wp-json\/wp\/v2\/media?parent=34604"}],"wp:term":[{"taxonomy":"product_brand","embeddable":true,"href":"https:\/\/purama.lt\/ee\/wp-json\/wp\/v2\/product_brand?post=34604"},{"taxonomy":"product_cat","embeddable":true,"href":"https:\/\/purama.lt\/ee\/wp-json\/wp\/v2\/product_cat?post=34604"},{"taxonomy":"product_tag","embeddable":true,"href":"https:\/\/purama.lt\/ee\/wp-json\/wp\/v2\/product_tag?post=34604"}],"curies":[{"name":"wp","href":"https:\/\/api.w.org\/{rel}","templated":true}]}}