{"id":34603,"date":"2025-05-13T07:55:08","date_gmt":"2025-05-13T07:55:08","guid":{"rendered":"https:\/\/purama.lt\/produktas\/dr-althea-resveratrol-345na-intensyvus-atkuriamasis-kremas\/"},"modified":"2026-04-10T13:03:29","modified_gmt":"2026-04-10T11:03:29","slug":"dr-althea-resveratrol-345na-intensiivne-paranduskreem","status":"publish","type":"product","link":"https:\/\/purama.lt\/ee\/produktas\/dr-althea-resveratrol-345na-intensyvus-atkuriamasis-kremas\/","title":{"rendered":"Dr. Althea Resveratrol 345NA intensiivne paranduskreem"},"content":{"rendered":"<p><strong>Kuidas kasutada:<\/strong><br>Kandke v\u00e4ike kogus puhtale, toonitud n\u00e4ole ja kaelale. Masseerige \u00f5rnalt, kuni see on t\u00e4ielikult imendunud. Kasutage hommikul ja \u00f5htul.<\/p>\n\n\n\n<hr class=\"wp-block-separator has-alpha-channel-opacity\" \/>\n\n\n\n<p><strong>Koostisained:<\/strong><br>Vesi, gl\u00fctseriin, ts\u00fcklopentasiloksaan, met\u00fc\u00fclpropandiool, 1,2-heksandiool, biosahhariidkumm-1, isodets\u00fc\u00fclneopentanaat, h\u00fcdrogeenitud pol\u00fcisobuteen, dimetikoon, ammooniumakr\u00fc\u00fcldimet\u00fc\u00fcltauraat\/vp kopol\u00fcmeer, dimetikooni\/vin\u00fc\u00fcldimetikooni ristpol\u00fcmeer, Vetikate ekstrakt, Eclipta Prostrata Leaf Extract, Ficus Carica (Fig) Extract, Oenothera Biennis (Evening Primrose) Flower Extract, Perilla Ocymoides Leaf Extract, Lavandula Angustifolia (Lavendar) Flower Extract, Sargassum Fulvellum Extract, Centella Asiatica Leaf Extract, Houttuynia Cordata Extract, Calendula Officinalis Flower Extract, Propolis Extract, Hibiscus Sabdariffa Flower Extract, Melia Azadirachta Flower Extract, Melia Azadirachta Leaf Extract, Ulmus Davidiana juurte ekstrakt, Amaranthus Caudatus seemnete ekstrakt, Curcuma Longa (Tumeric) juurte ekstrakt, Ocimum Sanctum lehtede ekstrakt, Corallina Officinalis ekstrakt, h\u00fcdrogeenitud letsitiin, Pelargonium Graveolens \u00f5ie\u00f5li.<\/p>","protected":false},"excerpt":{"rendered":"<p data-start=\"173\" data-end=\"276\"><strong data-start=\"177\" data-end=\"276\">Dr. Althea Resveratrol 345NA on intensiivne paranduskreem s\u00e4rava ja tasakaalustatud naha jaoks.\u00a0<\/strong><em data-start=\"278\" data-end=\"331\">Dr. Althea Resveratrol 345NA intensiivne paranduskreem<\/em> - on kerge geelistruktuuriga kreem, mis on <strong data-start=\"378\" data-end=\"398\">kiire imendumine<\/strong>, <strong data-start=\"400\" data-end=\"425\">rahustab \u00e4rritunud nahka<\/strong> ja <strong data-start=\"429\" data-end=\"462\">pakub pikaajalist niisutust<\/strong>. Selle valemiga on rikastatud <strong data-start=\"487\" data-end=\"504\">resveratrooli<\/strong>, millel on antioks\u00fcdantsed omadused ja mis aitab v\u00f5idelda peente joonte ja enneaegse vananemise m\u00e4rkide vastu. Kreem sobib ideaalselt nii <strong data-start=\"656\" data-end=\"670\">akne puhul<\/strong>, tundlikule v\u00f5i kuivale nahale - see <strong data-start=\"714\" data-end=\"738\">taastab \u00f5rnalt<\/strong>, v\u00e4hendades punetust ja ebamugavustunnet. Ideaalne igap\u00e4evaseks kasutamiseks, hommikul ja \u00f5htul, pehme, \u00fchtlase ja terve v\u00e4limusega naha saavutamiseks. <\/p>\n<p><strong data-start=\"892\" data-end=\"916\">Miks valida:<br \/><\/strong>\u2714\ufe0f Rahustab \u00e4rritunud ja l\u00f6\u00f6vetele kalduvat nahka.<br data-start=\"964\" data-end=\"967\" \/>\u2714\ufe0f Resveratrooli aitab v\u00f5idelda vananemisilmingute vastu.<br data-start=\"1019\" data-end=\"1022\" \/>\u2714\ufe0f Niisutab s\u00fcgavuti ja tugevdab nahabarj\u00e4\u00e4ri.<br data-start=\"1064\" data-end=\"1067\" \/>\u2714\ufe0f Kerge geelstruktuur imendub kiiresti.<br data-start=\"1110\" data-end=\"1113\" \/>\u2714\ufe0f Sobib igap\u00e4evaseks kasutamiseks k\u00f5ikidele nahat\u00fc\u00fcpidele.<\/p>","protected":false},"featured_media":34593,"comment_status":"open","ping_status":"closed","template":"","meta":{"_acf_changed":false},"product_brand":[],"product_cat":[55,92,59],"product_tag":[],"class_list":{"0":"post-34603","1":"product","2":"type-product","3":"status-publish","4":"has-post-thumbnail","6":"product_cat-veido-kremai","7":"product_cat-groziui","8":"product_cat-veidui","10":"first","11":"outofstock","12":"shipping-taxable","13":"purchasable","14":"product-type-simple"},"acf":[],"tiered_pricing_type":"fixed","tiered_pricing_fixed_rules":[],"tiered_pricing_product_settings":{"layout":"default","base_unit_name":{"singular":null,"plural":null},"default_variation":null},"tiered_pricing_minimum_quantity":null,"tiered_pricing_roles_data":[],"tiered_pricing_percentage_rules":[],"_links":{"self":[{"href":"https:\/\/purama.lt\/ee\/wp-json\/wp\/v2\/product\/34603","targetHints":{"allow":["GET"]}}],"collection":[{"href":"https:\/\/purama.lt\/ee\/wp-json\/wp\/v2\/product"}],"about":[{"href":"https:\/\/purama.lt\/ee\/wp-json\/wp\/v2\/types\/product"}],"replies":[{"embeddable":true,"href":"https:\/\/purama.lt\/ee\/wp-json\/wp\/v2\/comments?post=34603"}],"wp:featuredmedia":[{"embeddable":true,"href":"https:\/\/purama.lt\/ee\/wp-json\/wp\/v2\/media\/34593"}],"wp:attachment":[{"href":"https:\/\/purama.lt\/ee\/wp-json\/wp\/v2\/media?parent=34603"}],"wp:term":[{"taxonomy":"product_brand","embeddable":true,"href":"https:\/\/purama.lt\/ee\/wp-json\/wp\/v2\/product_brand?post=34603"},{"taxonomy":"product_cat","embeddable":true,"href":"https:\/\/purama.lt\/ee\/wp-json\/wp\/v2\/product_cat?post=34603"},{"taxonomy":"product_tag","embeddable":true,"href":"https:\/\/purama.lt\/ee\/wp-json\/wp\/v2\/product_tag?post=34603"}],"curies":[{"name":"wp","href":"https:\/\/api.w.org\/{rel}","templated":true}]}}