{"id":34602,"date":"2025-05-13T07:55:08","date_gmt":"2025-05-13T07:55:08","guid":{"rendered":"https:\/\/purama.lt\/produktas\/tocobo-cotton-soft-saules-apsaugos-piestukas-spf50\/"},"modified":"2026-03-31T13:05:50","modified_gmt":"2026-03-31T11:05:50","slug":"tocobo-cotton-soft-paikesekaitse-pustol-spf50","status":"publish","type":"product","link":"https:\/\/purama.lt\/ee\/produktas\/tocobo-cotton-soft-saules-apsaugos-piestukas-spf50\/","title":{"rendered":"TOCOBO Cotton Soft p\u00e4ikesekaitsepliiats SPF50+"},"content":{"rendered":"<p><strong>Kuidas kasutada:<\/strong> Eemaldage kork, keerake alusp\u00f5hja ja kandke kergete liigutustega puhtale nahale viimase nahahooldusetapina. V\u00f5ib kasutada \u00fcle meigi. Kanna uuesti iga 2-3 tunni j\u00e4rel p\u00e4ikese k\u00e4es.<\/p>\n\n\n\n<hr class=\"wp-block-separator has-alpha-channel-opacity\" \/>\n\n\n\n<p><strong>Koostisained:<\/strong> S\u00fcnteetiline vaha, dibut\u00fc\u00fcladipaat, but\u00fcleengl\u00fckooldikapr\u00fclaat\/dikapraat, oktokr\u00fcleen, met\u00fc\u00fclmetakr\u00fclaadi ristpol\u00fcmeer, vin\u00fc\u00fcldimetikooni\/metikooni-silseskvioxaani ristpol\u00fcmeer, et\u00fc\u00fclheks\u00fc\u00fclmetoks\u00fckinnamaat, dikapr\u00fc\u00fcl\u00fc\u00fclkarbonaat, Cetyl Ethylhexanoate, Silica, Ethylhexyl Salicylate, Diethylamino Hydroxybenzoyl Hexyl Benzoate, Bis-Ethylhexylhexylphenol Methoxyphenyl Triazine, Tocopheryl Acetate, Ozokerite, Melia Azadirachta Leaf Extract, Melia Azadirachta \u00f5ieekstrakt, Coccinia Indica puuviljaekstrakt, Solanum Melongena (bakla\u017eaani) puuviljaekstrakt, Aloe Barbadensis \u00f5ieekstrakt, Cardiospermum Halicacabum \u00f5ie\/lehe\/puuekstrakt, Curcuma Longa (kurkumajuure) juurte ekstrakt, Corallina Officinalis Extract, Ocimum Sanctum Leaf Extract, Gossypium Herbaceum (Cotton) Extract, Sophora Flavescens Root Extract, Rheum Palmatum Root\/Stalk Extract, Scutellaria Baicalensis Root Extract.<\/p>","protected":false},"excerpt":{"rendered":"<p data-start=\"129\" data-end=\"209\"><strong data-start=\"133\" data-end=\"209\">TOCOBO Cotton Soft SPF50+ - kerge, matt ja tugev p\u00e4ikesekaitse.\u00a0<\/strong>P\u00e4ikesekaitse pole kunagi varem olnud nii mugav. <strong><em data-start=\"263\" data-end=\"293\">TOCOBO Cotton Soft Sun Stick<\/em><\/strong> - see on kerge konsistentsiga, <strong data-start=\"325\" data-end=\"355\">matt efekt<\/strong> P\u00e4ikesekaitsepliiats, mis on m\u00f5eldud igap\u00e4evaseks kasutamiseks ka k\u00f5ige tundlikumale nahale. Uuenduslik koostis ei kaitse mitte ainult kahjulike UV-kiirte eest (SPF50+ PA++++), vaid reguleerib ka rasueritust ja kaitseb nahka keskkonnam\u00f5jude eest. Sisaldab <strong data-start=\"607\" data-end=\"634\">taimne AC kompleks<\/strong> (kombinatsioon aloe verast, puuvillast, kurkumast, bakucioli taimest ja muudest ekstraktidest) rahustab, v\u00e4hendab punetust ja aitab kaasa tervema v\u00e4limusega naha saavutamisele. Koostis on valge triibuvaba ja ei raskenda nahka - ideaalne ka p\u00e4evasel ajal jumestuskreemi v\u00f5i v\u00e4rskendava meigi pealekandmiseks. <\/p>\n<p><strong data-start=\"912\" data-end=\"936\">Miks valida:<br \/><\/strong>\u2714\ufe0f K\u00f5rgetasemeline kaitse UVA ja UVB kiirte eest (SPF50+ PA++++).<br data-start=\"1002\" data-end=\"1005\" \/>\u2714\ufe0f Annab pehme mati efekti - ilma rasvasuse ja l\u00e4ikimata.<br data-start=\"1063\" data-end=\"1066\" \/>\u2714\ufe0f Rahustab nahka taimse AC-kompleksiga.<br data-start=\"1103\" data-end=\"1106\" \/>\u2714\ufe0f Kontrollib rasu ja niisutab<br data-start=\"1139\" data-end=\"1142\" \/>\u2714\ufe0f Sobib k\u00f5ikidele nahat\u00fc\u00fcpidele, sealhulgas tundlikule nahale.<br data-start=\"1184\" data-end=\"1187\" \/>\u2714\ufe0f Ideaalne p\u00e4evaseks korduvkasutamiseks<\/p>","protected":false},"featured_media":34592,"comment_status":"open","ping_status":"closed","template":"","meta":{"_acf_changed":false},"product_brand":[],"product_cat":[59,92,299],"product_tag":[],"class_list":{"0":"post-34602","1":"product","2":"type-product","3":"status-publish","4":"has-post-thumbnail","6":"product_cat-veidui","7":"product_cat-groziui","8":"product_cat-kremai-nuo-saules-veidui","10":"first","11":"instock","12":"shipping-taxable","13":"purchasable","14":"product-type-simple"},"acf":[],"tiered_pricing_type":"fixed","tiered_pricing_fixed_rules":[],"tiered_pricing_product_settings":{"layout":"default","base_unit_name":{"singular":null,"plural":null},"default_variation":null},"tiered_pricing_minimum_quantity":null,"tiered_pricing_roles_data":[],"tiered_pricing_percentage_rules":[],"_links":{"self":[{"href":"https:\/\/purama.lt\/ee\/wp-json\/wp\/v2\/product\/34602","targetHints":{"allow":["GET"]}}],"collection":[{"href":"https:\/\/purama.lt\/ee\/wp-json\/wp\/v2\/product"}],"about":[{"href":"https:\/\/purama.lt\/ee\/wp-json\/wp\/v2\/types\/product"}],"replies":[{"embeddable":true,"href":"https:\/\/purama.lt\/ee\/wp-json\/wp\/v2\/comments?post=34602"}],"wp:featuredmedia":[{"embeddable":true,"href":"https:\/\/purama.lt\/ee\/wp-json\/wp\/v2\/media\/34592"}],"wp:attachment":[{"href":"https:\/\/purama.lt\/ee\/wp-json\/wp\/v2\/media?parent=34602"}],"wp:term":[{"taxonomy":"product_brand","embeddable":true,"href":"https:\/\/purama.lt\/ee\/wp-json\/wp\/v2\/product_brand?post=34602"},{"taxonomy":"product_cat","embeddable":true,"href":"https:\/\/purama.lt\/ee\/wp-json\/wp\/v2\/product_cat?post=34602"},{"taxonomy":"product_tag","embeddable":true,"href":"https:\/\/purama.lt\/ee\/wp-json\/wp\/v2\/product_tag?post=34602"}],"curies":[{"name":"wp","href":"https:\/\/api.w.org\/{rel}","templated":true}]}}