{"id":34601,"date":"2025-05-13T07:55:07","date_gmt":"2025-05-13T07:55:07","guid":{"rendered":"https:\/\/purama.lt\/produktas\/cosrx-full-fit-propolis-light-ampoule-veido-serumas-su-juoduju-biciu-propolio-ekstraktu\/"},"modified":"2026-04-10T13:03:29","modified_gmt":"2026-04-10T11:03:29","slug":"cosrx-full-fit-propolis-light-ampull-naoseerum-musta-puhvlipropolise-ekstraktiga","status":"publish","type":"product","link":"https:\/\/purama.lt\/ee\/produktas\/cosrx-full-fit-propolis-light-ampoule-veido-serumas-su-juoduju-biciu-propolio-ekstraktu\/","title":{"rendered":"COSRX Full Fit Propolis Light Ampoule n\u00e4oseerum musta mesilase propolise ekstraktiga"},"content":{"rendered":"<p><strong>Kuidas kasutada:<\/strong><br>Kandke hommikuti ja\/v\u00f5i \u00f5htuti puhtale, toonustatud nahale. Jagage \u00f5rnalt masseerides n\u00e4ole, kaelale ja dekolteele. Seej\u00e4rel kasutage kreemi v\u00f5i muid hooldustooteid.<\/p>\n\n\n\n<hr class=\"wp-block-separator has-alpha-channel-opacity\" \/>\n\n\n\n<p><strong>Koostisained:<\/strong> Propolise ekstrakt, but\u00fcleengl\u00fckool, gl\u00fctseriin, betaiin, 1,2-heksandiool, Cassia Obtusifolia seemneekstrakt, naatriumh\u00fcaluronaat, h\u00fcdroks\u00fcet\u00fc\u00fcltselluloos, karbomeer, pantenool, arginiin.<\/p>\n\n\n\n<p>Kas otsite rohkem? Vaadake t\u00e4ielikku <a href=\"\/ee\/tootesildid\/cosrx\/\">COSRX tooted<\/a>.<\/p>","protected":false},"excerpt":{"rendered":"<p data-start=\"127\" data-end=\"221\"><strong data-start=\"131\" data-end=\"221\">COSRX Full Fit Propolis Light Ampoule - intensiivne s\u00e4ra ja kaitse tundlikule nahale.\u00a0<\/strong>Kogege mesilaste loomulikku j\u00f5udu oma nahal koos <em data-start=\"278\" data-end=\"317\">COSRX Full Fit Propolis Light ampull<\/em>. See kerge, kuid intensiivne seerum isegi <strong data-start=\"374\" data-end=\"414\">83% musta mesilase propolise ekstrakt<\/strong> rahustab, taastab ja tugevdab naha kaitsebarj\u00e4\u00e4ri. See on ideaalne valik kuivale, \u00e4rritunud v\u00f5i laienenud nahale, mis otsib eluj\u00f5udu ja elastsust.\u00a0<strong data-start=\"578\" data-end=\"590\">Propolis<\/strong>koos <strong data-start=\"601\" data-end=\"623\">h\u00fcaluroonhape<\/strong> ja <strong data-start=\"627\" data-end=\"641\">pantenool<\/strong>, tagab s\u00fcgava niiskuse ja annab nahale loomuliku s\u00e4ra. Vaatamata oma viskoosse tekstuuri t\u00f5ttu imendub seerum kiiresti, ei tundu kleepuvana ja sulandub ideaalselt meigiga.<\/p>\n<p data-start=\"821\" data-end=\"852\"><strong data-start=\"828\" data-end=\"852\">Miks valida:<br \/><\/strong>\u2714\ufe0f 83% Must mesilaspropolise ekstrakt - rahustamiseks ja barj\u00e4\u00e4ri tugevdamiseks.<br data-start=\"928\" data-end=\"931\" \/>\u2714\ufe0f H\u00fcaluroonhape - pikaajaline niisutus<br data-start=\"975\" data-end=\"978\" \/>\u2714\ufe0f Panthenol - naha parandamine ja kaitse<br data-start=\"1020\" data-end=\"1023\" \/>\u2714\ufe0f Puhastab ja annab eluj\u00f5udu<br data-start=\"1059\" data-end=\"1062\" \/>\u2714\ufe0f Ideaalne tundlikule, deh\u00fcdreeritud, punetavale nahale.<br data-start=\"1120\" data-end=\"1123\" \/>\u2714\ufe0f Ideaalne kasutada meigi all, ilma et see koormaks nahka.<\/p>","protected":false},"featured_media":34591,"comment_status":"open","ping_status":"closed","template":"","meta":{"_acf_changed":false},"product_brand":[418],"product_cat":[56,92,59],"product_tag":[],"class_list":{"0":"post-34601","1":"product","2":"type-product","3":"status-publish","4":"has-post-thumbnail","6":"product_brand-cosrx","7":"product_cat-veido-serumai","8":"product_cat-groziui","9":"product_cat-veidui","11":"first","12":"instock","13":"shipping-taxable","14":"purchasable","15":"product-type-simple"},"acf":[],"tiered_pricing_type":"fixed","tiered_pricing_fixed_rules":[],"tiered_pricing_product_settings":{"layout":"default","base_unit_name":{"singular":null,"plural":null},"default_variation":null},"tiered_pricing_minimum_quantity":null,"tiered_pricing_roles_data":[],"tiered_pricing_percentage_rules":[],"_links":{"self":[{"href":"https:\/\/purama.lt\/ee\/wp-json\/wp\/v2\/product\/34601","targetHints":{"allow":["GET"]}}],"collection":[{"href":"https:\/\/purama.lt\/ee\/wp-json\/wp\/v2\/product"}],"about":[{"href":"https:\/\/purama.lt\/ee\/wp-json\/wp\/v2\/types\/product"}],"replies":[{"embeddable":true,"href":"https:\/\/purama.lt\/ee\/wp-json\/wp\/v2\/comments?post=34601"}],"wp:featuredmedia":[{"embeddable":true,"href":"https:\/\/purama.lt\/ee\/wp-json\/wp\/v2\/media\/34591"}],"wp:attachment":[{"href":"https:\/\/purama.lt\/ee\/wp-json\/wp\/v2\/media?parent=34601"}],"wp:term":[{"taxonomy":"product_brand","embeddable":true,"href":"https:\/\/purama.lt\/ee\/wp-json\/wp\/v2\/product_brand?post=34601"},{"taxonomy":"product_cat","embeddable":true,"href":"https:\/\/purama.lt\/ee\/wp-json\/wp\/v2\/product_cat?post=34601"},{"taxonomy":"product_tag","embeddable":true,"href":"https:\/\/purama.lt\/ee\/wp-json\/wp\/v2\/product_tag?post=34601"}],"curies":[{"name":"wp","href":"https:\/\/api.w.org\/{rel}","templated":true}]}}