{"id":34600,"date":"2025-05-13T07:55:06","date_gmt":"2025-05-13T07:55:06","guid":{"rendered":"https:\/\/purama.lt\/produktas\/skin1004-madagascar-centella-probio-cica-intensyvus-serumas\/"},"modified":"2026-04-10T13:03:28","modified_gmt":"2026-04-10T11:03:28","slug":"skin1004-madagaskari-centella-probio-cica-intensiivseerum","status":"publish","type":"product","link":"https:\/\/purama.lt\/ee\/produktas\/skin1004-madagascar-centella-probio-cica-intensyvus-serumas\/","title":{"rendered":"SKIN1004 Madagaskar Centella Probio-Cica intensiivseerum"},"content":{"rendered":"<p><strong>Kuidas kasutada:<\/strong><\/p>\n\n\n\n<p>Kandke v\u00e4ike kogus seerumit puhastatud ja toonitud nahale. Masseerige seda \u00f5rnalt n\u00e4ole, kaelale v\u00f5i dekolteele, kuni see on t\u00e4ielikult imendunud. Seej\u00e4rel kasutage niisutavat kreemi. Kasutage hommikul ja\/v\u00f5i \u00f5htul.<\/p>\n\n\n\n<hr class=\"wp-block-separator has-alpha-channel-opacity\"\/>\n\n\n\n<p><strong>Koostisained:<\/strong> Centella Asiatica ekstrakt, gl\u00fctseriin, met\u00fc\u00fclpropaandiool, propaandiool, but\u00fcleengl\u00fckool, 1,2-heksandiool, niatsiinamiid, dikaaliumgl\u00fctsirrhizaat, betaiin, pantenool, h\u00fcdrogeenitud letsitiin, naatriumh\u00fcaluronaat, h\u00fcdrol\u00fc\u00fcsitud h\u00fcaluroonhape, magekassosiid, asiaatsiid, asiaatiline hape, magekassiinhape, Ceramide NP, Ceramide NS, Ceramide EOP, Ceramide AP, Ceramide AS, Allantoin, Adenosine, Phytosphingosine, Squalane, Hydrogenated Poly(C6-14 Olefin), Hydroxyethylcellulose, Carbomer, Arginine, Disodium EDTA, Ethylhexylglycerin, Lactobacillus\/Centella Asiatica Extract Ferment Filtrate.<\/p>","protected":false},"excerpt":{"rendered":"<p data-start=\"182\" data-end=\"293\"><strong data-start=\"186\" data-end=\"293\">SKIN1004 Centella Probio-Cica intensiivseerum - s\u00fcgavniisutav ja parandav ampull tundlikule nahale.\u00a0<\/strong>Otsid t\u00f5husat abin\u00f5u tundliku, kuiva v\u00f5i \u00e4rritunud naha jaoks? <em data-start=\"363\" data-end=\"423\">SKIN1004 Madagaskar Centella Probio-Cica intensiivne ampulss<\/em> - on intensiivne n\u00e4oseerum, mis taastab, rahustab ja niisutab isegi k\u00f5ige tundlikumat nahka. Koostis on v\u00e4lja t\u00f6\u00f6tatud koos <strong data-start=\"543\" data-end=\"568\">Probio-Cica kompleks<\/strong>mis \u00fchendab <strong data-start=\"587\" data-end=\"631\">Aasia tsentella k\u00e4\u00e4ritatud ekstraktid<\/strong>, keramiidid, allantoiin, niatsinamiid ja h\u00fcaluronaat - v\u00f5imas segu, mis tugevdab barj\u00e4\u00e4ri ja parandab naha seisundit. Seerum mitte ainult ei paranda naha vastupanuv\u00f5imet keskkonnam\u00f5judele, vaid ka <strong data-start=\"819\" data-end=\"861\">kirgastab, silub ja v\u00e4hendab \u00e4rritust<\/strong>, aidates kaasa vananemisilmingute ennetamisele. Ideaalne igap\u00e4evaseks hoolduseks nahale, mis vajab erakordset pehmust ja s\u00fcgavat hooldust. <\/p>\n<p><strong data-start=\"1025\" data-end=\"1049\">Miks valida:<br \/><\/strong>\u2714\ufe0f Taastab ja niisutab isegi v\u00e4ga tundlikku v\u00f5i kahjustatud nahka.<br data-start=\"1109\" data-end=\"1112\" \/>\u2714\ufe0f Tugevdab naha kaitsvat barj\u00e4\u00e4ri.<br data-start=\"1146\" data-end=\"1149\" \/>\u2714\ufe0f Rahustab ja v\u00e4hendab punetust ja \u00e4rritust.<br data-start=\"1194\" data-end=\"1197\" \/>\u2714\ufe0f Helendab ja kirgastab nahka, \u00fchtlustab tooni.<br data-start=\"1243\" data-end=\"1246\" \/>\u2714\ufe0f Sobib kuivale, tundlikule, k\u00fcpsele v\u00f5i \u00e4rritunud nahale.<br data-start=\"1302\" data-end=\"1305\" \/>\u2714\ufe0f L\u00f5hnavaba, vegan koostis<\/p>","protected":false},"featured_media":34590,"comment_status":"open","ping_status":"closed","template":"","meta":{"_acf_changed":false},"product_brand":[454],"product_cat":[56,92,59],"product_tag":[],"class_list":{"0":"post-34600","1":"product","2":"type-product","3":"status-publish","4":"has-post-thumbnail","6":"product_brand-skin1004","7":"product_cat-veido-serumai","8":"product_cat-groziui","9":"product_cat-veidui","11":"first","12":"instock","13":"shipping-taxable","14":"purchasable","15":"product-type-simple"},"acf":[],"tiered_pricing_type":"fixed","tiered_pricing_fixed_rules":[],"tiered_pricing_product_settings":{"layout":"default","base_unit_name":{"singular":null,"plural":null},"default_variation":null},"tiered_pricing_minimum_quantity":null,"tiered_pricing_roles_data":[],"tiered_pricing_percentage_rules":[],"_links":{"self":[{"href":"https:\/\/purama.lt\/ee\/wp-json\/wp\/v2\/product\/34600","targetHints":{"allow":["GET"]}}],"collection":[{"href":"https:\/\/purama.lt\/ee\/wp-json\/wp\/v2\/product"}],"about":[{"href":"https:\/\/purama.lt\/ee\/wp-json\/wp\/v2\/types\/product"}],"replies":[{"embeddable":true,"href":"https:\/\/purama.lt\/ee\/wp-json\/wp\/v2\/comments?post=34600"}],"wp:featuredmedia":[{"embeddable":true,"href":"https:\/\/purama.lt\/ee\/wp-json\/wp\/v2\/media\/34590"}],"wp:attachment":[{"href":"https:\/\/purama.lt\/ee\/wp-json\/wp\/v2\/media?parent=34600"}],"wp:term":[{"taxonomy":"product_brand","embeddable":true,"href":"https:\/\/purama.lt\/ee\/wp-json\/wp\/v2\/product_brand?post=34600"},{"taxonomy":"product_cat","embeddable":true,"href":"https:\/\/purama.lt\/ee\/wp-json\/wp\/v2\/product_cat?post=34600"},{"taxonomy":"product_tag","embeddable":true,"href":"https:\/\/purama.lt\/ee\/wp-json\/wp\/v2\/product_tag?post=34600"}],"curies":[{"name":"wp","href":"https:\/\/api.w.org\/{rel}","templated":true}]}}