{"id":34477,"date":"2025-05-07T09:37:23","date_gmt":"2025-05-07T09:37:23","guid":{"rendered":"https:\/\/purama.lt\/produktas\/medica-group-winwoman-kapsules-moterims\/"},"modified":"2026-04-13T16:50:27","modified_gmt":"2026-04-13T14:50:27","slug":"medica-group-winwoman-kapslid-naistele","status":"publish","type":"product","link":"https:\/\/purama.lt\/ee\/produktas\/medica-group-winwoman-kapsules-moterims\/","title":{"rendered":"MEDICA GROUP WinWoman kapslid naistele"},"content":{"rendered":"<p><strong>Kasutamine<\/strong>:<br>V\u00f5tke 1 kapsel kaks korda p\u00e4evas koos klaasi veega. \u00c4rge \u00fcletage soovitatud p\u00e4evast annust. Parimate tulemuste saavutamiseks on soovitatav v\u00f5tta toodet v\u00e4hemalt 4-6 n\u00e4dala jooksul.<\/p>\n\n\n\n<p><strong>Koostisained:<\/strong><br>L-arginiin, \u017eelatiin, Acanthopanax Senticoccus ekstrakt, Maca ekstrakt, Sarsaparilla ekstrakt, Tribulus Terrestris ekstrakt, Musta seemne ekstrakt, t\u00e4iteaine: mikrokristalliline tselluloos.<\/p>\n\n\n\n<p><strong>Maca juure ekstrakt<\/strong> - Stimuleerib libiido, suurendab energiat ja parandab meeleolu.<br><strong>\u017den\u0161enn<\/strong> - suurendab vastupidavust, v\u00e4hendab stressi ja parandab suguelundite vereringet.<br><strong>Tribulus terrestris<\/strong> - looduslik afrodisiaakum, mis toetab libiido kasvu.<br><strong>L-arginiin<\/strong> - parandab verevoolu intiimsetesse piirkondadesse, suurendades seksuaalset tunnet.<\/p>\n\n\n\n<p><strong>Kasutajate tagasiside<\/strong>:<br>Uuringud n\u00e4itavad, et 88% naised, kes v\u00f5tsid <strong>WinWoman<\/strong> kapslid, m\u00e4rkasid libiido t\u00f5usu juba 14 p\u00e4eva p\u00e4rast. 81% kasutajad kogesid intensiivsemaid seksuaaltundeid, samal ajal kui 90% teatasid paranenud meeleolu ja energiatasemest. Need tulemused n\u00e4itavad, kuidas see toode v\u00f5ib parandada naiste elukvaliteeti ja anda rohkem energiat igap\u00e4evaeluks.<\/p>\n\n\n\n<p><\/p>","protected":false},"excerpt":{"rendered":"<p class=\"\" data-start=\"45\" data-end=\"384\"><strong data-start=\"45\" data-end=\"57\">WinWoman<\/strong> kapslid - uuenduslik toidulisand naistele, kes soovivad suurendada oma eluj\u00f5udu, parandada oma intiimelu ja suurendada libiido. Hoolikalt valitud segu looduslikest taimeekstraktidest ja vitamiinidest <strong>hoiab naised ergastunud, parandab vereringet erogeensetes tsoonides ja aitab saavutada intensiivsemaid seksuaaltervusi<\/strong>.\u00a0<strong data-start=\"386\" data-end=\"398\">WinWoman<\/strong> Kapslid on ainulaadne kombinatsioon looduslikest koostisosadest, mis toimivad mitmel viisil, alates genitaalide vereringe parandamisest kuni energia ja eluj\u00f5u suurendamiseni ning seksuaalsete tunnete suurendamiseni. T\u00e4nu unikaalsele valemile, mis sisaldab taimseid ekstrakte, nagu \u017een\u0161enn, maca ja tribulus terrestris, stimuleerib toode libiido ja intensiivistab seksuaalkogemust. <strong>Kapslite regulaarne kasutamine s\u00e4ilitab ka hormonaalset tasakaalu ja aitab v\u00e4hendada stressi, mis v\u00f5ib teie intiimelu negatiivselt m\u00f5jutada.<\/strong><\/p>\n<p class=\"\" data-start=\"1765\" data-end=\"1807\"><strong data-start=\"1765\" data-end=\"1807\">Miks valida WinWoman kapslid?<br \/><\/strong>\u2714\ufe0f Toetab libiido ja seksuaaltervist\u00a0<br data-start=\"1975\" data-end=\"1978\" \/>\u2714\ufe0f Suurendab energiat ja eluj\u00f5udu<br data-start=\"2076\" data-end=\"2079\" \/>\u2714\ufe0f Parandab vereringet erogeensetes tsoonides<br data-start=\"2232\" data-end=\"2235\" \/>\u2714\ufe0f T\u00f6\u00f6tab erinevatel tasanditel<\/p>","protected":false},"featured_media":34497,"comment_status":"open","ping_status":"closed","template":"","meta":{"_acf_changed":false},"product_brand":[406],"product_cat":[57,278,276],"product_tag":[],"class_list":{"0":"post-34477","1":"product","2":"type-product","3":"status-publish","4":"has-post-thumbnail","6":"product_brand-medica-group","7":"product_cat-akcijos","8":"product_cat-moterims","9":"product_cat-seksualinei-sveikatai","11":"first","12":"instock","13":"sale","14":"shipping-taxable","15":"purchasable","16":"product-type-simple"},"acf":[],"tiered_pricing_type":"fixed","tiered_pricing_fixed_rules":[],"tiered_pricing_product_settings":{"layout":"default","base_unit_name":{"singular":null,"plural":null},"default_variation":null},"tiered_pricing_minimum_quantity":null,"tiered_pricing_roles_data":[],"tiered_pricing_percentage_rules":[],"_links":{"self":[{"href":"https:\/\/purama.lt\/ee\/wp-json\/wp\/v2\/product\/34477","targetHints":{"allow":["GET"]}}],"collection":[{"href":"https:\/\/purama.lt\/ee\/wp-json\/wp\/v2\/product"}],"about":[{"href":"https:\/\/purama.lt\/ee\/wp-json\/wp\/v2\/types\/product"}],"replies":[{"embeddable":true,"href":"https:\/\/purama.lt\/ee\/wp-json\/wp\/v2\/comments?post=34477"}],"wp:featuredmedia":[{"embeddable":true,"href":"https:\/\/purama.lt\/ee\/wp-json\/wp\/v2\/media\/34497"}],"wp:attachment":[{"href":"https:\/\/purama.lt\/ee\/wp-json\/wp\/v2\/media?parent=34477"}],"wp:term":[{"taxonomy":"product_brand","embeddable":true,"href":"https:\/\/purama.lt\/ee\/wp-json\/wp\/v2\/product_brand?post=34477"},{"taxonomy":"product_cat","embeddable":true,"href":"https:\/\/purama.lt\/ee\/wp-json\/wp\/v2\/product_cat?post=34477"},{"taxonomy":"product_tag","embeddable":true,"href":"https:\/\/purama.lt\/ee\/wp-json\/wp\/v2\/product_tag?post=34477"}],"curies":[{"name":"wp","href":"https:\/\/api.w.org\/{rel}","templated":true}]}}