{"id":34476,"date":"2025-05-07T09:37:22","date_gmt":"2025-05-07T09:37:22","guid":{"rendered":"https:\/\/purama.lt\/produktas\/medica-group-super-orgasm-stop-kapsules-vyrams\/"},"modified":"2026-04-14T11:20:21","modified_gmt":"2026-04-14T09:20:21","slug":"medica-group-super-orgasm-stop-kapslid-meestele","status":"publish","type":"product","link":"https:\/\/purama.lt\/ee\/produktas\/medica-group-super-orgasm-stop-kapsules-vyrams\/","title":{"rendered":"MEDICA GROUP Super Orgasm Stop kapslid meestele"},"content":{"rendered":"<p><strong>Kasutamine<\/strong><br>V\u00f5tke 1 kapsel kaks korda p\u00e4evas koos v\u00e4ikese koguse veega. \u00c4rge \u00fcletage soovitatud annust. Parimate tulemuste saavutamiseks kasutage regulaarselt.<\/p>\n\n\n\n<p><strong>Koostisained:<\/strong><br>Maca ekstrakt, L-arginiin, \u017eelatiin, Sarsaparilla ekstrakt, Tribulus Terrestris ekstrakt, Ameerika \u017een\u0161enni ekstrakt, Avena Sativa ekstrakt, t\u00e4iteaine: mikrokristalliline tselluloos.<\/p>\n\n\n\n<p><strong>Toimeained<\/strong><\/p>\n\n\n\n<ul class=\"wp-block-list\">\n<li><strong>L-arginiin<\/strong> - parandab vereringet ja seksuaalset vastupidavust.<\/li>\n\n\n\n<li><strong>\u017een\u0161enni ekstrakt<\/strong> - suurendab energiat ja parandab seksuaalfunktsiooni.<\/li>\n\n\n\n<li><strong>Avena Sativa ekstrakt<\/strong> - rahustab ja s\u00e4ilitab emotsionaalse tasakaalu.<\/li>\n<\/ul>","protected":false},"excerpt":{"rendered":"<p><strong data-start=\"616\" data-end=\"646\">Super Orgasm Stop kapslid<\/strong> sisaldab ainulaadset looduslike koostisosade kombinatsiooni, mis <strong>aitab meestel kontrollida ejakulatsiooniaega, pikendada vahekorda ja suurendada enesekindlust voodis<\/strong>. See valem sisaldab taimeekstrakte, aminohappeid ja vitamiine, mis on spetsiaalselt valitud toetama n\u00e4rvis\u00fcsteemi, parandama vereringet ja v\u00e4hendama \u00fclitundlikkust stiimulite suhtes. Regulaarne kasutamine <strong>aitab saavutada paremat ejakulatsiooni kontrolli<\/strong>mis v\u00f5imaldab teil nautida pikemaid ja nauditavamaid intiimseid hetki. <strong data-start=\"1146\" data-end=\"1167\">Super Orgasm Stop<\/strong> - ideaalne lahendus meestele, kes soovivad parandada oma seksuaalset v\u00f5imekust ja pakkuda oma partnerile unustamatut naudingut.<\/p>\n<p><strong data-start=\"1921\" data-end=\"1945\">Miks valida?<\/strong><br data-start=\"1945\" data-end=\"1948\" \/>\u2714\ufe0f Pikendab seksuaalvahekorra kestust.<br data-start=\"1988\" data-end=\"1991\" \/>\u2714\ufe0f Kontrollib ejakulatsiooni<br data-start=\"2023\" data-end=\"2026\" \/>\u2714\ufe0f Suurendab enesekindlust ja naudingut<\/p>\n<p>MAKSIMAALSE EFEKTI SAAVUTAMISEKS VALIGE T\u00c4IELIK 3-KUULINE KUUR JA S\u00c4\u00c4STKE VEELGI ROHKEM. 3 PAKENDIT = 3-KUULINE KUUR, ROHKEM PAKENDEID \u2013 MADALAM HIND TOOTE\u00dcHIKU KOHTA.<\/p>","protected":false},"featured_media":34488,"comment_status":"open","ping_status":"closed","template":"","meta":{"_acf_changed":false},"product_brand":[406],"product_cat":[276,57,277],"product_tag":[],"class_list":{"0":"post-34476","1":"product","2":"type-product","3":"status-publish","4":"has-post-thumbnail","6":"product_brand-medica-group","7":"product_cat-seksualinei-sveikatai","8":"product_cat-akcijos","9":"product_cat-vyrams","11":"first","12":"instock","13":"sale","14":"shipping-taxable","15":"purchasable","16":"product-type-simple"},"acf":[],"tiered_pricing_type":"fixed","tiered_pricing_fixed_rules":{"3":15.59,"5":14.39},"tiered_pricing_product_settings":{"layout":"default","base_unit_name":{"singular":null,"plural":null},"default_variation":null},"tiered_pricing_minimum_quantity":null,"tiered_pricing_roles_data":[],"tiered_pricing_percentage_rules":[],"_links":{"self":[{"href":"https:\/\/purama.lt\/ee\/wp-json\/wp\/v2\/product\/34476","targetHints":{"allow":["GET"]}}],"collection":[{"href":"https:\/\/purama.lt\/ee\/wp-json\/wp\/v2\/product"}],"about":[{"href":"https:\/\/purama.lt\/ee\/wp-json\/wp\/v2\/types\/product"}],"replies":[{"embeddable":true,"href":"https:\/\/purama.lt\/ee\/wp-json\/wp\/v2\/comments?post=34476"}],"wp:featuredmedia":[{"embeddable":true,"href":"https:\/\/purama.lt\/ee\/wp-json\/wp\/v2\/media\/34488"}],"wp:attachment":[{"href":"https:\/\/purama.lt\/ee\/wp-json\/wp\/v2\/media?parent=34476"}],"wp:term":[{"taxonomy":"product_brand","embeddable":true,"href":"https:\/\/purama.lt\/ee\/wp-json\/wp\/v2\/product_brand?post=34476"},{"taxonomy":"product_cat","embeddable":true,"href":"https:\/\/purama.lt\/ee\/wp-json\/wp\/v2\/product_cat?post=34476"},{"taxonomy":"product_tag","embeddable":true,"href":"https:\/\/purama.lt\/ee\/wp-json\/wp\/v2\/product_tag?post=34476"}],"curies":[{"name":"wp","href":"https:\/\/api.w.org\/{rel}","templated":true}]}}