{"id":34475,"date":"2025-05-07T09:37:22","date_gmt":"2025-05-07T09:37:22","guid":{"rendered":"https:\/\/purama.lt\/produktas\/medica-group-orgasm-max-kapsules-moterims\/"},"modified":"2026-04-26T14:45:44","modified_gmt":"2026-04-26T12:45:44","slug":"medica-group-orgasm-max-kapslid-naistele","status":"publish","type":"product","link":"https:\/\/purama.lt\/ee\/produktas\/medica-group-orgasm-max-kapsules-moterims\/","title":{"rendered":"MEDICA GROUP Orgasm Max kapslid naistele"},"content":{"rendered":"<p><strong>Kasutamine<\/strong><br>V\u00f5tke \u00fcks kapsel kaks korda p\u00e4evas koos v\u00e4ikese koguse veega. \u00c4rge \u00fcletage soovitatud annust. Parimate tulemuste saavutamiseks kasutage regulaarselt. Seda toodet ei tohi kasutada isikud, kes on allergilised \u00fchegi koostisosa suhtes.<\/p>\n\n\n\n<p><strong>Koostisained:<\/strong><br>L-arginiin, Maca-juure ekstrakt 4:1, \u017een\u0161enni juure ekstrakt 4:1, \u017eelatiin, kofeiin, maltodekstriin, k\u00fclmumisvastane aine: magneesiumsoolad, v\u00e4rv: indigokarmiin.<\/p>\n\n\n\n<p><strong>Toimeained<\/strong><\/p>\n\n\n\n<ul class=\"wp-block-list\">\n<li><strong>L-arginiin<\/strong> - aminohape, mis toetab vasodilatatsiooni, suurendades potentsiaalselt verevoolu intiimsetesse piirkondadesse ja suurendades seksuaalset tunnet.<\/li>\n\n\n\n<li><strong>Maca juure ekstrakt 4:1<\/strong> - Tuntud oma omaduste poolest suurendada libiido ja parandada naiste seksuaalset funktsiooni.<\/li>\n\n\n\n<li><strong>\u017een\u0161enni juurte ekstrakt 4:1<\/strong> - looduslik afrodisiaakum, mis v\u00f5ib suurendada energiat, eluj\u00f5udu ja parandada vereringet.<\/li>\n\n\n\n<li><strong>Kofeiin<\/strong> - stimulant, mis v\u00f5ib suurendada energiataset ja t\u00e4helepanelikkust, millel on positiivne m\u00f5ju seksuaalsele j\u00f5udlusele.<\/li>\n<\/ul>","protected":false},"excerpt":{"rendered":"<p><strong data-start=\"241\" data-end=\"273\">Orgasm Max kapslid naistele<\/strong> - on uuenduslik toidulisand, mis on m\u00f5eldud naistele, kes soovivad parandada oma intiimelu ja suurendada naudingut. Kapsel sisaldab unikaalseid looduslikke koostisosi, nagu macajuure ekstrakt, tribulus terrestris, \u017een\u0161enn ja ginkgo biloba ekstrakt, mis <strong>toetab hormonaalset s\u00fcsteemi, parandab mikrotsirkulatsiooni ja suurendab tundlikkust seksuaalvahekorra ajal<\/strong>. Tavaline <strong data-start=\"652\" data-end=\"684\">Orgasm Max kapslid naistele<\/strong> kasutamine aitab intensiivistada tundeid ja parandada rahulolu intiimsuhetes. <\/p>\n<p><strong data-start=\"1804\" data-end=\"1828\">Miks valida?<\/strong><br data-start=\"1828\" data-end=\"1831\" \/>\u2714\ufe0f Intensiivistab meeli.<br data-start=\"1858\" data-end=\"1861\" \/>\u2714\ufe0f Aitab parandada oma seksuaalelu<br data-start=\"1902\" data-end=\"1905\" \/>\u2714\ufe0f Looduslikud ja t\u00f5husad koostisosad<br data-start=\"1948\" data-end=\"1951\" \/>\u2714\ufe0f Sobib k\u00f5igile naistele<\/p>","protected":false},"featured_media":34492,"comment_status":"open","ping_status":"closed","template":"","meta":{"_acf_changed":false},"product_brand":[406],"product_cat":[57,276,277],"product_tag":[],"class_list":{"0":"post-34475","1":"product","2":"type-product","3":"status-publish","4":"has-post-thumbnail","6":"product_brand-medica-group","7":"product_cat-akcijos","8":"product_cat-seksualinei-sveikatai","9":"product_cat-vyrams","11":"first","12":"instock","13":"sale","14":"shipping-taxable","15":"purchasable","16":"product-type-simple"},"acf":[],"tiered_pricing_type":"fixed","tiered_pricing_fixed_rules":[],"tiered_pricing_product_settings":{"layout":"default","base_unit_name":{"singular":null,"plural":null},"default_variation":null},"tiered_pricing_minimum_quantity":null,"tiered_pricing_roles_data":[],"tiered_pricing_percentage_rules":[],"_links":{"self":[{"href":"https:\/\/purama.lt\/ee\/wp-json\/wp\/v2\/product\/34475","targetHints":{"allow":["GET"]}}],"collection":[{"href":"https:\/\/purama.lt\/ee\/wp-json\/wp\/v2\/product"}],"about":[{"href":"https:\/\/purama.lt\/ee\/wp-json\/wp\/v2\/types\/product"}],"replies":[{"embeddable":true,"href":"https:\/\/purama.lt\/ee\/wp-json\/wp\/v2\/comments?post=34475"}],"wp:featuredmedia":[{"embeddable":true,"href":"https:\/\/purama.lt\/ee\/wp-json\/wp\/v2\/media\/34492"}],"wp:attachment":[{"href":"https:\/\/purama.lt\/ee\/wp-json\/wp\/v2\/media?parent=34475"}],"wp:term":[{"taxonomy":"product_brand","embeddable":true,"href":"https:\/\/purama.lt\/ee\/wp-json\/wp\/v2\/product_brand?post=34475"},{"taxonomy":"product_cat","embeddable":true,"href":"https:\/\/purama.lt\/ee\/wp-json\/wp\/v2\/product_cat?post=34475"},{"taxonomy":"product_tag","embeddable":true,"href":"https:\/\/purama.lt\/ee\/wp-json\/wp\/v2\/product_tag?post=34475"}],"curies":[{"name":"wp","href":"https:\/\/api.w.org\/{rel}","templated":true}]}}