{"id":34474,"date":"2025-05-07T09:37:22","date_gmt":"2025-05-07T09:37:22","guid":{"rendered":"https:\/\/purama.lt\/produktas\/medica-group-orgasm-max-kapsules-vyrams\/"},"modified":"2026-04-14T16:51:52","modified_gmt":"2026-04-14T14:51:52","slug":"medica-group-orgasm-max-kapslid-meestele","status":"publish","type":"product","link":"https:\/\/purama.lt\/ee\/produktas\/medica-group-orgasm-max-kapsules-vyrams\/","title":{"rendered":"MEDICA GROUP Orgasm Max kapslid meestele"},"content":{"rendered":"<p><strong>Kasutamine<\/strong><br>V\u00f5tke \u00fcks kapsel 30 minutit enne seksuaalvahekorda koos v\u00e4ikese koguse veega. \u00c4rge \u00fcletage soovitatud annust. Parimate tulemuste saavutamiseks kasutage regulaarselt. Seda toodet ei tohi kasutada isikud, kes on allergilised \u00fchegi koostisosa suhtes.<\/p>\n\n\n\n<p><strong>Koostisosad<\/strong>:<br>Macajuure ekstrakt 4:1, \u017een\u0161enni juure ekstrakt 4:1, L-arginiin, \u017eelatiin, kofeiin, maltodekstriin, magneesiumsoolad, v\u00e4rvus: indigokarmiin.<\/p>\n\n\n\n<p><strong>Toimeained<\/strong><\/p>\n\n\n\n<ul class=\"wp-block-list\">\n<li><strong>Maca juure ekstrakt 4:1<\/strong> - toetab seksuaalfunktsiooni, suurendab libiido ja v\u00f5ib parandada erektsiooni kvaliteeti.<\/li>\n\n\n\n<li><strong>\u017een\u0161enni juurte ekstrakt 4:1<\/strong> - parandab vereringet, suurendab energiat ja eluj\u00f5udu, toetab seksuaalset v\u00f5imekust.<\/li>\n\n\n\n<li><strong>L-arginiin<\/strong> - aminohape, mis v\u00f5ib parandada verevoolu suguelundite juurde, toetades tugevamat ja kauem kestvat erektsiooni.<\/li>\n\n\n\n<li><strong>Kofeiin<\/strong> - stimulant, mis suurendab energiataset ja kontsentratsiooni, mis v\u00f5ib avaldada positiivset m\u00f5ju seksuaalsele j\u00f5udlusele.<\/li>\n<\/ul>","protected":false},"excerpt":{"rendered":"<p class=\"\" data-start=\"45\" data-end=\"281\"><strong data-start=\"0\" data-end=\"30\" data-is-only-node=\"\">Orgasm Max kapslid meestele<\/strong> - on ainulaadne toidulisand, mis on m\u00f5eldud meestele, kes soovivad parandada oma j\u00f5udlust ja intensiivistada intiimseid tundeid. T\u00e4iustatud valemiga, mis sisaldab selliseid looduslikke koostisosi nagu L-arginiin, Maca juurte ekstrakt, Tribulus Terrestris ja Ameerika \u017een\u0161enn, <strong>kapslid aitavad suurendada energiat, vastupidavust ja keha regenereerimist.<\/strong>. Tavaline <strong data-start=\"381\" data-end=\"395\">Orgasm Max<\/strong> Kapslite v\u00f5tmine v\u00f5ib aidata teil saavutada tugevamat erektsiooni, pikendada intiimseid hetki ja suurendada nii teie kui ka teie partneri rahulolu. Avastage maksimaalne nauding ja enesekindlus koos <strong data-start=\"597\" data-end=\"611\">Orgasm Max<\/strong> kapslid meestele - t\u00e4iustatud tugi intiimelu jaoks.<\/p>\n<p class=\"\" data-start=\"763\" data-end=\"916\"><strong data-start=\"673\" data-end=\"697\">Miks valida?<br \/><\/strong> \u2714\ufe0f Tugevdab erektsiooni<br data-start=\"723\" data-end=\"726\" \/>\u2714\ufe0f Intensiivistab intiimseid tundeid.<br data-start=\"762\" data-end=\"765\" \/>\u2714\ufe0f Looduslikud koostisosad<br data-start=\"794\" data-end=\"797\" \/>\u2714\ufe0f Pikendab intiimseid hetki<\/p>","protected":false},"featured_media":34491,"comment_status":"open","ping_status":"closed","template":"","meta":{"_acf_changed":false},"product_brand":[406],"product_cat":[276,57,277],"product_tag":[],"class_list":{"0":"post-34474","1":"product","2":"type-product","3":"status-publish","4":"has-post-thumbnail","6":"product_brand-medica-group","7":"product_cat-seksualinei-sveikatai","8":"product_cat-akcijos","9":"product_cat-vyrams","11":"first","12":"instock","13":"sale","14":"shipping-taxable","15":"purchasable","16":"product-type-simple"},"acf":[],"tiered_pricing_type":"fixed","tiered_pricing_fixed_rules":[],"tiered_pricing_product_settings":{"layout":"default","base_unit_name":{"singular":null,"plural":null},"default_variation":null},"tiered_pricing_minimum_quantity":null,"tiered_pricing_roles_data":[],"tiered_pricing_percentage_rules":[],"_links":{"self":[{"href":"https:\/\/purama.lt\/ee\/wp-json\/wp\/v2\/product\/34474","targetHints":{"allow":["GET"]}}],"collection":[{"href":"https:\/\/purama.lt\/ee\/wp-json\/wp\/v2\/product"}],"about":[{"href":"https:\/\/purama.lt\/ee\/wp-json\/wp\/v2\/types\/product"}],"replies":[{"embeddable":true,"href":"https:\/\/purama.lt\/ee\/wp-json\/wp\/v2\/comments?post=34474"}],"wp:featuredmedia":[{"embeddable":true,"href":"https:\/\/purama.lt\/ee\/wp-json\/wp\/v2\/media\/34491"}],"wp:attachment":[{"href":"https:\/\/purama.lt\/ee\/wp-json\/wp\/v2\/media?parent=34474"}],"wp:term":[{"taxonomy":"product_brand","embeddable":true,"href":"https:\/\/purama.lt\/ee\/wp-json\/wp\/v2\/product_brand?post=34474"},{"taxonomy":"product_cat","embeddable":true,"href":"https:\/\/purama.lt\/ee\/wp-json\/wp\/v2\/product_cat?post=34474"},{"taxonomy":"product_tag","embeddable":true,"href":"https:\/\/purama.lt\/ee\/wp-json\/wp\/v2\/product_tag?post=34474"}],"curies":[{"name":"wp","href":"https:\/\/api.w.org\/{rel}","templated":true}]}}