{"id":34473,"date":"2025-05-07T09:37:21","date_gmt":"2025-05-07T09:37:21","guid":{"rendered":"https:\/\/purama.lt\/produktas\/medica-group-orgasm-max-kremas-moterims\/"},"modified":"2026-03-18T16:35:55","modified_gmt":"2026-03-18T14:35:55","slug":"medica-group-orgasm-max-kreem-naistele","status":"publish","type":"product","link":"https:\/\/purama.lt\/ee\/produktas\/medica-group-orgasm-max-kremas-moterims\/","title":{"rendered":"MEDICA GROUP Orgasm Max kreem naistele"},"content":{"rendered":"<p><strong>Kasutamine<\/strong><br>Kandke v\u00e4ike kogus <strong>Orgasm Max kreem naistele<\/strong> puhtale, kuivale nahale intiimpiirkonnas, masseerides \u00f5rnalt kuni t\u00e4ieliku imendumiseni. Kasutage umbes 5-10 minutit enne seksuaalvahekorda. Kreemi v\u00f5ib kasutada koos kondoomiga. P\u00e4rast kasutamist loputage nahka hoolikalt sooja seebiveega.<\/p>\n\n\n\n<p><strong>Koostisosad<\/strong>:<br>Aqua, Ethylhexyl Stearate, Glyceryl Stearate, Cetearyl Alcohol, Glycerine, Butyrospermum Parkii (Shea) Butter, Prunus Amygdalus Dulcis (Sweet Almond) Oil, Caffeine, Propylene Glycol, Ginkgo Biloba (Ginkgo) Leaf Extract, Arnica Montana (Arnica Montana) \u00f5ieekstrakt, Aloe Barbadensis Leaf Juice, Tocopheryl Acetate, Ceteareth-20, Ceteareth-12, Cetyl Palmitate, Sodium Polyacrylate, Polyacrylate-13, Polyisobutene, Polysorbate-20, Phenoxyethanol, Ethylhexyl Glycerol, Octendine HCl, Disodium EDTA.<\/p>\n\n\n\n<p><strong>Toimeained<\/strong><\/p>\n\n\n\n<ul class=\"wp-block-list\">\n<li><strong>\u017een\u0161enni ekstrakt<\/strong> - suurendab vereringet, tundlikkust ja tundeid.<\/li>\n\n\n\n<li><strong>Ginkgo Biloba ekstrakt<\/strong> - toetab mikrotsirkulatsiooni, parandab verevoolu ja suurendab naudingut.<\/li>\n\n\n\n<li><strong>Allantoin<\/strong> - rahustab, v\u00e4hendab \u00e4rritust ja toetab naha taastumist.<\/li>\n\n\n\n<li><strong>Mentool<\/strong> - annab jahutava efekti, suurendades stimulatsiooni ja elavdamist.<\/li>\n<\/ul>\n\n\n\n<p><\/p>","protected":false},"excerpt":{"rendered":"<p><strong data-start=\"0\" data-end=\"30\" data-is-only-node=\"\">Orgasm Max kreem naistele<\/strong> - uuenduslik toode, mis on m\u00f5eldud naistele, kes soovivad intensiivistada intiimseid aistinguid ja suurendada rahulolu. See kreem on spetsiaalselt loodud intiimelu t\u00f5hustamiseks ja maksimaalse naudingu pakkumiseks. Hoolikalt valitud toimeained nagu <strong data-start=\"305\" data-end=\"333\">Ginkgo biloba ekstrakt<\/strong>, <strong data-start=\"335\" data-end=\"347\">\u017den\u0161enn<\/strong>, <strong data-start=\"349\" data-end=\"361\">mentool<\/strong>ja teised, stimuleerivad mikrotsirkulatsiooni, parandavad verevoolu ja suurendavad naha tundlikkust. <strong data-start=\"447\" data-end=\"477\">Orgasm Max kreem naistele<\/strong> m\u00f5jub nahale \u00f5rnalt, andes meeldivalt soojendava ja v\u00e4rskendava, toitva ja niisutava tunde. Kreemjas koostis imendub kiiresti ja ei j\u00e4ta rasvaseid j\u00e4\u00e4ke, mist\u00f5ttu on see ideaalne valik neile, kes soovivad saavutada intiimset mugavust ja naudingut. Samuti \u00fchildub see kondoomide ja veep\u00f5histe libestusainetega, muutes selle intiimsuhete ideaalseks t\u00e4ienduseks, tagades maksimaalse rahulduse ja intensiivsemad tunded. <\/p>\n<p><strong data-start=\"2024\" data-end=\"2048\">Miks valida?<\/strong><br data-start=\"2048\" data-end=\"2051\" \/>\u2714\ufe0f \u00d5rn ja kiire toimega<br data-start=\"2085\" data-end=\"2088\" \/>\u2714\ufe0f Parandab tundlikkust ja intensiivistab tundeid.<br data-start=\"2136\" data-end=\"2139\" \/>\u2714\ufe0f \u00dchildub kondoomide ja veep\u00f5histe libestitega.<br data-start=\"2208\" data-end=\"2211\" \/>\u2714\ufe0f Niisutab ja toidab nahka.<\/p>","protected":false},"featured_media":34490,"comment_status":"open","ping_status":"closed","template":"","meta":{"_acf_changed":false},"product_brand":[406],"product_cat":[276,278],"product_tag":[],"class_list":{"0":"post-34473","1":"product","2":"type-product","3":"status-publish","4":"has-post-thumbnail","6":"product_brand-medica-group","7":"product_cat-seksualinei-sveikatai","8":"product_cat-moterims","10":"first","11":"outofstock","12":"shipping-taxable","13":"purchasable","14":"product-type-simple"},"acf":[],"tiered_pricing_type":"fixed","tiered_pricing_fixed_rules":[],"tiered_pricing_product_settings":{"layout":"default","base_unit_name":{"singular":null,"plural":null},"default_variation":null},"tiered_pricing_minimum_quantity":null,"tiered_pricing_roles_data":[],"tiered_pricing_percentage_rules":[],"_links":{"self":[{"href":"https:\/\/purama.lt\/ee\/wp-json\/wp\/v2\/product\/34473","targetHints":{"allow":["GET"]}}],"collection":[{"href":"https:\/\/purama.lt\/ee\/wp-json\/wp\/v2\/product"}],"about":[{"href":"https:\/\/purama.lt\/ee\/wp-json\/wp\/v2\/types\/product"}],"replies":[{"embeddable":true,"href":"https:\/\/purama.lt\/ee\/wp-json\/wp\/v2\/comments?post=34473"}],"wp:featuredmedia":[{"embeddable":true,"href":"https:\/\/purama.lt\/ee\/wp-json\/wp\/v2\/media\/34490"}],"wp:attachment":[{"href":"https:\/\/purama.lt\/ee\/wp-json\/wp\/v2\/media?parent=34473"}],"wp:term":[{"taxonomy":"product_brand","embeddable":true,"href":"https:\/\/purama.lt\/ee\/wp-json\/wp\/v2\/product_brand?post=34473"},{"taxonomy":"product_cat","embeddable":true,"href":"https:\/\/purama.lt\/ee\/wp-json\/wp\/v2\/product_cat?post=34473"},{"taxonomy":"product_tag","embeddable":true,"href":"https:\/\/purama.lt\/ee\/wp-json\/wp\/v2\/product_tag?post=34473"}],"curies":[{"name":"wp","href":"https:\/\/api.w.org\/{rel}","templated":true}]}}