{"id":34472,"date":"2025-05-07T09:37:21","date_gmt":"2025-05-07T09:37:21","guid":{"rendered":"https:\/\/purama.lt\/produktas\/medica-group-orgasm-max-kremas-vyrams\/"},"modified":"2026-04-16T21:42:55","modified_gmt":"2026-04-16T19:42:55","slug":"medica-group-orgasm-max-kreem-meestele","status":"publish","type":"product","link":"https:\/\/purama.lt\/ee\/produktas\/medica-group-orgasm-max-kremas-vyrams\/","title":{"rendered":"MEDICA GROUP Orgasm Max kreem meestele"},"content":{"rendered":"<p><strong>Kasutamine<\/strong><br>Kandke v\u00e4ike kogus <strong>Orgasm Max kreem meestele<\/strong> puhtale, kuivale nahale, masseerides \u00f5rnalt kuni t\u00e4ieliku imendumiseni. Kasutage umbes 5-10 minutit enne seksuaalvahekorda. Kreemi v\u00f5ib kasutada koos kondoomiga. P\u00e4rast kasutamist loputage nahka hoolikalt sooja seebiveega.<br><br><strong>Koostisosad<\/strong>:<br>Aqua, Ethylhexyl Stearate, Glyceryl Stearate, Cetearyl Alcohol, Glycerine, Butyrospermum Parkii (Shea) Butter, Prunus Amygdalus Dulcis (Sweet Almond) Oil, Caffeine, Propylene Glycol, Ginkgo Biloba (Ginkgo) Leaf Extract, Arnica Montana (Arnica Montana) \u00f5ieekstrakt, Aloe Barbadensis Leaf Juice, Tocopheryl Acetate, Ceteareth-20, Ceteareth-12, Cetyl Palmitate, Sodium Polyacrylate, Polyacrylate-13, Polyisobutene, Polysorbate-20, Phenoxyethanol, Ethylhexyl Glycerol, Octendine HCl, Disodium EDTA.<\/p>\n\n\n\n<p><strong>Toimeained<\/strong><\/p>\n\n\n\n<ul class=\"wp-block-list\">\n<li><strong>Mentool<\/strong> - annab jahutava efekti, suurendades stimulatsiooni ja elavdamist.<\/li>\n\n\n\n<li><strong>\u017een\u0161enni ekstrakt<\/strong> - suurendab vereringet, tundlikkust ja tundeid.<\/li>\n\n\n\n<li><strong>Ginkgo Biloba ekstrakt<\/strong> - toetab mikrotsirkulatsiooni, parandab verevoolu ja suurendab naudingut.<\/li>\n\n\n\n<li><strong>Allantoin<\/strong> - rahustab, v\u00e4hendab \u00e4rritust ja toetab naha taastumist.<\/li>\n<\/ul>","protected":false},"excerpt":{"rendered":"<p><strong data-start=\"191\" data-end=\"219\">Orgasm Max kreem meestele<\/strong> - on t\u00e4iustatud valem, mis on m\u00f5eldud tundmuste intensiivsuse suurendamiseks ja rahulduse suurendamiseks intiimsetel hetkedel. Toode koosneb hoolikalt valitud toimeainetest, mis <strong>suurendab naha tundlikkust, parandab vereringet ja toetab regeneratsiooni.<\/strong>. Kreem toimib otse nahale, imendub kiiresti ja ei j\u00e4ta rasvaseid j\u00e4\u00e4ke. See sobib kokku kondoomide ja veep\u00f5histe libestitega, muutes selle mitmek\u00fclgseks t\u00e4ienduseks igale intiimsele kogemusele. <\/p>\n<p><strong data-start=\"1941\" data-end=\"1965\">Miks valida?<\/strong><br data-start=\"1965\" data-end=\"1968\" \/>\u2714\ufe0f Imendub kiiresti ja ei j\u00e4ta rasvaseid j\u00e4\u00e4ke.<br data-start=\"2019\" data-end=\"2022\" \/>\u2714\ufe0f Sobib koos kondoomide ja veep\u00f5histe libestitega.<br data-start=\"2085\" data-end=\"2088\" \/>\u2714\ufe0f Parandab tundlikkust ja intensiivistab tundeid.<br data-start=\"2136\" data-end=\"2139\" \/>\u2714\ufe0f Toetab naha regenereerimist ja v\u00e4hendab \u00e4rritust.<\/p>","protected":false},"featured_media":34489,"comment_status":"open","ping_status":"closed","template":"","meta":{"_acf_changed":false},"product_brand":[406],"product_cat":[276,57,277],"product_tag":[],"class_list":{"0":"post-34472","1":"product","2":"type-product","3":"status-publish","4":"has-post-thumbnail","6":"product_brand-medica-group","7":"product_cat-seksualinei-sveikatai","8":"product_cat-akcijos","9":"product_cat-vyrams","11":"first","12":"instock","13":"sale","14":"shipping-taxable","15":"purchasable","16":"product-type-simple"},"acf":[],"tiered_pricing_type":"fixed","tiered_pricing_fixed_rules":[],"tiered_pricing_product_settings":{"layout":"default","base_unit_name":{"singular":null,"plural":null},"default_variation":null},"tiered_pricing_minimum_quantity":null,"tiered_pricing_roles_data":[],"tiered_pricing_percentage_rules":[],"_links":{"self":[{"href":"https:\/\/purama.lt\/ee\/wp-json\/wp\/v2\/product\/34472","targetHints":{"allow":["GET"]}}],"collection":[{"href":"https:\/\/purama.lt\/ee\/wp-json\/wp\/v2\/product"}],"about":[{"href":"https:\/\/purama.lt\/ee\/wp-json\/wp\/v2\/types\/product"}],"replies":[{"embeddable":true,"href":"https:\/\/purama.lt\/ee\/wp-json\/wp\/v2\/comments?post=34472"}],"wp:featuredmedia":[{"embeddable":true,"href":"https:\/\/purama.lt\/ee\/wp-json\/wp\/v2\/media\/34489"}],"wp:attachment":[{"href":"https:\/\/purama.lt\/ee\/wp-json\/wp\/v2\/media?parent=34472"}],"wp:term":[{"taxonomy":"product_brand","embeddable":true,"href":"https:\/\/purama.lt\/ee\/wp-json\/wp\/v2\/product_brand?post=34472"},{"taxonomy":"product_cat","embeddable":true,"href":"https:\/\/purama.lt\/ee\/wp-json\/wp\/v2\/product_cat?post=34472"},{"taxonomy":"product_tag","embeddable":true,"href":"https:\/\/purama.lt\/ee\/wp-json\/wp\/v2\/product_tag?post=34472"}],"curies":[{"name":"wp","href":"https:\/\/api.w.org\/{rel}","templated":true}]}}