{"id":34470,"date":"2025-05-07T09:37:20","date_gmt":"2025-05-07T09:37:20","guid":{"rendered":"https:\/\/purama.lt\/produktas\/medica-group-biggersize-zele\/"},"modified":"2026-04-13T16:50:40","modified_gmt":"2026-04-13T14:50:40","slug":"medica-group-suurendab-zele","status":"publish","type":"product","link":"https:\/\/purama.lt\/ee\/produktas\/medica-group-biggersize-zele\/","title":{"rendered":"MEDICA GROUP BiggerSize geel"},"content":{"rendered":"<p><strong>Kasutamine<\/strong><br>Kandke v\u00e4ike kogus geeli kogu peenise pikkusele ja masseerige \u00f5rnalt, kuni see on t\u00e4ielikult imendunud. Kasutage 1-2 korda p\u00e4evas, eelistatavalt enne vahekorda v\u00f5i osana eelm\u00e4ngust. Geel \u00fchildub kondoomide ja erootiliste aksessuaaridega. V\u00e4ltige kokkupuudet silmadega.<\/p>\n\n\n\n<p><strong>Koostisained:<\/strong><br>Vesi, h\u00fcdroks\u00fcet\u00fc\u00fcltselluloos, prop\u00fcleengl\u00fckool, gl\u00fctseriin, sorbitool, pol\u00fcsorbaat 20, Paullinia Cupana seemne ekstrakt, Panax Ginseng juurte ekstrakt, Humulus Lupulus ekstrakt, Urtica Dioica ekstrakt, vanillibut\u00fc\u00fcleeter, naatriumatsetaat, isoprop\u00fc\u00fclalkohol, tselluloos, kaaliumsorbaat, naatriumbensoaat, sidrunhape, l\u00f5hnaaine, limoneen.<\/p>\n\n\n\n<p><strong>Toimeained<\/strong><br><br><strong>Guarana seemneekstrakt (Paullinia Cupana seemneekstrakt)<\/strong> - toimib ergutusvahendina ning on antioks\u00fcdantide ja antibakteriaalsete omadustega. T\u00e4nu oma k\u00f5rgele kofeiinisisaldusele aitab see parandada vereringet peenise kudedes.<br><strong>Panax \u017een\u0161enni juurte ekstrakt<\/strong> - suurendab eluj\u00f5udu, parandab f\u00fc\u00fcsilist vastupidavust ja toetab seksuaaltervist. Toimib stimulandina, mis aitab saavutada tugevamat erektsiooni.<br><strong>Humulus Lupulus ekstrakt (Humulus Lupulus ekstrakt)<\/strong> - on rahustavate ja stimuleerivate omadustega. See aitab kaitsta rakke enneaegse vananemise eest ja on antibakteriaalsete omadustega.<br><strong>Urtica Dioica ekstrakt (Urtica Dioica ekstrakt)<\/strong> - Stimuleerib rakke, omab p\u00f5letikuvastaseid ja terapeutilisi omadusi ning toetab naha taastumist.<br><strong>L-arginiin<\/strong> - aminohape, mis aitab stimuleerida l\u00e4mmastikoksiidi tootmist, mis viib veresoonte laienemiseni ja parandab vereringet peenisesse, aidates saavutada tugevamat erektsiooni.<\/p>","protected":false},"excerpt":{"rendered":"<p><strong data-start=\"223\" data-end=\"242\">BiggerSize marmelaad<\/strong> - uuenduslik 2-in-1 valem, <strong>meestele, kes soovivad tugevdada ja tihendada peenist, samuti intensiivistada tundmusi ja suurendada enesekindlust<\/strong>. Looduslikud koostisosad, nagu guaraana, humal, n\u00f5ges ja \u017een\u0161enn, on hoolikalt valitud, et stimuleerida verevoolu, parandada vereringet ja suurendada tundlikkust. Toimivad otse peenise nahale, <strong data-start=\"605\" data-end=\"624\">BiggerSize marmelaad<\/strong> parandab erektsiooni kvaliteeti ja pikendab intiimseid hetki. Toode tagab siidise niisutuse, k\u00f5rvaldades kuivuse ja suurendades mugavust. Selle mitmek\u00fclgsus v\u00f5imaldab seda kasutada koos kondoomide ja erootiliste aksessuaaridega, mist\u00f5ttu on see ideaalne igap\u00e4evaseks kasutamiseks v\u00f5i erilisteks hetkedeks koos partneriga. <\/p>\n<p><strong data-start=\"2564\" data-end=\"2588\">Miks valida:<\/strong><br data-start=\"2588\" data-end=\"2591\" \/>\u2714\ufe0f Suurendab erektsiooni kvaliteeti ja pikendab intiimseid hetki.<br data-start=\"2656\" data-end=\"2659\" \/>\u2714\ufe0f Stimuleerib vereringet ja suurendab tundlikkust.<br data-start=\"2710\" data-end=\"2713\" \/>\u2714\ufe0f Universaalne - saab kasutada koos kondoomide ja erootiliste tarvikutega.<br data-start=\"2790\" data-end=\"2793\" \/>\u2714\ufe0f Looduslikud koostisosad - guaraana, \u017een\u0161enn, humal, n\u00f5ges.<br data-start=\"2862\" data-end=\"2865\" \/>\u2714\ufe0f Imendub kiiresti ja ei j\u00e4ta rasvaseid j\u00e4\u00e4ke.<\/p>","protected":false},"featured_media":34494,"comment_status":"open","ping_status":"closed","template":"","meta":{"_acf_changed":false},"product_brand":[406],"product_cat":[276,57,277],"product_tag":[],"class_list":{"0":"post-34470","1":"product","2":"type-product","3":"status-publish","4":"has-post-thumbnail","6":"product_brand-medica-group","7":"product_cat-seksualinei-sveikatai","8":"product_cat-akcijos","9":"product_cat-vyrams","11":"first","12":"instock","13":"sale","14":"shipping-taxable","15":"purchasable","16":"product-type-simple"},"acf":[],"tiered_pricing_type":"fixed","tiered_pricing_fixed_rules":[],"tiered_pricing_product_settings":{"layout":"default","base_unit_name":{"singular":null,"plural":null},"default_variation":null},"tiered_pricing_minimum_quantity":null,"tiered_pricing_roles_data":[],"tiered_pricing_percentage_rules":[],"_links":{"self":[{"href":"https:\/\/purama.lt\/ee\/wp-json\/wp\/v2\/product\/34470","targetHints":{"allow":["GET"]}}],"collection":[{"href":"https:\/\/purama.lt\/ee\/wp-json\/wp\/v2\/product"}],"about":[{"href":"https:\/\/purama.lt\/ee\/wp-json\/wp\/v2\/types\/product"}],"replies":[{"embeddable":true,"href":"https:\/\/purama.lt\/ee\/wp-json\/wp\/v2\/comments?post=34470"}],"wp:featuredmedia":[{"embeddable":true,"href":"https:\/\/purama.lt\/ee\/wp-json\/wp\/v2\/media\/34494"}],"wp:attachment":[{"href":"https:\/\/purama.lt\/ee\/wp-json\/wp\/v2\/media?parent=34470"}],"wp:term":[{"taxonomy":"product_brand","embeddable":true,"href":"https:\/\/purama.lt\/ee\/wp-json\/wp\/v2\/product_brand?post=34470"},{"taxonomy":"product_cat","embeddable":true,"href":"https:\/\/purama.lt\/ee\/wp-json\/wp\/v2\/product_cat?post=34470"},{"taxonomy":"product_tag","embeddable":true,"href":"https:\/\/purama.lt\/ee\/wp-json\/wp\/v2\/product_tag?post=34470"}],"curies":[{"name":"wp","href":"https:\/\/api.w.org\/{rel}","templated":true}]}}