{"id":34469,"date":"2025-05-07T09:37:20","date_gmt":"2025-05-07T09:37:20","guid":{"rendered":"https:\/\/purama.lt\/produktas\/medica-group-bigerection-zele\/"},"modified":"2026-04-13T16:50:38","modified_gmt":"2026-04-13T14:50:38","slug":"medica-group-bigerection-zele","status":"publish","type":"product","link":"https:\/\/purama.lt\/ee\/produktas\/medica-group-bigerection-zele\/","title":{"rendered":"MEDICA GROUP BigErection geel"},"content":{"rendered":"<p><strong>Kasutamine<\/strong><br>Kandke v\u00e4ike kogus geeli valitud nahapiirkonnale ja masseerige \u00f5rnalt kuni t\u00e4ieliku imendumiseni. V\u00f5ib kasutada enne intiimse vahekorra alustamist. Geel \u00fchildub kondoomide ja erootiliste aksessuaaridega. V\u00e4ltida kokkupuudet silmadega.<\/p>\n\n\n\n<p><strong>Koostisained:<\/strong><\/p>\n\n\n\n<p>Vesi, gl\u00fctseriin, propandiool, Aloe Barbadensis'i lehtede mahl, h\u00fcdroks\u00fcet\u00fc\u00fcltselluloos, naatriumbensoaat, pol\u00fcsorbaat 20, l\u00f5hna- ja maitseaine, Urtica Dioica leheekstrakt, Panax Ginseng'i juure ekstrakt, Calendula Officinalis \u00f5ievesi, piimhape, vanillibut\u00fc\u00fcleeter, kaaliumsorbaat, naatriumfosfaat, naatriumfosfaat, dinaatriumfosfaat, Peg-40 h\u00fcdrogeenitud riitsinus\u00f5li, pol\u00fcsorbaat 60, fenoks\u00fcetanool.<\/p>\n\n\n\n<p><strong>Toimeained<\/strong><br>L-arginiin - aitab laiendada veresooni, parandab vereringet ja tugevdab erektsiooni.<br>Guarana ekstrakt - stimuleerib, ergutab ja toetab seksuaalset vastupidavust.<br>\u017een\u0161enni ekstrakt - stimuleerib libiido, parandab vereringet ja toetab seksuaalset funktsiooni.<br>Mentool - annab jahutava efekti, suurendades tundlikkust stiimulite suhtes ja mugavust kasutamise ajal.<\/p>","protected":false},"excerpt":{"rendered":"<p><strong data-start=\"0\" data-end=\"20\">BigErection tarretis<\/strong> - tugevate ja tugevate erektsioonide jaoks. Kogemused <strong data-start=\"64\" data-end=\"85\">BigErection geelid<\/strong> v\u00f5imu ja viia oma intiimsed hetked uuele naudingutasemele. See uuenduslik 2-in-1 valem on loodud selleks, et aidata meestel <strong>saavutada tugevam, pikem ja rahuldust pakkuvam intiimne kogemus<\/strong>. T\u00e4nu hoolikalt valitud looduslike koostisainete segule avaldab geel otsest m\u00f5ju nahale, suurendades selle tundlikkust ja intensiivistades tundeid. <strong data-start=\"399\" data-end=\"414\">BigErection<\/strong> stimuleerib erogeenseid tsoone, pakkudes intensiivseid aistinguid m\u00f5lemale partnerile. Toode aitab suurendada mugavust intiimse vahekorra ajal, samas kui selle v\u00f5rgutav l\u00f5hn ja \u00fchilduvus kondoomide ja erootiliste aksessuaaridega teevad sellest mitmek\u00fclgse vahendi enesekindluse ja rahulolu suurendamiseks.<\/p>\n<p><strong data-start=\"1787\" data-end=\"1811\">Miks valida:<\/strong><br data-start=\"1811\" data-end=\"1814\" \/>\u2714\ufe0f Tugevdab erektsiooni ja suurendab seksuaalvahekorra kestust.<br data-start=\"1877\" data-end=\"1880\" \/>\u2714\ufe0f Suurendab m\u00f5lema partneri tundlikkust ja intensiivistab tundmusi.<br data-start=\"1947\" data-end=\"1950\" \/>\u2714\ufe0f \u00dchildub kondoomide ja erootiliste tarvikutega.<br data-start=\"2010\" data-end=\"2013\" \/>\u2714\ufe0f Stimuleerib ja ergutab, parandab vastupidavust.<br data-start=\"2073\" data-end=\"2076\" \/>\u2714\ufe0f Imendub kiiresti ja ei j\u00e4ta rasvaseid j\u00e4\u00e4ke.<\/p>","protected":false},"featured_media":34495,"comment_status":"open","ping_status":"closed","template":"","meta":{"_acf_changed":false},"product_brand":[406],"product_cat":[276,57,277],"product_tag":[],"class_list":{"0":"post-34469","1":"product","2":"type-product","3":"status-publish","4":"has-post-thumbnail","6":"product_brand-medica-group","7":"product_cat-seksualinei-sveikatai","8":"product_cat-akcijos","9":"product_cat-vyrams","11":"first","12":"instock","13":"sale","14":"shipping-taxable","15":"purchasable","16":"product-type-simple"},"acf":[],"tiered_pricing_type":"fixed","tiered_pricing_fixed_rules":[],"tiered_pricing_product_settings":{"layout":"default","base_unit_name":{"singular":null,"plural":null},"default_variation":null},"tiered_pricing_minimum_quantity":null,"tiered_pricing_roles_data":[],"tiered_pricing_percentage_rules":[],"_links":{"self":[{"href":"https:\/\/purama.lt\/ee\/wp-json\/wp\/v2\/product\/34469","targetHints":{"allow":["GET"]}}],"collection":[{"href":"https:\/\/purama.lt\/ee\/wp-json\/wp\/v2\/product"}],"about":[{"href":"https:\/\/purama.lt\/ee\/wp-json\/wp\/v2\/types\/product"}],"replies":[{"embeddable":true,"href":"https:\/\/purama.lt\/ee\/wp-json\/wp\/v2\/comments?post=34469"}],"wp:featuredmedia":[{"embeddable":true,"href":"https:\/\/purama.lt\/ee\/wp-json\/wp\/v2\/media\/34495"}],"wp:attachment":[{"href":"https:\/\/purama.lt\/ee\/wp-json\/wp\/v2\/media?parent=34469"}],"wp:term":[{"taxonomy":"product_brand","embeddable":true,"href":"https:\/\/purama.lt\/ee\/wp-json\/wp\/v2\/product_brand?post=34469"},{"taxonomy":"product_cat","embeddable":true,"href":"https:\/\/purama.lt\/ee\/wp-json\/wp\/v2\/product_cat?post=34469"},{"taxonomy":"product_tag","embeddable":true,"href":"https:\/\/purama.lt\/ee\/wp-json\/wp\/v2\/product_tag?post=34469"}],"curies":[{"name":"wp","href":"https:\/\/api.w.org\/{rel}","templated":true}]}}