{"id":34311,"date":"2025-04-29T06:01:55","date_gmt":"2025-04-29T06:01:55","guid":{"rendered":"https:\/\/purama.lt\/produktas\/kernel-kn-7000a-pdt-led-sviesos-terapijos-prietaisas-odos-atjauninimui\/"},"modified":"2025-11-11T17:18:26","modified_gmt":"2025-11-11T15:18:26","slug":"kernel-kn-7000a-pdt-led-valgusravi-seade-naha-noorendamiseks","status":"publish","type":"product","link":"https:\/\/purama.lt\/ee\/produktas\/kernel-kn-7000a-pdt-led-sviesos-terapijos-prietaisas-odos-atjauninimui\/","title":{"rendered":"Kernel KN-7000A PDT LED valgusravi seade naha noorendamiseks"},"content":{"rendered":"<p><strong>Peamised eelised:<\/strong><br>\u2714\ufe0f <strong>1820 valgusdioodid<\/strong><br>V\u00e4ga suur valgusj\u00f5udlus, mis tagab \u00fchtlase ja t\u00f5husa efekti kogu ravialal.<br>\u2714\ufe0f <strong>7 valgusre\u017eiimi ja -kombinatsiooni<\/strong><br>Punane, sinine, kollane, roheline, infrapuna ja punase, sinise, kollase, rohelise ja infrapuna kombinatsioonid erinevate nahaprobleemide puhul.<br>\u2714\ufe0f <strong>Reguleeritav valgustugevus<\/strong><br>Kohandatav igale nahat\u00fc\u00fcbile ja ravieesm\u00e4rgile.<br>\u2714\ufe0f <strong>P\u00f6\u00f6ratav, pikendatav pea<\/strong><br>Kohaneb kergesti keha eri osadele - n\u00e4ole, kaelale, seljale.<br>\u2714\ufe0f <strong>8-tolline puuteekraan koos sisseehitatud rakendustega<\/strong><br>Mugav ja kiire t\u00f6\u00f6, mis ei n\u00f5ua eriteadmisi.<br>\u2714\ufe0f <strong>Mitteinvasiivne ja ilma k\u00f5rvaltoimeteta<\/strong><br>Kasutamine on ohutu, paranemisperioodi ei ole vaja - v\u00f5ite kohe p\u00e4rast protseduuri naasta oma igap\u00e4evaste tegevuste juurde.<br>\u2714\ufe0f <strong>CE ja FDA sertifikaadid<\/strong><br>Vastab rahvusvahelistele meditsiinilistele kvaliteedi- ja ohutusstandarditele.<\/p>\n\n\n\n<hr class=\"wp-block-separator has-alpha-channel-opacity\"\/>\n\n\n\n<p><strong>Tehnilised parameetrid<\/strong>:<\/p>\n\n\n\n<figure class=\"wp-block-table\"><table class=\"has-fixed-layout\"><thead><tr><th><strong>Parameeter<\/strong><\/th><th><strong>Spetsifikatsioon<\/strong><\/th><\/tr><\/thead><tbody><tr><td>Mudel<\/td><td>KN-7000A<\/td><\/tr><tr><td>Valgusallikas<\/td><td>Suure v\u00f5imsusega LED<\/td><\/tr><tr><td>LED-i kogus<\/td><td>1820 tk.<\/td><\/tr><tr><td>Valguse lainepikkused<\/td><td>Punane - 633 nm \u00b1 10 nm<br>Sinine - 417 nm \u00b1 10 nm<br>Kollane - 590 nm \u00b1 10 nm<br>Roheline - 535 nm \u00b110 nm<br>Infrapuna - 850 nm \u00b1 10 nm<\/td><\/tr><tr><td>V\u00e4rvire\u017eiimid<\/td><td>7 individuaalset re\u017eiimi ja kombinatsiooni<\/td><\/tr><tr><td>Valguse intensiivsuse reguleerimine<\/td><td>Jah<\/td><\/tr><tr><td>Kiiritusre\u017eiimid<\/td><td>Pidev v\u00f5i pulseeritud<\/td><\/tr><tr><td>Juhtimine<\/td><td>8-tolline p\u00f6\u00f6ratava ekraaniga puuteekraan<\/td><\/tr><tr><td>Ravipeade konstruktsioon<\/td><td>Pikendatav, reguleeritav, fikseeritav mis tahes nurga all<\/td><\/tr><tr><td>M\u00e4lu<\/td><td>Lisati 5 raviprogrammi<\/td><\/tr><tr><td>Kasutamine<\/td><td>N\u00e4gu, kael, selg, dekolteepiirkond<\/td><\/tr><tr><td>T\u00e4iendavad funktsioonid<\/td><td>H\u00e4\u00e4ls\u00f5numite meeldetuletused, paroolikaitse, topeltaktiveerimine<\/td><\/tr><tr><td>Rakendusvaldkond<\/td><td>Akne, pigmentatsioon, kortsud, naha regenereerimine, p\u00f5letik<\/td><\/tr><tr><td>Sertifikaadid<\/td><td>CE, FDA<\/td><\/tr><tr><td>OEM-variant<\/td><td>K\u00e4ttesaadav aadressil<\/td><\/tr><\/tbody><\/table><\/figure>","protected":false},"excerpt":{"rendered":"<p data-start=\"208\" data-end=\"279\"><strong>Kernel KN-7000A - LED valgusravi naha noorendamiseks ja raviks<\/strong>.\u00a0<strong>Kernel KN-7000A<\/strong> - on t\u00e4iustatud fotod\u00fcnaamilise teraapia (PDT) seade, mis kasutab suure intensiivsusega LED-valgustust mitmesuguste nahaparanduslike rakenduste jaoks. M\u00f5eldud ilukliinikutele, dermatoloogiakabinettidele ja professionaalsetele esteetikutele, <strong>see seade v\u00e4hendab t\u00f5husalt p\u00f5letikku, ravib aknet, parandab naha tekstuuri ja taastab loomuliku s\u00e4ra<\/strong>. T\u00e4nu 1820 suure v\u00f5imsusega valgusdioodile tagab seade \u00fchtlase valgustuse suurel alal. Hoolduspea on laiendatav ja reguleeritav, mis v\u00f5imaldab seda kohandada keha eri piirkondadele. Vabalt reguleeritav hoob v\u00f5imaldab soovitud nurga seadistamist ilma lisakinnitusteta.<\/p>\n<p data-start=\"221\" data-end=\"258\"><strong data-start=\"225\" data-end=\"258\">Miks valida KN-7000A:<br \/><\/strong>\u2714\ufe0f <strong data-start=\"263\" data-end=\"298\">Mitmek\u00fclgsus igap\u00e4evat\u00f6\u00f6s<\/strong><br data-start=\"298\" data-end=\"301\" \/>See seade sobib paljude erinevate ravimeetodite jaoks, alates akne ravist kuni naha noorendamiseni, ja seda saab kasutada iga p\u00e4ev erinevate klientide puhul.<br \/>\u2714\ufe0f <strong data-start=\"453\" data-end=\"501\">M\u00f5eldud ajateadlikele spetsialistidele<\/strong><br data-start=\"501\" data-end=\"504\" \/>Integreeritud rakendused, intuitiivne juhtimine ja kiire seadistamine v\u00f5imaldavad v\u00e4hendada menetlusaega ja teenindada rohkem kliente.<br \/>\u2714\ufe0f <strong data-start=\"648\" data-end=\"681\">Suurem investeeringu tasuvus<\/strong><br data-start=\"681\" data-end=\"684\" \/>Lai rakenduste valik t\u00e4hendab, et saate pakkuda mitut teenust \u00fche seadmega, mis v\u00e4hendab vajadust lisaseadmete j\u00e4rele ja suurendab kasumlikkust.<br \/>\u2714\ufe0f <strong data-start=\"844\" data-end=\"890\">Mugavus nii spetsialistile kui ka kliendile<\/strong><br data-start=\"890\" data-end=\"893\" \/>Reguleeritav pea, vabalt p\u00f6\u00f6ratav hoob ja h\u00e4\u00e4lassistent muudavad operaatori t\u00f6\u00f6 lihtsamaks ja kliendi ravi l\u00f5dvestatumaks, ilma kontakti ja ebamugavustundeta.<br \/>\u2714\ufe0f <strong data-start=\"1055\" data-end=\"1093\">Esteetiline disain - ruumi kaunistamine<\/strong><br data-start=\"1093\" data-end=\"1096\" \/>Kaasaegne disain koos p\u00f6\u00f6rleva ekraani, kompaktse disaini ja neutraalse v\u00e4rvilahendusega sobib igasse kliinikusse v\u00f5i salongi.<br \/>\u2714\ufe0f <strong data-start=\"1225\" data-end=\"1263\">Sertifikaatidega tagatud usaldusv\u00e4\u00e4rsus<\/strong><br data-start=\"1263\" data-end=\"1266\" \/>CE ja FDA kinnitused tagavad, et seade ei ole mitte ainult t\u00f5hus, vaid vastab ka k\u00f5ige rangematele rahvusvahelistele ohutusn\u00f5uetele.<\/p>\n<p data-pm-slice=\"1 1 []\"><strong> TARNEAEG V\u00d5IB VARIEERUDA 10-14 T\u00d6\u00d6P\u00c4EVA.<\/strong><\/p>","protected":false},"featured_media":34302,"comment_status":"open","ping_status":"closed","template":"","meta":{"_acf_changed":false},"product_brand":[432],"product_cat":[282,96,283],"product_tag":[],"class_list":{"0":"post-34311","1":"product","2":"type-product","3":"status-publish","4":"has-post-thumbnail","6":"product_brand-kernel","7":"product_cat-longevity-prietaisai","8":"product_cat-led-terapija","9":"product_cat-sveikatingumo-prietaisai","11":"first","12":"instock","13":"shipping-taxable","14":"purchasable","15":"product-type-simple"},"acf":[],"tiered_pricing_type":"fixed","tiered_pricing_fixed_rules":[],"tiered_pricing_product_settings":{"layout":"default","base_unit_name":{"singular":null,"plural":null},"default_variation":null},"tiered_pricing_minimum_quantity":null,"tiered_pricing_roles_data":[],"tiered_pricing_percentage_rules":[],"_links":{"self":[{"href":"https:\/\/purama.lt\/ee\/wp-json\/wp\/v2\/product\/34311","targetHints":{"allow":["GET"]}}],"collection":[{"href":"https:\/\/purama.lt\/ee\/wp-json\/wp\/v2\/product"}],"about":[{"href":"https:\/\/purama.lt\/ee\/wp-json\/wp\/v2\/types\/product"}],"replies":[{"embeddable":true,"href":"https:\/\/purama.lt\/ee\/wp-json\/wp\/v2\/comments?post=34311"}],"wp:featuredmedia":[{"embeddable":true,"href":"https:\/\/purama.lt\/ee\/wp-json\/wp\/v2\/media\/34302"}],"wp:attachment":[{"href":"https:\/\/purama.lt\/ee\/wp-json\/wp\/v2\/media?parent=34311"}],"wp:term":[{"taxonomy":"product_brand","embeddable":true,"href":"https:\/\/purama.lt\/ee\/wp-json\/wp\/v2\/product_brand?post=34311"},{"taxonomy":"product_cat","embeddable":true,"href":"https:\/\/purama.lt\/ee\/wp-json\/wp\/v2\/product_cat?post=34311"},{"taxonomy":"product_tag","embeddable":true,"href":"https:\/\/purama.lt\/ee\/wp-json\/wp\/v2\/product_tag?post=34311"}],"curies":[{"name":"wp","href":"https:\/\/api.w.org\/{rel}","templated":true}]}}