{"id":34309,"date":"2025-04-29T06:01:54","date_gmt":"2025-04-29T06:01:54","guid":{"rendered":"https:\/\/purama.lt\/produktas\/humancharger-bright-light-headset-streso-mazinimui\/"},"modified":"2025-06-09T12:24:24","modified_gmt":"2025-06-09T12:24:24","slug":"inimlaadija-ereda-valguse-korvaklapid-stressi-leevendamiseks","status":"publish","type":"product","link":"https:\/\/purama.lt\/ee\/produktas\/humancharger-bright-light-headset-streso-mazinimui\/","title":{"rendered":"HumanCharger Bright Light peakomplekt stressi leevendamiseks"},"content":{"rendered":"<p><strong>Kuidas kasutada:<\/strong><br><strong>12 minutit hommikuti<\/strong>et suurendada oma energiat ja tuju p\u00e4evaks. <strong>Enne lendu, lennu ajal v\u00f5i p\u00e4rast lendu<\/strong>kohaneda kiiremini uue ajaga. <strong>P\u00fcsiv<\/strong>kui teil esineb hooajaline v\u00e4simus. <strong>Uneh\u00e4irete puhul<\/strong>taastada loomulik \u00f6\u00f6p\u00e4evane r\u00fctm ilma ravimiteta.<\/p>\n\n\n\n<hr class=\"wp-block-separator has-alpha-channel-opacity\"\/>\n\n\n\n<p><strong>Tehnilised parameetrid<\/strong>:<\/p>\n\n\n\n<figure class=\"wp-block-table\"><table class=\"has-fixed-layout\"><thead><tr><th><strong>Parameeter<\/strong><\/th><th><strong>Spetsifikatsioon<\/strong><\/th><\/tr><\/thead><tbody><tr><td>Kasutamise p\u00f5him\u00f5te<\/td><td>Valgusravi l\u00e4bi k\u00f5rvakanalite<\/td><\/tr><tr><td>Valguse t\u00fc\u00fcp<\/td><td>Sinisega rikastatud valge valgus (UV-vaba)<\/td><\/tr><tr><td>Seansi kestus<\/td><td>12 minutit<\/td><\/tr><tr><td>Soovitatav sagedus<\/td><td>1-2 korda p\u00e4evas (enamasti hommikul)<\/td><\/tr><tr><td>Kasutusalad<\/td><td>Meeleolu parandamine, virgutav, jet lag, uneh\u00e4ired, hooajaline afektiivne h\u00e4ire.<\/td><\/tr><tr><td>T\u00f6\u00f6p\u00f5him\u00f5te<\/td><td>Valguskiired stimuleerivad aju valgustundlikke piirkondi l\u00e4bi k\u00f5rvakanalite<\/td><\/tr><tr><td>Juhtimine<\/td><td>\u00dche nupuvajutuse kasutamine<\/td><\/tr><tr><td>Toitlustamine<\/td><td>Laetav aku<\/td><\/tr><tr><td>Tegevuskeskkond<\/td><td>Kodus, kontoris, reisil<\/td><\/tr><tr><td>Disain<\/td><td>Kompaktne, k\u00f5rvaklappide t\u00fc\u00fcpi, kaasaskantav<\/td><\/tr><tr><td>Turvalisus<\/td><td>UV-vaba, mitteinvasiivne, ravimivaba<\/td><\/tr><tr><td>Sertifikaadid<\/td><td>CE, FDA, kliinilised uuringud<\/td><\/tr><tr><td>Tinka<\/td><td>T\u00e4iskasvanutele, sagedastele reisijatele, siseruumides t\u00f6\u00f6tavatele inimestele<\/td><\/tr><\/tbody><\/table><\/figure>","protected":false},"excerpt":{"rendered":"<p data-start=\"301\" data-end=\"374\"><strong>HumanCharger - nutikas valgusteraapia meele, une ja reisimise jaoks. HumanCharger<\/strong> - on uuenduslik valgusteraapia seade, mis on loodud kiiresti ja mugavalt parandama teie meeleolu, t\u00f5stma teie energiataset ja taastama teie loomulikku uner\u00fctmi. Seade edastab valgust l\u00e4bi k\u00f5rvakanalite - otse aju valgustundlikesse piirkondadesse, stimuleerides loomulikke bioloogilisi protsesse. Lihtsalt <strong data-start=\"734\" data-end=\"758\">12 minutit p\u00e4evas<\/strong> piisab sellest, et <strong>HumanCharger<\/strong> aitab v\u00f5idelda hooajalise kurbuse, stressi, v\u00e4simuse v\u00f5i reisi ajal tasakaalust v\u00e4lja langeva \u00f6\u00f6p\u00e4evase r\u00fctmi vastu. See on ideaalne lahendus neile, kes reisivad palju, t\u00f6\u00f6tavad kontorites v\u00f5i elavad v\u00e4hese p\u00e4ikesevalgusega piirkondades.\u00a0<strong>HumanCharger<\/strong> t\u00f6\u00f6tab, kiirates spetsiaalselt valitud <strong data-start=\"1076\" data-end=\"1111\">sinisega rikastatud valge valgus<\/strong>mille lainepikkus on h\u00e4\u00e4lestatud aktiveerima serotoniini tootmist, mis on neurotransmitter, mida seostatakse parema meeleolu, eluj\u00f5u ja emotsionaalse stabiilsusega. M\u00f5ju on samav\u00e4\u00e4rne loodusliku p\u00e4ikesevalguse m\u00f5juga, mis muudab selle seadme eriti t\u00f5husaks talvel, kui loomulik valgus on v\u00e4hene.<\/p>\n<p><strong>Miks valida HumanCharger:<br \/><\/strong>\u2714\ufe0f <strong data-start=\"1448\" data-end=\"1478\">Ainulaadne t\u00f6\u00f6p\u00f5him\u00f5te<\/strong> - valgus kandub l\u00e4bi k\u00f5rvakanalite, m\u00f5jutades otseselt aju valgustundlikke piirkondi.<br \/>\u2714\ufe0f <strong data-start=\"1570\" data-end=\"1595\">Vaid 12 minutit p\u00e4evas<\/strong> - piisavalt, et tunda end energilisemalt, keskendunumalt ja paremini magada.<br \/>\u2714\ufe0f <strong data-start=\"1680\" data-end=\"1722\">Ideaalne reisimiseks ja jet lag'i vastu v\u00f5itlemiseks<\/strong> - aitab kiiremini kohaneda uute ajav\u00f6\u00f6nditega (kuni 2 korda kiiremini)<br \/>\u2714\ufe0f <strong data-start=\"1805\" data-end=\"1848\">Teadusuuringutel p\u00f5hinev m\u00f5ju<\/strong> - T\u00f5estatud t\u00f5husus hooajalise afektiivse h\u00e4ire ja unets\u00fckli h\u00e4irete vastu.<br \/>\u2714\ufe0f <strong data-start=\"1947\" data-end=\"1981\">Ohutu ja looduslik lahendus<\/strong> - ilma ravimite, k\u00f5rvaltoimete v\u00f5i pikkade kasutusprotokollideta<br \/>\u2714\ufe0f <strong data-start=\"2046\" data-end=\"2073\">Kasutavad spetsialistid<\/strong> - mida kasutavad eliitspordiklubid, lennufirmad ja isegi k\u00f5rgetasemelised \u00e4rireisijad.<br \/>\u2714\ufe0f <strong data-start=\"2171\" data-end=\"2206\">Kompaktne, kaasaegne ja vaikne<\/strong> - sobib h\u00f5lpsasti teie igap\u00e4evaellu, sobib kasutamiseks nii kontoris, kodus kui ka liikvel olles.<\/p>\n<p data-pm-slice=\"1 1 []\"><strong>TARNEAEG V\u00d5IB VARIEERUDA 10-14 T\u00d6\u00d6P\u00c4EVA.<\/strong><\/p>","protected":false},"featured_media":34300,"comment_status":"open","ping_status":"closed","template":"","meta":{"_acf_changed":false},"product_brand":[],"product_cat":[282,285,61,283],"product_tag":[],"class_list":{"0":"post-34309","1":"product","2":"type-product","3":"status-publish","4":"has-post-thumbnail","6":"product_cat-longevity-prietaisai","7":"product_cat-nervu-stimuliacija","8":"product_cat-ramybei","9":"product_cat-sveikatingumo-prietaisai","11":"first","12":"instock","13":"shipping-taxable","14":"purchasable","15":"product-type-simple"},"acf":[],"tiered_pricing_type":"fixed","tiered_pricing_fixed_rules":[],"tiered_pricing_product_settings":{"layout":"default","base_unit_name":{"singular":null,"plural":null},"default_variation":null},"tiered_pricing_minimum_quantity":null,"tiered_pricing_roles_data":[],"tiered_pricing_percentage_rules":[],"_links":{"self":[{"href":"https:\/\/purama.lt\/ee\/wp-json\/wp\/v2\/product\/34309","targetHints":{"allow":["GET"]}}],"collection":[{"href":"https:\/\/purama.lt\/ee\/wp-json\/wp\/v2\/product"}],"about":[{"href":"https:\/\/purama.lt\/ee\/wp-json\/wp\/v2\/types\/product"}],"replies":[{"embeddable":true,"href":"https:\/\/purama.lt\/ee\/wp-json\/wp\/v2\/comments?post=34309"}],"wp:featuredmedia":[{"embeddable":true,"href":"https:\/\/purama.lt\/ee\/wp-json\/wp\/v2\/media\/34300"}],"wp:attachment":[{"href":"https:\/\/purama.lt\/ee\/wp-json\/wp\/v2\/media?parent=34309"}],"wp:term":[{"taxonomy":"product_brand","embeddable":true,"href":"https:\/\/purama.lt\/ee\/wp-json\/wp\/v2\/product_brand?post=34309"},{"taxonomy":"product_cat","embeddable":true,"href":"https:\/\/purama.lt\/ee\/wp-json\/wp\/v2\/product_cat?post=34309"},{"taxonomy":"product_tag","embeddable":true,"href":"https:\/\/purama.lt\/ee\/wp-json\/wp\/v2\/product_tag?post=34309"}],"curies":[{"name":"wp","href":"https:\/\/api.w.org\/{rel}","templated":true}]}}