{"id":34083,"date":"2025-04-16T10:49:45","date_gmt":"2025-04-16T10:49:45","guid":{"rendered":"https:\/\/purama.lt\/produktas\/medicube-one-day-exosome-shot-pore-ampoule-2000-revitalizuojantis-serumas\/"},"modified":"2026-04-10T13:03:28","modified_gmt":"2026-04-10T11:03:28","slug":"medicube-one-day-exosome-shot-pore-ampull-2000-revitaliseeriv-seerum","status":"publish","type":"product","link":"https:\/\/purama.lt\/ee\/produktas\/medicube-one-day-exosome-shot-pore-ampoule-2000-revitalizuojantis-serumas\/","title":{"rendered":"MEDICUBE One Day Exosome Shot Pore Ampoule 2000 Revitaliseerum taastav seerum"},"content":{"rendered":"<p><strong>Kasutamine:<\/strong><br>Kasutage <em>MEDICUBE \u00dchep\u00e4evane eksosoomi s\u00fcstla Pore Ampull 2000<\/em> \u00f5htuse nahahooldusrutiini ajal puhtale, toonitud nahale. Pigistage v\u00e4ike kogus ampulli s\u00f5rmeotstele ja kandke see \u00f5rnalt \u00fcle n\u00e4o, keskendudes eriti probleemsetele, laienenud pooridele v\u00f5i tundlikele piirkondadele. Masseerige \u00f5rnalt, kuni see on t\u00e4ielikult imendunud. Seej\u00e4rel j\u00e4tkake \u00fclej\u00e4\u00e4nud nahahooldusrutiiniga, kasutades kreemi v\u00f5i muid tooteid. Maksimaalse tulemuse saavutamiseks on soovitatav kasutada igap\u00e4evaselt v\u00e4hemalt 7 j\u00e4rjestikust p\u00e4eva.<br><br><strong>Koostisosad (INCI):<\/strong><br>Vesi, but\u00fcleengl\u00fckool, diprop\u00fcleengl\u00fckool, gl\u00fctseriin, 1,2-heksandiool, betaiin, h\u00fcdroks\u00fcatsetofenoon, karbomeer, trometamiin, naatriumh\u00fcaluronaat, pantenool, allantoiin, adenosiin, dinaatrium-EDTA, H\u00fcdrol\u00fc\u00fcsitud kollageen, Madecassoside, Asiaticoside, Melaleuca Alternifolia (teepuu) lehe\u00f5li, Lactobacillus Ferment Lysate, h\u00fcdrogeenitud letsitiin, Ceramide NP, kolesterool, skvalaan, Centella Asiatica ekstrakt, Camellia Sinensis Leaf Extract, Polygonum Cuspidatum Root Extract, Scutellaria Baicalensis Root Extract, Glycyrrhiza Glabra (Licorice) Root Extract, Chamomilla Recutita (Matricaria) \u00f5ieekstrakt, Rosmarinus Officinalis (Rosmarinus) leheekstrakt, kapr\u00fc\u00fcl-kapriksete trigl\u00fctseriid, et\u00fc\u00fclheks\u00fc\u00fclgl\u00fctseriin, letsitiin, inimese adipots\u00fc\u00fctide konditsioneeritud meedia ekstrakt (eksosoomid).<\/p>\n\n\n\n<p>See koostis on m\u00f5eldud naha taaselustamiseks, selle barj\u00e4\u00e4rifunktsiooni tugevdamiseks ja veatu s\u00e4ra andmiseks, ilma poore r\u00f5hutamata.<\/p>\n\n\n\n<p>Kas otsite rohkem? Vaadake t\u00e4ielikku <a href=\"\/ee\/tootesildid\/medicube\/\">Medicube sortimenti<\/a>.<\/p>","protected":false},"excerpt":{"rendered":"<p class=\"\" data-start=\"0\" data-end=\"95\"><strong data-start=\"0\" data-end=\"95\">MEDICUBE One Day Exosome Shot Pore Ampoule 2000 - sihip\u00e4rane pooride puhastamine \u00fches etapis\u00a0<\/strong>Avastage naha intensiivne uuenemise j\u00f5ud MEDICUBE One Day Exosome Shot'iga, mis on kontsentreeritud ampull, mis sisaldab isegi <strong data-start=\"207\" data-end=\"228\">2000 ppm eksosoomid<\/strong>, m\u00f5eldud kiirete, kuid p\u00fcsivate tulemuste saavutamiseks. See k\u00f5rgtehnoloogiline valem t\u00f6\u00f6tab eesm\u00e4rgip\u00e4raselt - <strong data-start=\"328\" data-end=\"347\">pinguldab poore<\/strong>, <strong>tasakaalustab naha talitootmist ja taastab naha sileduse<\/strong>. Eksosoomid on t\u00e4iustatud rakkude regenereerimise stimulaatorid, mida kasutatakse naha parandamiseks, toonuse parandamiseks ja tekstuuri silumiseks. Juba \u00fche p\u00e4evaga m\u00e4rkate siledamat nahka, v\u00e4hem n\u00e4htavaid poore ning eluj\u00f5ulisemat ja s\u00e4ravamat jume. Sobib k\u00f5ikidele nahat\u00fc\u00fcpidele, eriti kombineeritud ja rasusele, suurenenud pooridele kalduvale nahale. <\/p>\n<p><strong data-start=\"739\" data-end=\"763\">Miks valida?<br \/><\/strong> \u2714\ufe0f Isegi 2000 ppm eksosoomid intensiivseks naha uuendamiseks<br data-start=\"820\" data-end=\"823\" \/>\u2714\ufe0f Pinguldab n\u00e4htavalt poore ja v\u00e4hendab nende n\u00e4htavust.<br data-start=\"874\" data-end=\"877\" \/>\u2714\ufe0f Tasakaalustab talitootmist, takistab l\u00e4iget.<br data-start=\"930\" data-end=\"933\" \/>\u2714\ufe0f Silub nahapinda ja parandab naha elastsust.<br data-start=\"982\" data-end=\"985\" \/>\u2714\ufe0f T\u00f6\u00f6tab kiiresti - ideaalne t\u00e4htsate s\u00fcndmuste jaoks.<\/p>","protected":false},"featured_media":34067,"comment_status":"open","ping_status":"closed","template":"","meta":{"_acf_changed":false},"product_brand":[438],"product_cat":[56,92,500,59],"product_tag":[],"class_list":{"0":"post-34083","1":"product","2":"type-product","3":"status-publish","4":"has-post-thumbnail","6":"product_brand-medicube","7":"product_cat-veido-serumai","8":"product_cat-groziui","9":"product_cat-outlet","10":"product_cat-veidui","12":"first","13":"instock","14":"sale","15":"shipping-taxable","16":"purchasable","17":"product-type-simple"},"acf":[],"tiered_pricing_type":"fixed","tiered_pricing_fixed_rules":[],"tiered_pricing_product_settings":{"layout":"default","base_unit_name":{"singular":null,"plural":null},"default_variation":null},"tiered_pricing_minimum_quantity":null,"tiered_pricing_roles_data":[],"tiered_pricing_percentage_rules":[],"_links":{"self":[{"href":"https:\/\/purama.lt\/ee\/wp-json\/wp\/v2\/product\/34083","targetHints":{"allow":["GET"]}}],"collection":[{"href":"https:\/\/purama.lt\/ee\/wp-json\/wp\/v2\/product"}],"about":[{"href":"https:\/\/purama.lt\/ee\/wp-json\/wp\/v2\/types\/product"}],"replies":[{"embeddable":true,"href":"https:\/\/purama.lt\/ee\/wp-json\/wp\/v2\/comments?post=34083"}],"wp:featuredmedia":[{"embeddable":true,"href":"https:\/\/purama.lt\/ee\/wp-json\/wp\/v2\/media\/34067"}],"wp:attachment":[{"href":"https:\/\/purama.lt\/ee\/wp-json\/wp\/v2\/media?parent=34083"}],"wp:term":[{"taxonomy":"product_brand","embeddable":true,"href":"https:\/\/purama.lt\/ee\/wp-json\/wp\/v2\/product_brand?post=34083"},{"taxonomy":"product_cat","embeddable":true,"href":"https:\/\/purama.lt\/ee\/wp-json\/wp\/v2\/product_cat?post=34083"},{"taxonomy":"product_tag","embeddable":true,"href":"https:\/\/purama.lt\/ee\/wp-json\/wp\/v2\/product_tag?post=34083"}],"curies":[{"name":"wp","href":"https:\/\/api.w.org\/{rel}","templated":true}]}}