{"id":34082,"date":"2025-04-16T10:49:45","date_gmt":"2025-04-16T10:49:45","guid":{"rendered":"https:\/\/purama.lt\/produktas\/medicube-kolageno-stangrinamoji-naktine-kauke\/"},"modified":"2026-04-10T13:03:28","modified_gmt":"2026-04-10T11:03:28","slug":"medicube-kollageeni-pinguldav-oine-mask","status":"publish","type":"product","link":"https:\/\/purama.lt\/ee\/produktas\/medicube-kolageno-stangrinamoji-naktine-kauke\/","title":{"rendered":"Medicube Kollageeni \u00f6\u00f6mask pinguldav \u00f6\u00f6mask"},"content":{"rendered":"<p><strong>Kasutamine:<\/strong><br>\u00d5htul, p\u00e4rast tavalist nahapuhastust ja toonust:<\/p>\n\n\n\n<ol class=\"wp-block-list\">\n<li><strong>Rakenda<\/strong> - Kandke mask \u00f5hukese, \u00fchtlase kihina kuivale nahale, v\u00e4ltides silmade ja huulte piirkonda.<\/li>\n\n\n\n<li><strong>J\u00e4ta \u00fcle\u00f6\u00f6<\/strong> - Mask k\u00f5veneb j\u00e4rk-j\u00e4rgult ja moodustab kaitsva kile, mis v\u00f5imaldab toimeainetel kogu une ajal toimida.<\/li>\n\n\n\n<li><strong>Eemaldage hommikul<\/strong> - Koorige mask ettevaatlikult servadest keskele.<\/li>\n\n\n\n<li><strong>Pese oma n\u00e4gu<\/strong> leige veega ja j\u00e4tkake hommikuse nahahooldusega.<\/li>\n<\/ol>\n\n\n\n<p>Soovitatav kasutada 2-3 korda n\u00e4dalas, et saavutada pikaajaline pinguldav ja v\u00e4rskendav toime.<br><br><strong>Koostisained:<\/strong><br>Vesi, pol\u00fcvin\u00fc\u00fclalkohol, alkohol Denat, gl\u00fctseriin, h\u00fcdrol\u00fc\u00fcsitud merekollageen, naatriumh\u00fcaluronaat, adenosiin, betaiin, allantoiin, ekstraktid (roheline tee, kummel, lambal\u00e4\u00e4ts), karbomeer, l\u00f5hnaaine, PEG.<\/p>\n\n\n\n<p>Kas otsite rohkem? Vaadake t\u00e4ielikku <a href=\"\/ee\/tootesildid\/medicube\/\">Medicube sortimenti<\/a>.<\/p>","protected":false},"excerpt":{"rendered":"<p class=\"\" data-start=\"0\" data-end=\"62\"><strong data-start=\"0\" data-end=\"62\">Medicube Collagen Night Wrapping Mask: <\/strong>Avaldage oma naha ilu magamise ajal koos <strong data-start=\"107\" data-end=\"157\">Medicube Collagen Night Wrapping Peel Off mask<\/strong> - on t\u00e4iustatud \u00f6\u00f6mask, mis \u00fcmbritseb nahka nagu n\u00e4htamatu kile, lukustades aktiivsed koostisosad ja stimuleerides intensiivset taastumist \u00f6\u00f6 jooksul. See kollageeni, adenosiini ja h\u00fcaluroonhapet sisaldav kooriv mask <strong>aitab taastada pinguldatust, v\u00e4hendada kortse ja parandada naha \u00fcldist tekstuuri.\u00a0<\/strong>T\u00e4nu oma ainulaadsele tekstuurile ja koostisele ei niisuta mask mitte ainult, vaid soodustab ka loomulikku elastsuse taastamist, j\u00e4ttes teile hommikul pehme, sileda ja s\u00e4rava naha. Sobib k\u00f5ikidele nahat\u00fc\u00fcpidele, eriti k\u00fcpsele ja v\u00e4sinud nahale.<\/p>\n<p class=\"\" data-start=\"682\" data-end=\"708\"><strong data-start=\"682\" data-end=\"708\">Miks seda proovida?<br \/><\/strong>\u2714\ufe0f Merekollageen - aitab tugevdada naha struktuuri ja elastsust.<br data-start=\"783\" data-end=\"786\" \/>\u2714\ufe0f Adenosiin - v\u00f5itleb peente joonte vastu ja parandab naha toonust.<br data-start=\"861\" data-end=\"864\" \/>\u2714\ufe0f H\u00fcaluroonhape - intensiivne niisutus ja kaitse kuivuse eest.<br data-start=\"935\" data-end=\"938\" \/>\u2714\ufe0f Night peel-off valem - moodustab kaitsva kile, et parandada toimeainete imendumist.<br data-start=\"1041\" data-end=\"1044\" \/>\u2714\ufe0f Morning Effect - v\u00e4rskem, s\u00e4ravam ja pingevabam nahk ilma lisapingutusteta.<\/p>","protected":false},"featured_media":34062,"comment_status":"open","ping_status":"closed","template":"","meta":{"_acf_changed":false},"product_brand":[438],"product_cat":[92,59],"product_tag":[],"class_list":{"0":"post-34082","1":"product","2":"type-product","3":"status-publish","4":"has-post-thumbnail","6":"product_brand-medicube","7":"product_cat-groziui","8":"product_cat-veidui","10":"first","11":"instock","12":"shipping-taxable","13":"purchasable","14":"product-type-simple"},"acf":[],"tiered_pricing_type":"fixed","tiered_pricing_fixed_rules":[],"tiered_pricing_product_settings":{"layout":"default","base_unit_name":{"singular":null,"plural":null},"default_variation":null},"tiered_pricing_minimum_quantity":null,"tiered_pricing_roles_data":[],"tiered_pricing_percentage_rules":[],"_links":{"self":[{"href":"https:\/\/purama.lt\/ee\/wp-json\/wp\/v2\/product\/34082","targetHints":{"allow":["GET"]}}],"collection":[{"href":"https:\/\/purama.lt\/ee\/wp-json\/wp\/v2\/product"}],"about":[{"href":"https:\/\/purama.lt\/ee\/wp-json\/wp\/v2\/types\/product"}],"replies":[{"embeddable":true,"href":"https:\/\/purama.lt\/ee\/wp-json\/wp\/v2\/comments?post=34082"}],"wp:featuredmedia":[{"embeddable":true,"href":"https:\/\/purama.lt\/ee\/wp-json\/wp\/v2\/media\/34062"}],"wp:attachment":[{"href":"https:\/\/purama.lt\/ee\/wp-json\/wp\/v2\/media?parent=34082"}],"wp:term":[{"taxonomy":"product_brand","embeddable":true,"href":"https:\/\/purama.lt\/ee\/wp-json\/wp\/v2\/product_brand?post=34082"},{"taxonomy":"product_cat","embeddable":true,"href":"https:\/\/purama.lt\/ee\/wp-json\/wp\/v2\/product_cat?post=34082"},{"taxonomy":"product_tag","embeddable":true,"href":"https:\/\/purama.lt\/ee\/wp-json\/wp\/v2\/product_tag?post=34082"}],"curies":[{"name":"wp","href":"https:\/\/api.w.org\/{rel}","templated":true}]}}