{"id":34080,"date":"2025-04-16T10:49:44","date_gmt":"2025-04-16T10:49:44","guid":{"rendered":"https:\/\/purama.lt\/produktas\/cosrx-the-niacinamide-serumas-su-15-niacinamido\/"},"modified":"2026-04-10T13:03:28","modified_gmt":"2026-04-10T11:03:28","slug":"cosrx-niatsiinamiidi-seerum-15-niatsiinamiidiga","status":"publish","type":"product","link":"https:\/\/purama.lt\/ee\/produktas\/cosrx-the-niacinamide-serumas-su-15-niacinamido\/","title":{"rendered":"COSRX Niatsiinamiid seerum 15% niatsiinamiidiga"},"content":{"rendered":"<p><strong>Kasutamine:<\/strong><br>Kasutage 1-2 korda p\u00e4evas, hommikul v\u00f5i \u00f5htul, s\u00f5ltuvalt teie naha vajadustest. Kandke paar tilka seerumit puhtale ja toonustatud nahale. Kandke seda \u00f5rnalt kogu n\u00e4ole, eriti rasueritusele, aknele v\u00f5i pigmentatsioonile kalduvatele piirkondadele. Masseerige \u00f5rnalt, kuni see on t\u00e4ielikult imendunud. Seej\u00e4rel kasutage niisutavat kreemi. \u00c4rge unustage p\u00e4evasel ajal kasutada SPF-kreemi.<\/p>\n\n\n\n<p><strong>Koostisained:<\/strong><br>Niatsiinamiid (15%), but\u00fcleengl\u00fckool, tsink PCA, diprop\u00fcleengl\u00fckool, Melaleuca Alternifolia (teepuu) lehe\u00f5li, allantoiin, pantenool, naatriumh\u00fcaluronaat, h\u00fcdroks\u00fcet\u00fc\u00fcltselluloos, arginiin, 1,2-heksandiool, et\u00fc\u00fclheks\u00fc\u00fclgl\u00fctseriin, vesi.<\/p>\n\n\n\n<p>Kas otsite rohkem? Vaadake t\u00e4ielikku <a href=\"\/ee\/tootesildid\/cosrx\/\">COSRX tooted<\/a>.<\/p>","protected":false},"excerpt":{"rendered":"<p class=\"\" data-start=\"0\" data-end=\"93\"><strong data-start=\"0\" data-end=\"93\">COSRX The Niacinamide 15 Serum - Intensiivne seerum naha helendamiseks ja akne kontrollimiseks, <\/strong>on k\u00f5rge kontsentratsiooniga (15%) niatsinamiid seerum, mis on m\u00f5eldud aknearmide, liigse rasu ja laienenud pooride v\u00e4hendamiseks. See t\u00f5hus koostis <strong>kirgastab jume, parandab naha tekstuuri, v\u00e4hendab p\u00f5letikku ja aitab ennetada uute aknede teket.<\/strong>. Tsink-PCA, teepuu\u00f5li ja allantoiiniga rikastatud seerum rahustab \u00e4rritunud nahka ja s\u00e4ilitab niiskustasakaalu. Sobib ideaalselt kombineeritud ja rasusele, aknele v\u00f5i eba\u00fchtlasele nahatoonile kalduvale nahale.<\/p>\n<p class=\"\" data-start=\"579\" data-end=\"920\"><strong>Miks valida:<\/strong><br data-start=\"599\" data-end=\"602\" \/>\u2714\ufe0f 15 % niatsiinamiid - v\u00e4hendab pigmentatsiooni, akne ja \u00fchtlustab naha tooni.<br data-start=\"678\" data-end=\"681\" \/>\u2714\ufe0f Zinc PCA - kontrollib rasva eritumist ja on antibakteriaalne.<br data-start=\"754\" data-end=\"757\" \/>\u2714\ufe0f Teepuu\u00f5li on looduslik antiseptikum ja v\u00e4hendab p\u00f5letikku.<br data-start=\"822\" data-end=\"825\" \/>\u2714\ufe0f Allantoiin - rahustab ja niisutab tundlikku nahka.<br data-start=\"870\" data-end=\"873\" \/>\u2714\ufe0f Sobib probleemsele, kombineeritud ja rasusele nahale.<\/p>","protected":false},"featured_media":34069,"comment_status":"open","ping_status":"closed","template":"","meta":{"_acf_changed":false},"product_brand":[418],"product_cat":[56,92,59],"product_tag":[],"class_list":{"0":"post-34080","1":"product","2":"type-product","3":"status-publish","4":"has-post-thumbnail","6":"product_brand-cosrx","7":"product_cat-veido-serumai","8":"product_cat-groziui","9":"product_cat-veidui","11":"first","12":"instock","13":"shipping-taxable","14":"purchasable","15":"product-type-simple"},"acf":[],"tiered_pricing_type":"fixed","tiered_pricing_fixed_rules":[],"tiered_pricing_product_settings":{"layout":"default","base_unit_name":{"singular":null,"plural":null},"default_variation":null},"tiered_pricing_minimum_quantity":null,"tiered_pricing_roles_data":[],"tiered_pricing_percentage_rules":[],"_links":{"self":[{"href":"https:\/\/purama.lt\/ee\/wp-json\/wp\/v2\/product\/34080","targetHints":{"allow":["GET"]}}],"collection":[{"href":"https:\/\/purama.lt\/ee\/wp-json\/wp\/v2\/product"}],"about":[{"href":"https:\/\/purama.lt\/ee\/wp-json\/wp\/v2\/types\/product"}],"replies":[{"embeddable":true,"href":"https:\/\/purama.lt\/ee\/wp-json\/wp\/v2\/comments?post=34080"}],"wp:featuredmedia":[{"embeddable":true,"href":"https:\/\/purama.lt\/ee\/wp-json\/wp\/v2\/media\/34069"}],"wp:attachment":[{"href":"https:\/\/purama.lt\/ee\/wp-json\/wp\/v2\/media?parent=34080"}],"wp:term":[{"taxonomy":"product_brand","embeddable":true,"href":"https:\/\/purama.lt\/ee\/wp-json\/wp\/v2\/product_brand?post=34080"},{"taxonomy":"product_cat","embeddable":true,"href":"https:\/\/purama.lt\/ee\/wp-json\/wp\/v2\/product_cat?post=34080"},{"taxonomy":"product_tag","embeddable":true,"href":"https:\/\/purama.lt\/ee\/wp-json\/wp\/v2\/product_tag?post=34080"}],"curies":[{"name":"wp","href":"https:\/\/api.w.org\/{rel}","templated":true}]}}