{"id":34077,"date":"2025-04-16T10:49:43","date_gmt":"2025-04-16T10:49:43","guid":{"rendered":"https:\/\/purama.lt\/produktas\/beauty-of-joseon-green-plum-refreshing-cleanser-gaivinamasis-veido-prausiklis\/"},"modified":"2026-04-10T13:03:28","modified_gmt":"2026-04-10T11:03:28","slug":"beauty-of-joseon-roheline-ploomi-varskendav-puhastusvahend-varskendav-naopesu","status":"publish","type":"product","link":"https:\/\/purama.lt\/ee\/produktas\/beauty-of-joseon-green-plum-refreshing-cleanser-gaivinamasis-veido-prausiklis\/","title":{"rendered":"BEAUTY OF JOSEON Green Plum Refreshing Cleanser V\u00e4rskendav n\u00e4opuhastusvahend V\u00e4rskendav n\u00e4opesu"},"content":{"rendered":"<p><strong>Kasutamine:<\/strong><br>Pigistage v\u00e4ike kogus puhastusvahendit peopessa ja segage seda v\u00e4hese veega, kuni see vahutab. Masseerige \u00f5rnalt oma n\u00e4gu, v\u00e4ltides silmapiirkonda, seej\u00e4rel loputage hoolikalt sooja veega. Kasutage hommikuti ja \u00f5htuti oma nahahooldusrutiini alustuseks.<\/p>\n\n\n\n<p><strong>Koostis:<\/strong><br>Vesi, gl\u00fctseriin, naatriumkookos\u00fc\u00fclgl\u00fctsinaat, naatriummet\u00fc\u00fclkookos\u00fc\u00fcltauraat, akr\u00fclaatkopol\u00fcmeer, kookosbetaiin, Prunus Mume puuvilja vesi (24%), Phaseolus Radiatus seemne ekstrakt (1%), Portulaca Oleracea ekstrakt, Centella Asiatica ekstrakt, Camellia Sinensis Leaf Extract, Houttuynia Cordata Extract, But\u00fcleengl\u00fckool, naatriumkloriid, sidrunhape, naatriumbensoaat, naatriumbensoaat, dinaatrium-EDTA, et\u00fc\u00fclheks\u00fc\u00fclgl\u00fctseriin, l\u00f5hnaaine.<\/p>","protected":false},"excerpt":{"rendered":"<p class=\"\" data-start=\"0\" data-end=\"667\"><strong data-start=\"0\" data-end=\"83\">BEAUTY OF JOSEON Green Plum Refreshing Cleanser - v\u00e4rskendav n\u00e4opesu. <\/strong>See \u00f5rn, kuid t\u00f5hus geelstruktuuriga puhastusvahend on m\u00f5eldud igap\u00e4evaseks kasutamiseks, et taaselustada ja taastada naha loomulik tasakaal. Rikastatud rohelise ploomi ekstrakti ja mungoubade seemnevee abil ei ole see mitte ainult <strong>eemaldab \u00f5rnalt mustuse ja liigse rasu, kuid s\u00e4ilitab ka naha niiskustasakaalu, et hoida n\u00e4gu p\u00e4rast pesemist puhtana, v\u00e4rskena ja niisutatuna.<\/strong>. Andke oma nahale hommikune v\u00e4rskendus ja \u00f5htune puhastusrituaal selle puhastusvahendiga, mis ei kuivata ja ei h\u00e4iri naha loomulikku barj\u00e4\u00e4ri - ideaalne valik k\u00f5ikidele nahat\u00fc\u00fcpidele, sealhulgas tundlikule nahale.<\/p>\n<p class=\"\" data-start=\"669\" data-end=\"962\"><strong data-start=\"669\" data-end=\"695\">Miks seda proovida?<\/strong><br data-start=\"695\" data-end=\"698\" \/>\u2714\ufe0f Rikastatud rohelise ploomi ekstraktiga - puhastab ja kirgastab nahka.<br data-start=\"760\" data-end=\"763\" \/>\u2714\ufe0f \u00d5rn isegi tundlikule nahale - ei \u00e4rrita ja ei kuivata.<br data-start=\"816\" data-end=\"819\" \/>\u2714\ufe0f Geeli tekstuur - lihtne vahutamine ja meeldiv laialilaotamine<br data-start=\"876\" data-end=\"879\" \/>\u2714\ufe0f S\u00e4ilitab naha niiskustasakaalu<br data-start=\"910\" data-end=\"913\" \/>\u2714\ufe0f Sobib igap\u00e4evaseks kasutamiseks - hommikul ja \u00f5htul.<\/p>","protected":false},"featured_media":34064,"comment_status":"open","ping_status":"closed","template":"","meta":{"_acf_changed":false},"product_brand":[410],"product_cat":[150,92,500,59],"product_tag":[],"class_list":{"0":"post-34077","1":"product","2":"type-product","3":"status-publish","4":"has-post-thumbnail","6":"product_brand-beauty-of-joseon","7":"product_cat-veido-prausikliai","8":"product_cat-groziui","9":"product_cat-outlet","10":"product_cat-veidui","12":"first","13":"instock","14":"sale","15":"shipping-taxable","16":"purchasable","17":"product-type-simple"},"acf":[],"tiered_pricing_type":"fixed","tiered_pricing_fixed_rules":[],"tiered_pricing_product_settings":{"layout":"default","base_unit_name":{"singular":null,"plural":null},"default_variation":null},"tiered_pricing_minimum_quantity":null,"tiered_pricing_roles_data":[],"tiered_pricing_percentage_rules":[],"_links":{"self":[{"href":"https:\/\/purama.lt\/ee\/wp-json\/wp\/v2\/product\/34077","targetHints":{"allow":["GET"]}}],"collection":[{"href":"https:\/\/purama.lt\/ee\/wp-json\/wp\/v2\/product"}],"about":[{"href":"https:\/\/purama.lt\/ee\/wp-json\/wp\/v2\/types\/product"}],"replies":[{"embeddable":true,"href":"https:\/\/purama.lt\/ee\/wp-json\/wp\/v2\/comments?post=34077"}],"wp:featuredmedia":[{"embeddable":true,"href":"https:\/\/purama.lt\/ee\/wp-json\/wp\/v2\/media\/34064"}],"wp:attachment":[{"href":"https:\/\/purama.lt\/ee\/wp-json\/wp\/v2\/media?parent=34077"}],"wp:term":[{"taxonomy":"product_brand","embeddable":true,"href":"https:\/\/purama.lt\/ee\/wp-json\/wp\/v2\/product_brand?post=34077"},{"taxonomy":"product_cat","embeddable":true,"href":"https:\/\/purama.lt\/ee\/wp-json\/wp\/v2\/product_cat?post=34077"},{"taxonomy":"product_tag","embeddable":true,"href":"https:\/\/purama.lt\/ee\/wp-json\/wp\/v2\/product_tag?post=34077"}],"curies":[{"name":"wp","href":"https:\/\/api.w.org\/{rel}","templated":true}]}}