{"id":34076,"date":"2025-04-16T10:49:42","date_gmt":"2025-04-16T10:49:42","guid":{"rendered":"https:\/\/purama.lt\/produktas\/beauty-of-joseon-relief-sun-aqua-fresh-rice-b5-spf50-pa-apsauginis-kremas-nuo-saules\/"},"modified":"2026-04-10T13:03:28","modified_gmt":"2026-04-10T11:03:28","slug":"ilu-joseon-relief-sun-aqua-fresh-rice-b5-spf50-paikesekaitsekreem","status":"publish","type":"product","link":"https:\/\/purama.lt\/ee\/produktas\/beauty-of-joseon-relief-sun-aqua-fresh-rice-b5-spf50-pa-apsauginis-kremas-nuo-saules\/","title":{"rendered":"BEAUTY OF JOSEON Relief Sun Aqua Fresh Rice + B5 SPF50+ PA++++ p\u00e4ikesekaitsekreem"},"content":{"rendered":"<p><strong>Kasutamine:<\/strong><br>Kandke piisav kogus kreemi puhtale, niisutatud nahale viimase nahahooldusetapina enne meigi pealekandmist v\u00f5i v\u00e4lja minekut. T\u00f5husaks kaitseks kandke kreemi \u00fchtlaselt kogu n\u00e4ole, unustamata kaela- ja k\u00f5rvapiirkonda.<br>Kui viibite pikalt p\u00e4ikese k\u00e4es, on soovitav kreemi uuesti peale kanda iga 2-3 tunni j\u00e4rel, eriti p\u00e4rast higistamist v\u00f5i ujumist. See kreem ei kaitse teid mitte ainult kahjulike p\u00e4ikesekiirte eest, vaid hoiab teie naha ka kogu p\u00e4eva jooksul niisutatuna.<br><br><strong>Koostis:<\/strong><br>Vesi, dibut\u00fc\u00fcladipaat, propaandiool, et\u00fc\u00fclheks\u00fc\u00fcltriasoon, but\u00fc\u00fclokt\u00fc\u00fclsalits\u00fclaat, diet\u00fc\u00fclamino-h\u00fcdroks\u00fcbenso\u00fc\u00fclheks\u00fc\u00fclbensoaat, pol\u00fcgl\u00fctser\u00fc\u00fcl-3-met\u00fc\u00fclgl\u00fckoosidistearaat, 1,2-heksandiool, riisiekstrakt (30%), Panthenool, betaiin, niatsiinamiid, tokoferool, Camellia Sinensis Leaf Extract, Centella Asiatica Extract, gl\u00fctseriin, akr\u00fclaatide\/C10-30 alk\u00fc\u00fclakr\u00fclaadi ristpol\u00fcmeer, trometamiin, l\u00f5hnaained.<\/p>","protected":false},"excerpt":{"rendered":"<p class=\"\" data-start=\"0\" data-end=\"538\"><strong data-start=\"0\" data-end=\"98\">BEAUTY OF JOSEON Relief Sun: Aqua Fresh Rice + B5 SPF50+ PA++++ - P\u00e4ikesekaitse kreem.<\/strong>See on kerge, niisutav kreem, mille tekstuur pakub maksimaalset p\u00e4ikesekaitset (SPF50+ PA++++) ning toidab ja tugevdab nahka. See sisaldab riisiekstrakti (30%) ja provitamiin B5 (pantenool), niisutab, kirgastab ja tugevdab nahabarj\u00e4\u00e4ri, j\u00e4tmata valget v\u00f5i rasvast tunnet. Sobib k\u00f5ikidele nahat\u00fc\u00fcpidele - isegi tundlikule nahale - ja sobib ideaalselt igap\u00e4evaseks kasutamiseks nahahooldusrutiini viimase sammuna.<\/p>\n<p class=\"\" data-start=\"540\" data-end=\"833\"><strong data-start=\"540\" data-end=\"566\">Miks seda proovida?<\/strong><br data-start=\"566\" data-end=\"569\" \/>\u2714\ufe0f K\u00f5rge kaitse UVA- ja UVB-kiirguse eest (SPF50+ PA++++).<br data-start=\"627\" data-end=\"630\" \/>\u2714\ufe0f Niisutav koostis riisiekstrakti ja pantenooliga<br data-start=\"684\" data-end=\"687\" \/>\u2714\ufe0f \u00dclikerge tekstuur - ei tekita rasvasust.<br data-start=\"739\" data-end=\"742\" \/>\u2714\ufe0f Pooride sulgemine, ideaalne tundlikule nahale.<br data-start=\"791\" data-end=\"794\" \/>\u2714\ufe0f Ideaalne kasutamiseks enne meiki<\/p>","protected":false},"featured_media":34063,"comment_status":"open","ping_status":"closed","template":"","meta":{"_acf_changed":false},"product_brand":[410],"product_cat":[92,299,59],"product_tag":[],"class_list":{"0":"post-34076","1":"product","2":"type-product","3":"status-publish","4":"has-post-thumbnail","6":"product_brand-beauty-of-joseon","7":"product_cat-groziui","8":"product_cat-kremai-nuo-saules-veidui","9":"product_cat-veidui","11":"first","12":"outofstock","13":"shipping-taxable","14":"purchasable","15":"product-type-simple"},"acf":[],"tiered_pricing_type":"fixed","tiered_pricing_fixed_rules":[],"tiered_pricing_product_settings":{"layout":"default","base_unit_name":{"singular":null,"plural":null},"default_variation":null},"tiered_pricing_minimum_quantity":null,"tiered_pricing_roles_data":[],"tiered_pricing_percentage_rules":[],"_links":{"self":[{"href":"https:\/\/purama.lt\/ee\/wp-json\/wp\/v2\/product\/34076","targetHints":{"allow":["GET"]}}],"collection":[{"href":"https:\/\/purama.lt\/ee\/wp-json\/wp\/v2\/product"}],"about":[{"href":"https:\/\/purama.lt\/ee\/wp-json\/wp\/v2\/types\/product"}],"replies":[{"embeddable":true,"href":"https:\/\/purama.lt\/ee\/wp-json\/wp\/v2\/comments?post=34076"}],"wp:featuredmedia":[{"embeddable":true,"href":"https:\/\/purama.lt\/ee\/wp-json\/wp\/v2\/media\/34063"}],"wp:attachment":[{"href":"https:\/\/purama.lt\/ee\/wp-json\/wp\/v2\/media?parent=34076"}],"wp:term":[{"taxonomy":"product_brand","embeddable":true,"href":"https:\/\/purama.lt\/ee\/wp-json\/wp\/v2\/product_brand?post=34076"},{"taxonomy":"product_cat","embeddable":true,"href":"https:\/\/purama.lt\/ee\/wp-json\/wp\/v2\/product_cat?post=34076"},{"taxonomy":"product_tag","embeddable":true,"href":"https:\/\/purama.lt\/ee\/wp-json\/wp\/v2\/product_tag?post=34076"}],"curies":[{"name":"wp","href":"https:\/\/api.w.org\/{rel}","templated":true}]}}