{"id":34075,"date":"2025-04-16T10:49:42","date_gmt":"2025-04-16T10:49:42","guid":{"rendered":"https:\/\/purama.lt\/produktas\/anua-heartleaf-77-raminantis-veido-tonikas\/"},"modified":"2026-04-10T13:03:28","modified_gmt":"2026-04-10T11:03:28","slug":"anua-heartleaf-77-rahustav-naotoonik","status":"publish","type":"product","link":"https:\/\/purama.lt\/ee\/produktas\/anua-heartleaf-77-raminantis-veido-tonikas\/","title":{"rendered":"ANUA HEARTLEAF 77% rahustav n\u00e4otoonik"},"content":{"rendered":"<p><strong>Kasutamine:<\/strong><br>Hommikuti ja \u00f5htuti p\u00e4rast puhastamist kandke veidi toonikut vatipadjale v\u00f5i peopesadele ja kandke see \u00f5rnalt n\u00e4ole ja kaelale. Oodake, kuni see imendub, ja j\u00e4tkake oma nahahooldusrutiiniga. Kui teie nahk on eriti tundlik v\u00f5i kuivanud, v\u00f5ib toonikut kasutada ka niisutava maskina, asetades niisutatud vatipadjad 5-10 minutiks nahale.<br><br><strong>Koostis:<\/strong><br>Houttuynia Cordata ekstrakt (77%), vesi, 1,2-heksandiool, gl\u00fctseriin, betaiin, pantenool, Saccharum Officinarum (suhkruroo) ekstrakt, Portulaca Oleracea ekstrakt, but\u00fcleengl\u00fckool, Vitex Agnus-Castus ekstrakt, Chamomilla Recutita (Matricaria) \u00f5ieekstrakt, Arctium Lappa juurte ekstrakt, Phellinus Linteus ekstrakt, Vitis Vinifera (viinamarja) puuviljaekstrakt, Pyrus Malus (\u00f5una) puuviljaekstrakt, Centella Asiatica ekstrakt, isopent\u00fc\u00fcldiool, met\u00fc\u00fclpropandiool, akr\u00fclaatide\/C10-30 alk\u00fc\u00fclakr\u00fclaadi ristpol\u00fcmeer, trometamiin, dinaatrium EDTA.<\/p>","protected":false},"excerpt":{"rendered":"<p class=\"\" data-start=\"51\" data-end=\"410\"><strong>Anua Heartleaf 77% rahustav tooner<\/strong> - on mahe ja \u00fclikerge n\u00e4otoonik, mis on rikastatud 77 % Houttuynia Cordata ekstraktiga, millel on nahale tugev rahustav ja tasakaalustav toime. See on m\u00f5eldud tundlikule, \u00e4rritusele v\u00f5i probleemsele nahale, aitab v\u00e4hendada punetust, ahendada poore ja s\u00e4ilitada naha tervislikku mikrobioomi. Selle vesine tekstuur imendub koheselt, j\u00e4tmata kleepuvaid j\u00e4\u00e4ke, mist\u00f5ttu sobib see ideaalselt hommikuks ja \u00f5htuseks kasutamiseks esimese sammuna niisutamisel.<\/p>\n<p class=\"\" data-start=\"554\" data-end=\"878\"><strong data-start=\"554\" data-end=\"580\">Miks seda proovida?<\/strong><br data-start=\"580\" data-end=\"583\" \/>\u2714\ufe0f Net 77 % Heartleaf Extract - intensiivne rahustav toime.<br data-start=\"651\" data-end=\"654\" \/>\u2714\ufe0f Tasakaalustab naha pH-d ja v\u00e4hendab tundlikkust.<br data-start=\"694\" data-end=\"697\" \/>\u2714\ufe0f Sobib k\u00f5ikidele nahat\u00fc\u00fcpidele, eriti tundlikule ja p\u00f5letikukalduvale nahale.<br data-start=\"760\" data-end=\"763\" data-is-only-node=\"\" \/>\u2714\ufe0f Kerge, vesine konsistents - imendub kiiresti.<br data-start=\"814\" data-end=\"817\" \/>\u2714\ufe0f Ei sisalda l\u00f5hnaaineid, alkoholi ega muid nahka \u00e4rritavaid aineid.<\/p>","protected":false},"featured_media":34071,"comment_status":"open","ping_status":"closed","template":"","meta":{"_acf_changed":false},"product_brand":[],"product_cat":[220,92,500,59],"product_tag":[],"class_list":{"0":"post-34075","1":"product","2":"type-product","3":"status-publish","4":"has-post-thumbnail","6":"product_cat-veido-tonikai","7":"product_cat-groziui","8":"product_cat-outlet","9":"product_cat-veidui","11":"first","12":"instock","13":"sale","14":"shipping-taxable","15":"purchasable","16":"product-type-simple"},"acf":[],"tiered_pricing_type":"fixed","tiered_pricing_fixed_rules":[],"tiered_pricing_product_settings":{"layout":"default","base_unit_name":{"singular":null,"plural":null},"default_variation":null},"tiered_pricing_minimum_quantity":null,"tiered_pricing_roles_data":[],"tiered_pricing_percentage_rules":[],"_links":{"self":[{"href":"https:\/\/purama.lt\/ee\/wp-json\/wp\/v2\/product\/34075","targetHints":{"allow":["GET"]}}],"collection":[{"href":"https:\/\/purama.lt\/ee\/wp-json\/wp\/v2\/product"}],"about":[{"href":"https:\/\/purama.lt\/ee\/wp-json\/wp\/v2\/types\/product"}],"replies":[{"embeddable":true,"href":"https:\/\/purama.lt\/ee\/wp-json\/wp\/v2\/comments?post=34075"}],"wp:featuredmedia":[{"embeddable":true,"href":"https:\/\/purama.lt\/ee\/wp-json\/wp\/v2\/media\/34071"}],"wp:attachment":[{"href":"https:\/\/purama.lt\/ee\/wp-json\/wp\/v2\/media?parent=34075"}],"wp:term":[{"taxonomy":"product_brand","embeddable":true,"href":"https:\/\/purama.lt\/ee\/wp-json\/wp\/v2\/product_brand?post=34075"},{"taxonomy":"product_cat","embeddable":true,"href":"https:\/\/purama.lt\/ee\/wp-json\/wp\/v2\/product_cat?post=34075"},{"taxonomy":"product_tag","embeddable":true,"href":"https:\/\/purama.lt\/ee\/wp-json\/wp\/v2\/product_tag?post=34075"}],"curies":[{"name":"wp","href":"https:\/\/api.w.org\/{rel}","templated":true}]}}