{"id":34003,"date":"2025-04-15T15:57:11","date_gmt":"2025-04-15T15:57:11","guid":{"rendered":"https:\/\/purama.lt\/produktas\/le-kku-cbg-veido-kauke\/"},"modified":"2026-04-10T13:03:28","modified_gmt":"2026-04-10T11:03:28","slug":"le-kku-cbg-naomask","status":"publish","type":"product","link":"https:\/\/purama.lt\/ee\/produktas\/le-kku-cbg-veido-kauke\/","title":{"rendered":"LE-KKU CBG n\u00e4omask"},"content":{"rendered":"<p><strong>Kasutamine:<\/strong><br>Kandke \u00fchtlane kiht puhtale nahale, v\u00e4ltides silmade ja huulte piirkonda. J\u00e4ta 10-15 minutiks ja loputa maha sooja veega. Kasutage 1-2 korda n\u00e4dalas.<\/p>\n\n\n\n<p>Tasakaalusta oma nahahooldus CBG-ga - loomulik samm s\u00e4rava ja terve naha suunas.<\/p>\n\n\n\n<p><strong>Koostisained:<\/strong><br>Vesi, kaoliin, gl\u00fctserool, skvalaan, penty\u00fcleengl\u00fckool, gl\u00fctser\u00fc\u00fclstearaat SE, tseet\u00fc\u00fclalkohol, v\u00f5i (<em>Butyrospermum Parkii<\/em>), <em>Cannabis Sativa<\/em> seemne\u00f5li, kannabigerool (CBG), <em>Cucumis Sativus<\/em> ekstrakt (kurk), niatsinamiid, tokoferool (E-vitamiin), gl\u00fctser\u00fc\u00fcltsitraat\/laktaat\/linoleaat\/oleaat, pantenool, piimhape, ksantaankummi, naatriumf\u00fctaat, <em>Citrus Grandis<\/em> (greipfruudi) koor\u00f5li, limoneen.<\/p>","protected":false},"excerpt":{"rendered":"<p class=\"\" data-start=\"0\" data-end=\"321\"><strong data-start=\"0\" data-end=\"26\">LE-KKU CBG n\u00e4omask<\/strong> - on intensiivne parandav hooldus, mis on m\u00f5eldud niisutamist, kirgastamist ja pinguldamist vajavale nahale. Koostis sisaldab <strong data-start=\"145\" data-end=\"159\">500 mg CBG<\/strong> (kannabigerool), taimset p\u00e4ritolu toimeaine, millel on nahka rahustav ja tasakaalustav m\u00f5ju ning mis toetab selle loomulikku uuenemisprotsessi. Kaoliini, skvalaani, sheav\u00f5i, niatsinamiidi ja tsitruseliste \u00f5lidega t\u00e4iendatud mask puhastab \u00f5rnalt, toidab ja aitab v\u00f5idelda v\u00e4simusm\u00e4rkide ja eba\u00fchtlase nahatooni vastu.<\/p>\n<p class=\"\" data-start=\"518\" data-end=\"835\"><strong data-start=\"518\" data-end=\"542\">Miks valida?<\/strong><br data-start=\"542\" data-end=\"545\" \/>\u2714\ufe0f Net 500 mg CBG - efektiivne rahustav ja rahustav toime.<br data-start=\"613\" data-end=\"616\" \/>\u2714\ufe0f 98.5 % Loodusliku p\u00e4ritoluga koostisained<br data-start=\"655\" data-end=\"658\" \/>\u2714\ufe0f Puhastab, kirgastab ja niisutab samaaegselt.<br data-start=\"698\" data-end=\"701\" \/>\u2714\ufe0f Aitab taastada naha elastsust ja v\u00e4hendada v\u00e4simuse m\u00e4rke.<br data-start=\"769\" data-end=\"772\" \/>\u2714\ufe0f Sobib k\u00f5ikidele nahat\u00fc\u00fcpidele, eriti tundlikule ja v\u00e4sinud nahale.<\/p>","protected":false},"featured_media":34036,"comment_status":"open","ping_status":"closed","template":"","meta":{"_acf_changed":false},"product_brand":[435],"product_cat":[92,142,59],"product_tag":[],"class_list":{"0":"post-34003","1":"product","2":"type-product","3":"status-publish","4":"has-post-thumbnail","6":"product_brand-le-kku","7":"product_cat-groziui","8":"product_cat-veido-kaukes","9":"product_cat-veidui","11":"first","12":"instock","13":"shipping-taxable","14":"purchasable","15":"product-type-simple"},"acf":[],"tiered_pricing_type":"fixed","tiered_pricing_fixed_rules":[],"tiered_pricing_product_settings":{"layout":"default","base_unit_name":{"singular":null,"plural":null},"default_variation":null},"tiered_pricing_minimum_quantity":null,"tiered_pricing_roles_data":[],"tiered_pricing_percentage_rules":[],"_links":{"self":[{"href":"https:\/\/purama.lt\/ee\/wp-json\/wp\/v2\/product\/34003","targetHints":{"allow":["GET"]}}],"collection":[{"href":"https:\/\/purama.lt\/ee\/wp-json\/wp\/v2\/product"}],"about":[{"href":"https:\/\/purama.lt\/ee\/wp-json\/wp\/v2\/types\/product"}],"replies":[{"embeddable":true,"href":"https:\/\/purama.lt\/ee\/wp-json\/wp\/v2\/comments?post=34003"}],"wp:featuredmedia":[{"embeddable":true,"href":"https:\/\/purama.lt\/ee\/wp-json\/wp\/v2\/media\/34036"}],"wp:attachment":[{"href":"https:\/\/purama.lt\/ee\/wp-json\/wp\/v2\/media?parent=34003"}],"wp:term":[{"taxonomy":"product_brand","embeddable":true,"href":"https:\/\/purama.lt\/ee\/wp-json\/wp\/v2\/product_brand?post=34003"},{"taxonomy":"product_cat","embeddable":true,"href":"https:\/\/purama.lt\/ee\/wp-json\/wp\/v2\/product_cat?post=34003"},{"taxonomy":"product_tag","embeddable":true,"href":"https:\/\/purama.lt\/ee\/wp-json\/wp\/v2\/product_tag?post=34003"}],"curies":[{"name":"wp","href":"https:\/\/api.w.org\/{rel}","templated":true}]}}