{"id":34001,"date":"2025-04-15T15:57:11","date_gmt":"2025-04-15T15:57:11","guid":{"rendered":"https:\/\/purama.lt\/produktas\/le-kku-cbd-losjonas-po-skutimosi\/"},"modified":"2026-04-10T13:03:28","modified_gmt":"2026-04-10T11:03:28","slug":"le-kku-cbd-aftershave-lotion","status":"publish","type":"product","link":"https:\/\/purama.lt\/ee\/produktas\/le-kku-cbd-losjonas-po-skutimosi\/","title":{"rendered":"LE-KKU CBD Lotion p\u00e4rast raseerimist"},"content":{"rendered":"<p><strong>Kasutamine:<\/strong><br>P\u00e4rast raseerimist kuivatage nahk puhtaks. Kandke v\u00e4ike kogus kreemi raseerimiskohale ja masseerige \u00f5rnalt. Kasutage iga p\u00e4ev, et hoida nahk rahulikuna, elastsetena ja pehmena.<\/p>\n\n\n\n<p><strong>Koostisained:<\/strong><br>Vesi, Cannabis Sativa lehe- ja varrevesi, propaandiool, kapr\u00fc\u00fcl- ja kaprikseteetrigl\u00fctseriid, pentyleengl\u00fckool, gl\u00fctser\u00fc\u00fclstearaat SE, tseet\u00fc\u00fclalkohol, l\u00f5hna- ja maitseained, Cannabis Sativa seemne\u00f5li, Butyrospermum Parkii sheav\u00f5i, Ricinus Communis seemne\u00f5li, Cocos Nucifera seemne\u00f5li, Prunus Amygdalus Dulcis \u00f5li, Glyceryl Citrate\/Lactate\/Linoleate\/Oleate, Carthamus Tinctorius Seed Oil, Cannabidiol, Tocopherol, Cyamopsis Tetragonoloba Resin, Allantoiin, Sodium Phytate, Lactic Acid, Citric Acid, Sodium Benzoate, Sodium Benzoate, Potassium Sorbate, Limonene, Geraniol, Linalool, Lignalool, Citronellol, Citral, Benzyl Salicylate, Coumarin, Pharnesol.<\/p>","protected":false},"excerpt":{"rendered":"<p class=\"\" data-start=\"0\" data-end=\"357\"><strong data-start=\"0\" data-end=\"36\">LE-KKU CBD Lotion p\u00e4rast raseerimist<\/strong> - on hoolikalt koostatud toode, mis rahustab, niisutab ja kaitseb nahka p\u00e4rast raseerimist. Rikastatud 150 mg CBD ja 99,7 % looduslikult saadud koostisosadega, aitab see kreem v\u00e4hendada punetust, leevendada \u00e4rritust ja stimuleerida naha uuenemist. Sobib k\u00f5ikidele nahat\u00fc\u00fcpidele, eriti tundlikule ja \u00e4rritusele kalduvale nahale.<\/p>\n<p class=\"\" data-start=\"359\" data-end=\"614\"><strong data-start=\"359\" data-end=\"383\">Miks valida?<\/strong><br data-start=\"383\" data-end=\"386\" \/>\u2714\ufe0f Rahustab \u00e4rritunud nahka p\u00e4rast raseerimist.<br data-start=\"423\" data-end=\"426\" \/>\u2714\ufe0f Niisutab s\u00fcgavuti ja tugevdab naha kaitsebarj\u00e4\u00e4ri.<br data-start=\"478\" data-end=\"481\" \/>\u2714\ufe0f Stimuleerib kahjustatud naha regenereerimist.<br data-start=\"520\" data-end=\"523\" \/>\u2714\ufe0f Aitab v\u00e4hendada kuivust ja ebamugavustunnet.<br data-start=\"565\" data-end=\"568\" \/>\u2714\ufe0f Sisaldab v\u00e4\u00e4rtuslikke taime\u00f5lisid ja CBD-d.<\/p>","protected":false},"featured_media":34046,"comment_status":"open","ping_status":"closed","template":"","meta":{"_acf_changed":false},"product_brand":[435],"product_cat":[92,59],"product_tag":[],"class_list":{"0":"post-34001","1":"product","2":"type-product","3":"status-publish","4":"has-post-thumbnail","6":"product_brand-le-kku","7":"product_cat-groziui","8":"product_cat-veidui","10":"first","11":"instock","12":"shipping-taxable","13":"purchasable","14":"product-type-simple"},"acf":[],"tiered_pricing_type":"fixed","tiered_pricing_fixed_rules":[],"tiered_pricing_product_settings":{"layout":"default","base_unit_name":{"singular":null,"plural":null},"default_variation":null},"tiered_pricing_minimum_quantity":null,"tiered_pricing_roles_data":[],"tiered_pricing_percentage_rules":[],"_links":{"self":[{"href":"https:\/\/purama.lt\/ee\/wp-json\/wp\/v2\/product\/34001","targetHints":{"allow":["GET"]}}],"collection":[{"href":"https:\/\/purama.lt\/ee\/wp-json\/wp\/v2\/product"}],"about":[{"href":"https:\/\/purama.lt\/ee\/wp-json\/wp\/v2\/types\/product"}],"replies":[{"embeddable":true,"href":"https:\/\/purama.lt\/ee\/wp-json\/wp\/v2\/comments?post=34001"}],"wp:featuredmedia":[{"embeddable":true,"href":"https:\/\/purama.lt\/ee\/wp-json\/wp\/v2\/media\/34046"}],"wp:attachment":[{"href":"https:\/\/purama.lt\/ee\/wp-json\/wp\/v2\/media?parent=34001"}],"wp:term":[{"taxonomy":"product_brand","embeddable":true,"href":"https:\/\/purama.lt\/ee\/wp-json\/wp\/v2\/product_brand?post=34001"},{"taxonomy":"product_cat","embeddable":true,"href":"https:\/\/purama.lt\/ee\/wp-json\/wp\/v2\/product_cat?post=34001"},{"taxonomy":"product_tag","embeddable":true,"href":"https:\/\/purama.lt\/ee\/wp-json\/wp\/v2\/product_tag?post=34001"}],"curies":[{"name":"wp","href":"https:\/\/api.w.org\/{rel}","templated":true}]}}