{"id":34000,"date":"2025-04-15T15:57:10","date_gmt":"2025-04-15T15:57:10","guid":{"rendered":"https:\/\/purama.lt\/produktas\/le-kku-cbd-saldantis-gelis\/"},"modified":"2026-04-14T09:24:01","modified_gmt":"2026-04-14T07:24:01","slug":"le-kku-cbd-magusageel","status":"publish","type":"product","link":"https:\/\/purama.lt\/ee\/produktas\/le-kku-cbd-saldantis-gelis\/","title":{"rendered":"LE-KKU CBD jahutusgeel"},"content":{"rendered":"<p><strong>Kasutamine:<\/strong><br>Kandke v\u00e4ike kogus geeli soovitud piirkonnale (k\u00e4ed, jalad, kael v\u00f5i selg) ja masseerige \u00f5rnalt. V\u00e4ltige kokkupuudet silmadega. Kasutage enne v\u00f5i p\u00e4rast sportimist v\u00f5i treeningut. Peske p\u00e4rast kasutamist hoolikalt k\u00e4si.<\/p>\n\n\n\n<p><strong>Koostisained:<\/strong><br>Vesi, mentool, gl\u00fctseriin, pent\u00fcleengl\u00fckool, Cannabis Sativa seemne\u00f5li, ksantaankummi, kannabidiool, gl\u00fctser\u00fc\u00fcltsitraat\/laktat\/linooleaat\/oleaat, kampfeer, tokoferool, vanillibut\u00fc\u00fcleeter, sidrunhape, mentha Arvensis \u00f5li, lavandula angustifolia \u00f5li.<\/p>","protected":false},"excerpt":{"rendered":"<p class=\"\" data-start=\"0\" data-end=\"364\"><strong data-start=\"0\" data-end=\"30\">LE-KKU CBD jahutusgeel<\/strong> - on intensiivne lihaste ja liigeste ravi, mis on m\u00f5eldud j\u00e4ikuse, pinge ja ebamugavustunde kiireks leevendamiseks. Rikastatud 750 mg CBD ja 99,36 % looduslike koostisosadega, tungib see geel s\u00fcgavale nahka, t\u00f6\u00f6tades lihastele, n\u00e4rvidele ja liigestele, pakkudes jahutavat toimet ja rahustades \u00e4rritunud nahka.<\/p>\n<p class=\"\" data-start=\"366\" data-end=\"634\"><strong data-start=\"366\" data-end=\"390\">Miks valida?<\/strong><br data-start=\"390\" data-end=\"393\" \/>\u2714\ufe0f Jahutab kiiresti ja leevendab lihaste ja liigeste pingeid.<br data-start=\"448\" data-end=\"451\" \/>\u2714\ufe0f Sobib kasutamiseks enne ja p\u00e4rast f\u00fc\u00fcsilist tegevust.<br data-start=\"495\" data-end=\"498\" \/>\u2714\ufe0f Niisutab nahka ja toetab selle taastumisprotsesse.<br data-start=\"548\" data-end=\"551\" \/>\u2714\ufe0f Stimuleerib endokannabinoids\u00fcsteemi.<br data-start=\"593\" data-end=\"596\" \/>\u2714\ufe0f Imendub kergesti, ei ole kleepuv.<\/p>","protected":false},"featured_media":34042,"comment_status":"open","ping_status":"closed","template":"","meta":{"_acf_changed":false},"product_brand":[435],"product_cat":[92,300,59],"product_tag":[],"class_list":{"0":"post-34000","1":"product","2":"type-product","3":"status-publish","4":"has-post-thumbnail","6":"product_brand-le-kku","7":"product_cat-groziui","8":"product_cat-kunui","9":"product_cat-veidui","11":"first","12":"instock","13":"shipping-taxable","14":"purchasable","15":"product-type-simple"},"acf":[],"tiered_pricing_type":"fixed","tiered_pricing_fixed_rules":[],"tiered_pricing_product_settings":{"layout":"default","base_unit_name":{"singular":null,"plural":null},"default_variation":null},"tiered_pricing_minimum_quantity":null,"tiered_pricing_roles_data":[],"tiered_pricing_percentage_rules":[],"_links":{"self":[{"href":"https:\/\/purama.lt\/ee\/wp-json\/wp\/v2\/product\/34000","targetHints":{"allow":["GET"]}}],"collection":[{"href":"https:\/\/purama.lt\/ee\/wp-json\/wp\/v2\/product"}],"about":[{"href":"https:\/\/purama.lt\/ee\/wp-json\/wp\/v2\/types\/product"}],"replies":[{"embeddable":true,"href":"https:\/\/purama.lt\/ee\/wp-json\/wp\/v2\/comments?post=34000"}],"wp:featuredmedia":[{"embeddable":true,"href":"https:\/\/purama.lt\/ee\/wp-json\/wp\/v2\/media\/34042"}],"wp:attachment":[{"href":"https:\/\/purama.lt\/ee\/wp-json\/wp\/v2\/media?parent=34000"}],"wp:term":[{"taxonomy":"product_brand","embeddable":true,"href":"https:\/\/purama.lt\/ee\/wp-json\/wp\/v2\/product_brand?post=34000"},{"taxonomy":"product_cat","embeddable":true,"href":"https:\/\/purama.lt\/ee\/wp-json\/wp\/v2\/product_cat?post=34000"},{"taxonomy":"product_tag","embeddable":true,"href":"https:\/\/purama.lt\/ee\/wp-json\/wp\/v2\/product_tag?post=34000"}],"curies":[{"name":"wp","href":"https:\/\/api.w.org\/{rel}","templated":true}]}}