{"id":33999,"date":"2025-04-15T15:57:10","date_gmt":"2025-04-15T15:57:10","guid":{"rendered":"https:\/\/purama.lt\/produktas\/le-kku-cbd-hialurono-veido-serumas\/"},"modified":"2026-04-10T13:03:28","modified_gmt":"2026-04-10T11:03:28","slug":"le-kku-cbd-hualurooniline-naoseerum","status":"publish","type":"product","link":"https:\/\/purama.lt\/ee\/produktas\/le-kku-cbd-hialurono-veido-serumas\/","title":{"rendered":"LE-KKU CBD h\u00fcalurooniline n\u00e4oseerum"},"content":{"rendered":"<p><strong>Kasutamine:<\/strong><br>Kandke v\u00e4ike kogus seerumit (umbes hernesuurune kogus) puhtale ja kuivale nahale n\u00e4ol ja kaelal. Masseerige \u00f5rnade ringjate liigutustega kuni t\u00e4ieliku imendumiseni. Parim kasutada hommikul ja \u00f5htul, enne niisutavat kreemi. Hoida jahedas, p\u00e4ikese eest kaitstud kohas.<br><br><strong>Koostis:<\/strong><br>Vesi, Cannabis Sativa lehe\/varre vesi, Aloe Barbadensis lehtede mahl, gl\u00fctseriin, naatriumh\u00fcaluronaat, kannabidiool (CBD - kanepiekstraktist, tinktuurist v\u00f5i vaigust), kapr\u00fc\u00fcl\/kapriline trigl\u00fctseriid, pektiin, fenet\u00fc\u00fclalkohol, Cucumis Sativus (kurk) ekstrakt, ksantaankummi, naatriumf\u00fctaat, karrageen, kapr\u00fc\u00fclgl\u00fckool, am\u00fc\u00fclpektiin, pentyleengl\u00fckool, Lithothamnion Calcareum ekstrakt, piimhape, naatriumbensoaat, kaaliumsorbaat, sidrunhape.<\/p>","protected":false},"excerpt":{"rendered":"<p class=\"\" data-start=\"216\" data-end=\"326\"><strong data-start=\"216\" data-end=\"326\">LE-KKU CBD h\u00fcalurooniline n\u00e4oseerum - intensiivne niisutus, pinguldamine ja nooruslik s\u00e4ra teie nahale. <\/strong>Valmistuge naha muutuseks LE-KKU CBD Hyaluronic Facial Serumiga, mis on igap\u00e4evane iluhooldus, milles on \u00fchendatud v\u00f5imsad taimeekstraktid, t\u00e4iustatud h\u00fcaluroonhape ja 300 mg CBD-d. See koostis on m\u00f5eldud neile, kes otsivad t\u00f5husat, kuid \u00f5rna lahendust, mis aitab taastada naha elastsust, v\u00e4hendada kortse ja s\u00e4ilitada pikaajalist niiskustasakaalu. CBD rahustab ja tugevdab nahabarj\u00e4\u00e4ri, h\u00fcaluroonhape lukustab niiskuse naha s\u00fcgavamatesse kihtidesse ning looduslikud ekstraktid, nagu aloe vera ja kurk, toidavad ja kirgastavad nahka. Seerum imendub koheselt, j\u00e4tmata kleepuvat v\u00f5i rasket tunnet - ideaalne nii hommikul kui \u00f5htul kasutamiseks.<\/p>\n<p class=\"\" data-start=\"1067\" data-end=\"1501\"><strong data-start=\"1067\" data-end=\"1109\">Miks valida LE-KKU CBD seerum?<\/strong><br data-start=\"1109\" data-end=\"1112\" \/>\u2714\ufe0f Niisutab intensiivselt isegi k\u00f5ige kuivemat nahka.<br data-start=\"1164\" data-end=\"1167\" \/>\u2714\ufe0f Imendub kiiresti - ei j\u00e4\u00e4 kleepuvaks ega l\u00e4ikivaks.<br data-start=\"1212\" data-end=\"1215\" \/>\u2714\ufe0f Pinguldab ja silub aktiivselt naha pinda.<br data-start=\"1260\" data-end=\"1263\" \/>\u2714\ufe0f Soodustab loomulikku s\u00e4ra ja v\u00e4rskust.<br data-start=\"1312\" data-end=\"1315\" \/>\u2714\ufe0f V\u00e4hendab peente joonte ja kortsude n\u00e4htavust.<br data-start=\"1369\" data-end=\"1372\" \/>\u2714\ufe0f Rahustav m\u00f5ju tundlikule ja stressile kalduvale nahale<br data-start=\"1430\" data-end=\"1433\" \/>\u2714\ufe0f 99.1 % looduslikke koostisosi - puhas ja teadlik koostis.<\/p>","protected":false},"featured_media":34029,"comment_status":"open","ping_status":"closed","template":"","meta":{"_acf_changed":false},"product_brand":[435],"product_cat":[92,56,59],"product_tag":[],"class_list":{"0":"post-33999","1":"product","2":"type-product","3":"status-publish","4":"has-post-thumbnail","6":"product_brand-le-kku","7":"product_cat-groziui","8":"product_cat-veido-serumai","9":"product_cat-veidui","11":"first","12":"instock","13":"shipping-taxable","14":"purchasable","15":"product-type-simple"},"acf":[],"tiered_pricing_type":"fixed","tiered_pricing_fixed_rules":[],"tiered_pricing_product_settings":{"layout":"default","base_unit_name":{"singular":null,"plural":null},"default_variation":null},"tiered_pricing_minimum_quantity":null,"tiered_pricing_roles_data":[],"tiered_pricing_percentage_rules":[],"_links":{"self":[{"href":"https:\/\/purama.lt\/ee\/wp-json\/wp\/v2\/product\/33999","targetHints":{"allow":["GET"]}}],"collection":[{"href":"https:\/\/purama.lt\/ee\/wp-json\/wp\/v2\/product"}],"about":[{"href":"https:\/\/purama.lt\/ee\/wp-json\/wp\/v2\/types\/product"}],"replies":[{"embeddable":true,"href":"https:\/\/purama.lt\/ee\/wp-json\/wp\/v2\/comments?post=33999"}],"wp:featuredmedia":[{"embeddable":true,"href":"https:\/\/purama.lt\/ee\/wp-json\/wp\/v2\/media\/34029"}],"wp:attachment":[{"href":"https:\/\/purama.lt\/ee\/wp-json\/wp\/v2\/media?parent=33999"}],"wp:term":[{"taxonomy":"product_brand","embeddable":true,"href":"https:\/\/purama.lt\/ee\/wp-json\/wp\/v2\/product_brand?post=33999"},{"taxonomy":"product_cat","embeddable":true,"href":"https:\/\/purama.lt\/ee\/wp-json\/wp\/v2\/product_cat?post=33999"},{"taxonomy":"product_tag","embeddable":true,"href":"https:\/\/purama.lt\/ee\/wp-json\/wp\/v2\/product_tag?post=33999"}],"curies":[{"name":"wp","href":"https:\/\/api.w.org\/{rel}","templated":true}]}}