{"id":33998,"date":"2025-04-15T15:57:10","date_gmt":"2025-04-15T15:57:10","guid":{"rendered":"https:\/\/purama.lt\/produktas\/le-kku-cbd-dezodorantas\/"},"modified":"2025-11-12T09:26:57","modified_gmt":"2025-11-12T07:26:57","slug":"le-kku-cbd-deodorant","status":"publish","type":"product","link":"https:\/\/purama.lt\/ee\/produktas\/le-kku-cbd-dezodorantas\/","title":{"rendered":"LE-KKU CBD deodorant"},"content":{"rendered":"<p><strong>Koostisained:<\/strong><br>Vesi, propaandiool, triet\u00fc\u00fcltsitraat, kaaliumalumiinium, ts\u00fcamopsis tetragonoloba vaik, naatriumbensoaat, kannabidiool (kanepiekstraktist), kaaliumsorbaat, parf\u00fc\u00fcm, sidrunseen, geraniool, linalool, tsitronellool, tsitralis.<\/p>","protected":false},"excerpt":{"rendered":"<p class=\"\" data-start=\"73\" data-end=\"132\"><strong data-start=\"73\" data-end=\"132\">LE-KKU CBD deodorant - looduslik kaitse kogu p\u00e4evaks. <\/strong>Lase oma nahal hingata koos<strong> LE-KKU CBD<\/strong> deodorant - t\u00f5hus, \u00f5rn ja looduslik valik, mis tagab kauakestva v\u00e4rskuse ja mugavuse kogu p\u00e4evaks. See 300 mg kvaliteetse CBD-ga rikastatud deodorant \u00fchendab t\u00e4iustatud nahahoolduse ja t\u00f5husa kaitse higil\u00f5hna eest - ilma karmide kemikaalideta. Koostis, mis on loodud 96,325 % loodusliku p\u00e4ritoluga koostisosadest, ei kuivata nahka, ei ummista poore ega j\u00e4ta j\u00e4lgi riietele. T\u00e4iuslik tundlikule nahale, peen l\u00f5hn aitab teil tunda end puhtana ja enesekindlalt nii aktiivse p\u00e4eva ajal kui ka p\u00e4rast seda. <\/p>\n<p><strong>Miks seda proovida?<br \/><\/strong>\u2714\ufe0f 300 mg CBD - naha rahustamiseks ja kaitsmiseks.<br data-start=\"867\" data-end=\"870\" \/>\u2714\ufe0f V\u00e4hendab higi l\u00f5hna ja ei j\u00e4ta plekke.<br data-start=\"915\" data-end=\"918\" \/>\u2714\ufe0f Ilma alkoholi, alumiiniumsoolade ja agressiivsete l\u00f5hnaainetega.<br data-start=\"974\" data-end=\"977\" \/>\u2714\ufe0f Sobib tundlikule, \u00e4rritusele kalduvale nahale.<br data-start=\"1022\" data-end=\"1025\" \/>\u2714\ufe0f Valmistatud 96,325 looduslikust % koostisosast.<\/p>","protected":false},"featured_media":34052,"comment_status":"open","ping_status":"closed","template":"","meta":{"_acf_changed":false},"product_brand":[435],"product_cat":[92,300],"product_tag":[],"class_list":{"0":"post-33998","1":"product","2":"type-product","3":"status-publish","4":"has-post-thumbnail","6":"product_brand-le-kku","7":"product_cat-groziui","8":"product_cat-kunui","10":"first","11":"instock","12":"shipping-taxable","13":"purchasable","14":"product-type-simple"},"acf":[],"tiered_pricing_type":"fixed","tiered_pricing_fixed_rules":[],"tiered_pricing_product_settings":{"layout":"default","base_unit_name":{"singular":null,"plural":null},"default_variation":null},"tiered_pricing_minimum_quantity":null,"tiered_pricing_roles_data":[],"tiered_pricing_percentage_rules":[],"_links":{"self":[{"href":"https:\/\/purama.lt\/ee\/wp-json\/wp\/v2\/product\/33998","targetHints":{"allow":["GET"]}}],"collection":[{"href":"https:\/\/purama.lt\/ee\/wp-json\/wp\/v2\/product"}],"about":[{"href":"https:\/\/purama.lt\/ee\/wp-json\/wp\/v2\/types\/product"}],"replies":[{"embeddable":true,"href":"https:\/\/purama.lt\/ee\/wp-json\/wp\/v2\/comments?post=33998"}],"wp:featuredmedia":[{"embeddable":true,"href":"https:\/\/purama.lt\/ee\/wp-json\/wp\/v2\/media\/34052"}],"wp:attachment":[{"href":"https:\/\/purama.lt\/ee\/wp-json\/wp\/v2\/media?parent=33998"}],"wp:term":[{"taxonomy":"product_brand","embeddable":true,"href":"https:\/\/purama.lt\/ee\/wp-json\/wp\/v2\/product_brand?post=33998"},{"taxonomy":"product_cat","embeddable":true,"href":"https:\/\/purama.lt\/ee\/wp-json\/wp\/v2\/product_cat?post=33998"},{"taxonomy":"product_tag","embeddable":true,"href":"https:\/\/purama.lt\/ee\/wp-json\/wp\/v2\/product_tag?post=33998"}],"curies":[{"name":"wp","href":"https:\/\/api.w.org\/{rel}","templated":true}]}}