{"id":33995,"date":"2025-04-15T15:57:09","date_gmt":"2025-04-15T15:57:09","guid":{"rendered":"https:\/\/purama.lt\/produktas\/le-kku-cbd-sampunas\/"},"modified":"2026-04-14T09:41:59","modified_gmt":"2026-04-14T07:41:59","slug":"le-kku-cbd-sampunas","status":"publish","type":"product","link":"https:\/\/purama.lt\/ee\/produktas\/le-kku-cbd-sampunas\/","title":{"rendered":"LE-KKU CBD \u0161ampoon"},"content":{"rendered":"<p><strong>Kasutamine:<\/strong><br>\u00c4rritage oma juukseid sooja veega. Pigistage v\u00e4ike kogus \u0161ampooni peopessa ja masseerige seda peanahka, kuni see vahutab. Jaotage \u00fchtlaselt kogu juuste pikkuses. Loputage p\u00f5hjalikult maha. Kasutage regulaarselt koos CBD-palsamiga, et saavutada parimad tulemused.<\/p>\n\n\n\n<p><strong>Koostisained:<\/strong><br>Vesi, kokamidoprop\u00fc\u00fclbetaiin, naatriumkookosulfaat, pentyleengl\u00fckool, pol\u00fcgl\u00fctser\u00fc\u00fcl-3-kapraat, gl\u00fctser\u00fc\u00fcloleaat, kookosgl\u00fckosiid, PCA gl\u00fctser\u00fc\u00fcloleaat, Cannabidiol - saadud kanepi ekstraktist v\u00f5i tinktuurist v\u00f5i vaigust, prop\u00fcleengl\u00fckool, naatriumf\u00fctaat, parf\u00fc\u00fcm, nisuproteiin, Hippophae Rhamnoides puuviljaekstrakt, h\u00fcdrol\u00fc\u00fcsitud siid, piimhape, limoneen, linalool.<\/p>","protected":false},"excerpt":{"rendered":"<p class=\"\" data-start=\"0\" data-end=\"70\"><strong data-start=\"0\" data-end=\"70\">LE-KKU CBD \u0161ampoon - puhtad, tugevad ja eluj\u00f5ulised juuksed iga p\u00e4ev.\u00a0<\/strong>Avastage loomulikku j\u00f5udu juuksehooldus koos<strong> LE-KKU CBD<\/strong> \u0160ampoon, mis on rikastatud 750 mg CBD, siidiproteiinide ja astelpaju ekstraktiga. See \u00f5rn, kuid t\u00f5hus \u0161ampoon puhastab s\u00fcgavuti peanahka ja juukseid, h\u00e4irimata nende loomulikku tasakaalu. CBD aitab rahustada \u00e4rritunud nahka, samas kui siidiproteiinid ja astelpaju muudavad juuksed pehmeks, l\u00e4ikivaks ja elastseks. Sobib igap\u00e4evaseks kasutamiseks k\u00f5ikidele juukset\u00fc\u00fcpidele - eriti tundlikule, kuivale peanahale.<\/p>\n<p class=\"\" data-start=\"531\" data-end=\"914\"><strong data-start=\"531\" data-end=\"574\">Miks valida LE-KKU CBD \u0161ampoon?<\/strong><br data-start=\"574\" data-end=\"577\" \/>\u2714\ufe0f 750 mg CBD - peanaha rahustamiseks ja juuste tugevdamiseks.<br data-start=\"636\" data-end=\"639\" \/>\u2714\ufe0f Siidiproteiinid - pehmust ja loomulikku s\u00e4ra<br data-start=\"698\" data-end=\"701\" \/>\u2714\ufe0f Astelpaju ekstrakt - intensiivne toitmine ja kaitse<br data-start=\"761\" data-end=\"764\" \/>\u2714\ufe0f Ilma agressiivsete sulfaatideta - \u00f5rn, looduslik koostis igap\u00e4evaseks kasutamiseks.<br data-start=\"824\" data-end=\"827\" \/>\u2714\ufe0f Sobib k\u00f5ikidele juukset\u00fc\u00fcpidele, sealhulgas v\u00e4rvitud juustele.<br data-start=\"873\" data-end=\"876\" \/>\u2714\ufe0f Turvaline kasutamiseks tundlikul peanahal.<\/p>","protected":false},"featured_media":34041,"comment_status":"open","ping_status":"closed","template":"","meta":{"_acf_changed":false},"product_brand":[435],"product_cat":[92,304,307],"product_tag":[],"class_list":{"0":"post-33995","1":"product","2":"type-product","3":"status-publish","4":"has-post-thumbnail","6":"product_brand-le-kku","7":"product_cat-groziui","8":"product_cat-plaukams","9":"product_cat-plauku-sampunai","11":"first","12":"instock","13":"shipping-taxable","14":"purchasable","15":"product-type-simple"},"acf":[],"tiered_pricing_type":"fixed","tiered_pricing_fixed_rules":[],"tiered_pricing_product_settings":{"layout":"default","base_unit_name":{"singular":null,"plural":null},"default_variation":null},"tiered_pricing_minimum_quantity":null,"tiered_pricing_roles_data":[],"tiered_pricing_percentage_rules":[],"_links":{"self":[{"href":"https:\/\/purama.lt\/ee\/wp-json\/wp\/v2\/product\/33995","targetHints":{"allow":["GET"]}}],"collection":[{"href":"https:\/\/purama.lt\/ee\/wp-json\/wp\/v2\/product"}],"about":[{"href":"https:\/\/purama.lt\/ee\/wp-json\/wp\/v2\/types\/product"}],"replies":[{"embeddable":true,"href":"https:\/\/purama.lt\/ee\/wp-json\/wp\/v2\/comments?post=33995"}],"wp:featuredmedia":[{"embeddable":true,"href":"https:\/\/purama.lt\/ee\/wp-json\/wp\/v2\/media\/34041"}],"wp:attachment":[{"href":"https:\/\/purama.lt\/ee\/wp-json\/wp\/v2\/media?parent=33995"}],"wp:term":[{"taxonomy":"product_brand","embeddable":true,"href":"https:\/\/purama.lt\/ee\/wp-json\/wp\/v2\/product_brand?post=33995"},{"taxonomy":"product_cat","embeddable":true,"href":"https:\/\/purama.lt\/ee\/wp-json\/wp\/v2\/product_cat?post=33995"},{"taxonomy":"product_tag","embeddable":true,"href":"https:\/\/purama.lt\/ee\/wp-json\/wp\/v2\/product_tag?post=33995"}],"curies":[{"name":"wp","href":"https:\/\/api.w.org\/{rel}","templated":true}]}}