{"id":33993,"date":"2025-04-15T15:57:08","date_gmt":"2025-04-15T15:57:08","guid":{"rendered":"https:\/\/purama.lt\/produktas\/le-kku-cbd-kuno-losjonas\/"},"modified":"2025-11-12T09:27:34","modified_gmt":"2025-11-12T07:27:34","slug":"le-kku-cbd-kehakreem","status":"publish","type":"product","link":"https:\/\/purama.lt\/ee\/produktas\/le-kku-cbd-kuno-losjonas\/","title":{"rendered":"LE-KKU CBD kehakreem"},"content":{"rendered":"<p><strong>Kasutamine:<\/strong><br>Kandke v\u00e4ike kogus kreemi puhtale, kuivale nahale ja masseerige \u00f5rnalt. V\u00f5ib kasutada p\u00e4rast iga pesu v\u00f5i vastavalt vajadusele p\u00e4eva jooksul. Hoida jahedas ja kuivas kohas, eemal otsesest p\u00e4ikesevalgusest.<\/p>\n\n\n\n<p><strong>Koostisained:<\/strong><br>Aqua, Aloe Barbadensis Leaf Juice, **Cocos Nucifera Oil, Glycerin, Cannabis Sativa Seed Oil, Pentylene Glycol, **Prunus Amygdalus Dulcis Oil, **Butyrospermum Parkii Butter, Cetearyl Alcohol, Glyceryl Stearate, Gl\u00fctser\u00fc\u00fcltsitraat\/laktat\/linooleaat\/oleaat, tokoferool, **Hippophae Rhamnoides puuvilja\u00f5li, Cannabidiol - saadud kanepi ekstraktist v\u00f5i tinktuurist v\u00f5i vaigust, parf\u00fc\u00fcm, ksantaankummi, sidrunhape, *Geran\u00fc\u00fclatsetaat, beeta-kar\u00fcof\u00fclleen, vanilliin.<br>* Leidub looduslikult eeterlikes \u00f5lides<br>** Orgaaniline koostisosa<\/p>","protected":false},"excerpt":{"rendered":"<p class=\"\" data-start=\"115\" data-end=\"202\"><strong data-start=\"115\" data-end=\"202\">LE-KKU CBD Body Lotion - igap\u00e4evane nahahooldus intensiivse niiskuse ja mugavusega. <\/strong>Avastage s\u00fcgav niisutus ja mugavus koos <strong>LE-KKU CBD<\/strong> Kehakreem, mis sisaldab kuni 900 mg CBD-d. See kerge tekstuuriga kreem imendub kiiresti nahka, j\u00e4tmata rasvase v\u00f5i kleepuva tunde, ning sobib ideaalselt igap\u00e4evaseks kasutamiseks, isegi tundlikul nahal. Loodud selleks, et k\u00f5rvaldada ebamugavustunne p\u00e4rast du\u0161i all k\u00e4imist, eriti kui nahk puutub kokku k\u00f5va veega, aitab kreem s\u00e4ilitada naha niiskustasakaalu, elastsust ja pehmust. Looduslikud \u00f5lid, v\u00f5ided ja taimeekstraktid toidavad, taastavad ja kaitsevad nahka v\u00e4liste \u00e4rritajate eest, samal ajal kui CBD aitab kaasa naha loomulikule taastumisele.<\/p>\n<p class=\"\" data-start=\"784\" data-end=\"1131\"><strong data-start=\"784\" data-end=\"834\">Miks proovida LE-KKU CBD kehakreemi?<\/strong><br data-start=\"834\" data-end=\"837\" \/>\u2714\ufe0f 900 mg CBD - naha tasakaalustamiseks ja rahustavaks toimeks.<br data-start=\"901\" data-end=\"904\" \/>\u2714\ufe0f Ei \u00e4rrita nahka - imendub kiiresti, ei j\u00e4ta rasvaseid j\u00e4\u00e4ke.<br data-start=\"962\" data-end=\"965\" \/>\u2714\ufe0f Aktiivselt niisutab ja toniseerib<br data-start=\"997\" data-end=\"1000\" \/>\u2714\ufe0f V\u00e4hendab kuivust ja pinget p\u00e4rast pesemist.<br data-start=\"1049\" data-end=\"1052\" \/>\u2714\ufe0f Soodustab naha elastsust ja pehmust.<br data-start=\"1091\" data-end=\"1094\" \/>\u2714\ufe0f 99 % Loodusliku p\u00e4ritoluga koostisosad \u2714\ufe0f 99 %<\/p>","protected":false},"featured_media":34047,"comment_status":"open","ping_status":"closed","template":"","meta":{"_acf_changed":false},"product_brand":[435],"product_cat":[92,301,300],"product_tag":[],"class_list":{"0":"post-33993","1":"product","2":"type-product","3":"status-publish","4":"has-post-thumbnail","6":"product_brand-le-kku","7":"product_cat-groziui","8":"product_cat-kuno-kremai","9":"product_cat-kunui","11":"first","12":"instock","13":"shipping-taxable","14":"purchasable","15":"product-type-simple"},"acf":[],"tiered_pricing_type":"fixed","tiered_pricing_fixed_rules":[],"tiered_pricing_product_settings":{"layout":"default","base_unit_name":{"singular":null,"plural":null},"default_variation":null},"tiered_pricing_minimum_quantity":null,"tiered_pricing_roles_data":[],"tiered_pricing_percentage_rules":[],"_links":{"self":[{"href":"https:\/\/purama.lt\/ee\/wp-json\/wp\/v2\/product\/33993","targetHints":{"allow":["GET"]}}],"collection":[{"href":"https:\/\/purama.lt\/ee\/wp-json\/wp\/v2\/product"}],"about":[{"href":"https:\/\/purama.lt\/ee\/wp-json\/wp\/v2\/types\/product"}],"replies":[{"embeddable":true,"href":"https:\/\/purama.lt\/ee\/wp-json\/wp\/v2\/comments?post=33993"}],"wp:featuredmedia":[{"embeddable":true,"href":"https:\/\/purama.lt\/ee\/wp-json\/wp\/v2\/media\/34047"}],"wp:attachment":[{"href":"https:\/\/purama.lt\/ee\/wp-json\/wp\/v2\/media?parent=33993"}],"wp:term":[{"taxonomy":"product_brand","embeddable":true,"href":"https:\/\/purama.lt\/ee\/wp-json\/wp\/v2\/product_brand?post=33993"},{"taxonomy":"product_cat","embeddable":true,"href":"https:\/\/purama.lt\/ee\/wp-json\/wp\/v2\/product_cat?post=33993"},{"taxonomy":"product_tag","embeddable":true,"href":"https:\/\/purama.lt\/ee\/wp-json\/wp\/v2\/product_tag?post=33993"}],"curies":[{"name":"wp","href":"https:\/\/api.w.org\/{rel}","templated":true}]}}