{"id":33992,"date":"2025-04-15T15:57:08","date_gmt":"2025-04-15T15:57:08","guid":{"rendered":"https:\/\/purama.lt\/produktas\/le-kku-cbd-dieninis-veido-kremas\/"},"modified":"2026-04-10T13:03:28","modified_gmt":"2026-04-10T11:03:28","slug":"le-kku-cbd-paevane-naokreem","status":"publish","type":"product","link":"https:\/\/purama.lt\/ee\/produktas\/le-kku-cbd-dieninis-veido-kremas\/","title":{"rendered":"LE-KKU CBD p\u00e4evane n\u00e4okreem"},"content":{"rendered":"<p><strong>Kasutamine:<\/strong><br>Kandke hommikul puhtale nahale. Masseerige \u00f5rnalt, kuni kreem on t\u00e4ielikult imendunud. V\u00e4ltige silma\u00fcmbruse piirkonda. Hoida jahedas ja kuivas kohas, eemal otsesest p\u00e4ikesevalgusest.<\/p>\n\n\n\n<p><strong>Koostis:<\/strong><br>Aqua, Aloe Barbadensis Leaf Juice, Butyrospermum Parkii Butter, Glyceryl Stearate, Glycerin, Caprylic\/Capric Triglyceride, Cetearyl Alcohol, Simmondsia Chinensis Seed Oil, Squalane, Carthamus Tinctorius Seed Oil, Glyceryl Citrate\/Lactate\/Linoleate\/Oleate, <em>Cannabidiol<\/em> (kanepiekstraktist, tinktuurist v\u00f5i vaigust), tokoferool, naatriumh\u00fcaluronaat, naatriumbensoaat, kaaliumsorbaat, ksantaankummi, sidrunhape.<\/p>","protected":false},"excerpt":{"rendered":"<p data-start=\"144\" data-end=\"237\"><strong>LE-KKU CBD p\u00e4evane n\u00e4okreem - igap\u00e4evane nahahoolduse revolutsioon 300 mg CBD-ga.<\/strong>. Alustage oma p\u00e4eva nahahooldustootega, mis ei toimi mitte ainult pinnal, vaid ka s\u00fcgavuti naha sees. LE-KKU CBD p\u00e4evakreem on 300 mg kannabidiooli (CBD) sisaldav t\u00e4iustatud koostis, mis on m\u00f5eldud nahale, mis v\u00e4\u00e4rib parimat. Lisaks intensiivsele niisutamisele rahustab, taastab ja v\u00e4rskendab see kreem nahka, aidates sellel iga p\u00e4ev tervena, s\u00e4ravalt ja eluj\u00f5ulisena n\u00e4ida. Kombineeritud <strong data-start=\"651\" data-end=\"691\">99,3 % Loodusliku p\u00e4ritoluga koostisained<\/strong> teaduslikult t\u00f5estatud toimeainetega kreemil on erakordne toime - teie igap\u00e4evane abin\u00f5u stressirohkele, v\u00e4sinud v\u00f5i pinges nahale. <strong data-start=\"871\" data-end=\"878\">CBD<\/strong> Tuntud oma rahustavate ja antioks\u00fcdantide omaduste poolest, sobib ideaalselt tundlikule ja kuivale nahale. <\/p>\n<p><strong data-start=\"1235\" data-end=\"1259\">Miks valida?<br \/><\/strong>\u2714\ufe0f 300 mg CBD-ga - looduslik abimees tundlikule nahale.<br data-start=\"1316\" data-end=\"1319\" \/>\u2714\ufe0f Isegi 99.3 % loodusliku p\u00e4ritoluga koostisosi<br data-start=\"1362\" data-end=\"1365\" \/>\u2714\ufe0f Rahustab, taastab, v\u00e4rskendab ja tugevdab nahabarj\u00e4\u00e4ri.<br data-start=\"1421\" data-end=\"1424\" \/>\u2714\ufe0f Sobib k\u00f5ikidele nahat\u00fc\u00fcpidele, sealhulgas tundlikule nahale.<br data-start=\"1471\" data-end=\"1474\" \/>\u2714\ufe0f Imendub kiiresti ja ei j\u00e4ta rasvast tunnet.<br data-start=\"1520\" data-end=\"1523\" \/>\u2714\ufe0f Ideaalne igap\u00e4evane hooldus stressirohkele nahale ja keskkonnastressidele<\/p>","protected":false},"featured_media":34051,"comment_status":"open","ping_status":"closed","template":"","meta":{"_acf_changed":false},"product_brand":[435],"product_cat":[92,55,59],"product_tag":[],"class_list":{"0":"post-33992","1":"product","2":"type-product","3":"status-publish","4":"has-post-thumbnail","6":"product_brand-le-kku","7":"product_cat-groziui","8":"product_cat-veido-kremai","9":"product_cat-veidui","11":"first","12":"instock","13":"shipping-taxable","14":"purchasable","15":"product-type-simple"},"acf":[],"tiered_pricing_type":"fixed","tiered_pricing_fixed_rules":[],"tiered_pricing_product_settings":{"layout":"default","base_unit_name":{"singular":null,"plural":null},"default_variation":null},"tiered_pricing_minimum_quantity":null,"tiered_pricing_roles_data":[],"tiered_pricing_percentage_rules":[],"_links":{"self":[{"href":"https:\/\/purama.lt\/ee\/wp-json\/wp\/v2\/product\/33992","targetHints":{"allow":["GET"]}}],"collection":[{"href":"https:\/\/purama.lt\/ee\/wp-json\/wp\/v2\/product"}],"about":[{"href":"https:\/\/purama.lt\/ee\/wp-json\/wp\/v2\/types\/product"}],"replies":[{"embeddable":true,"href":"https:\/\/purama.lt\/ee\/wp-json\/wp\/v2\/comments?post=33992"}],"wp:featuredmedia":[{"embeddable":true,"href":"https:\/\/purama.lt\/ee\/wp-json\/wp\/v2\/media\/34051"}],"wp:attachment":[{"href":"https:\/\/purama.lt\/ee\/wp-json\/wp\/v2\/media?parent=33992"}],"wp:term":[{"taxonomy":"product_brand","embeddable":true,"href":"https:\/\/purama.lt\/ee\/wp-json\/wp\/v2\/product_brand?post=33992"},{"taxonomy":"product_cat","embeddable":true,"href":"https:\/\/purama.lt\/ee\/wp-json\/wp\/v2\/product_cat?post=33992"},{"taxonomy":"product_tag","embeddable":true,"href":"https:\/\/purama.lt\/ee\/wp-json\/wp\/v2\/product_tag?post=33992"}],"curies":[{"name":"wp","href":"https:\/\/api.w.org\/{rel}","templated":true}]}}