{"id":33989,"date":"2025-04-15T15:57:07","date_gmt":"2025-04-15T15:57:07","guid":{"rendered":"https:\/\/purama.lt\/produktas\/le-kku-cbd-lupu-balzamas\/"},"modified":"2025-11-12T09:28:02","modified_gmt":"2025-11-12T07:28:02","slug":"le-kku-cbd-lupus-palsam","status":"publish","type":"product","link":"https:\/\/purama.lt\/ee\/produktas\/le-kku-cbd-lupu-balzamas\/","title":{"rendered":"LE-KKU CBD huulepalsam"},"content":{"rendered":"<p><strong>Kasutamine:<\/strong><br>Kandke huultele vastavalt vajadusele \u00f5ige kogus palsamit. S\u00e4ilitage jahedas, kuivas kohas, p\u00e4ikesevalguse eest kaitstult.<\/p>\n\n\n\n<p><strong>Koostis:<\/strong><br>Mesilasvaha, Cannabis Sativa seemne\u00f5li, Cocos Nucifera \u00f5li, Theobroma Cacao seemnev\u00f5i, Ricinus Communis seemne\u00f5li, Simmondsia Chinensis seemne\u00f5li, Hippophae Rhamnoides puuviljaekstrakt, Litsea Cubeba puuvilja\u00f5li, <em>Cannabidiol<\/em> (kanepiekstraktist, -tinktuurist v\u00f5i -vaigust), tokoferool, *limonool, *linalool, *tsitronellool, *tsitraal, *geraniool (*eloomulikult leidub eeterlikes \u00f5lides).<\/p>","protected":false},"excerpt":{"rendered":"<p data-start=\"149\" data-end=\"226\"><strong data-start=\"153\" data-end=\"226\">LE-KKU CBD huulepalsam - 60 mg CBD, intensiivne kaitse ja niisutus. <\/strong>Hoolitsege oma huulte eest loomulikult ja t\u00f5husalt koos <strong data-start=\"280\" data-end=\"307\">LE-KKU CBD huulepalsam<\/strong>, mis toidab, rahustab ja kaitseb isegi k\u00f5ige kuivemaid huuli. Sisaldab - <strong data-start=\"389\" data-end=\"402\">60 mg CBD<\/strong>, <strong data-start=\"404\" data-end=\"444\">100 % Loodusliku p\u00e4ritoluga koostisained<\/strong>, E-vitamiini ja Omega-rasvhappeid, mis aitavad taastada ja s\u00e4ilitada terved huuled k\u00f5ikides ilmastikutingimustes. \u00d5rn, paks koostis mesilasvaha, kanepiseemne-, kookos-, kakao- ja astelpaju\u00f5liga. <strong data-start=\"659\" data-end=\"717\">Pakub pikaajalist kaitset pragunemise ja kuivuse vastu.<\/strong>, ja rahustav m\u00f5ju on tunda juba p\u00e4rast esimest kasutamist. Ideaalne valik k\u00f5igile, kes hindavad looduslikku, ohutut ja t\u00f5husat huulehooldust. <\/p>\n<p><strong data-start=\"877\" data-end=\"901\">Miks valida?<br \/><\/strong>\u2714\ufe0f 60 mg CBD-ga - t\u00f5hus kaitsev ja taastav toime.<br data-start=\"967\" data-end=\"970\" \/>\u2714\ufe0f 100 % Loodusliku p\u00e4ritoluga koostisained<br data-start=\"1009\" data-end=\"1012\" \/>\u2714\ufe0f Niisutab ja taastab huuli s\u00fcgavuti.<br data-start=\"1053\" data-end=\"1056\" \/>\u2714\ufe0f Aitab v\u00e4ltida kuivust, l\u00f5henemist ja s\u00e4risemist.<br data-start=\"1110\" data-end=\"1113\" \/>\u2714\ufe0f Parandab huulte v\u00e4limust ja elastsust.<br data-start=\"1157\" data-end=\"1160\" \/>\u2714\ufe0f Rahustab \u00e4rritunud ja tundlikke huuli.<br data-start=\"1199\" data-end=\"1202\" \/>\u2714\ufe0f Rikkalik, kuid mitte kleepuv tekstuur - ideaalne igap\u00e4evaseks kasutamiseks.<\/p>","protected":false},"featured_media":34045,"comment_status":"open","ping_status":"closed","template":"","meta":{"_acf_changed":false},"product_brand":[435],"product_cat":[92,182,59],"product_tag":[],"class_list":{"0":"post-33989","1":"product","2":"type-product","3":"status-publish","4":"has-post-thumbnail","6":"product_brand-le-kku","7":"product_cat-groziui","8":"product_cat-lupu-kaukes","9":"product_cat-veidui","11":"first","12":"instock","13":"shipping-taxable","14":"purchasable","15":"product-type-simple"},"acf":[],"tiered_pricing_type":"fixed","tiered_pricing_fixed_rules":[],"tiered_pricing_product_settings":{"layout":"default","base_unit_name":{"singular":null,"plural":null},"default_variation":null},"tiered_pricing_minimum_quantity":null,"tiered_pricing_roles_data":[],"tiered_pricing_percentage_rules":[],"_links":{"self":[{"href":"https:\/\/purama.lt\/ee\/wp-json\/wp\/v2\/product\/33989","targetHints":{"allow":["GET"]}}],"collection":[{"href":"https:\/\/purama.lt\/ee\/wp-json\/wp\/v2\/product"}],"about":[{"href":"https:\/\/purama.lt\/ee\/wp-json\/wp\/v2\/types\/product"}],"replies":[{"embeddable":true,"href":"https:\/\/purama.lt\/ee\/wp-json\/wp\/v2\/comments?post=33989"}],"wp:featuredmedia":[{"embeddable":true,"href":"https:\/\/purama.lt\/ee\/wp-json\/wp\/v2\/media\/34045"}],"wp:attachment":[{"href":"https:\/\/purama.lt\/ee\/wp-json\/wp\/v2\/media?parent=33989"}],"wp:term":[{"taxonomy":"product_brand","embeddable":true,"href":"https:\/\/purama.lt\/ee\/wp-json\/wp\/v2\/product_brand?post=33989"},{"taxonomy":"product_cat","embeddable":true,"href":"https:\/\/purama.lt\/ee\/wp-json\/wp\/v2\/product_cat?post=33989"},{"taxonomy":"product_tag","embeddable":true,"href":"https:\/\/purama.lt\/ee\/wp-json\/wp\/v2\/product_tag?post=33989"}],"curies":[{"name":"wp","href":"https:\/\/api.w.org\/{rel}","templated":true}]}}