{"id":33988,"date":"2025-04-15T15:57:07","date_gmt":"2025-04-15T15:57:07","guid":{"rendered":"https:\/\/purama.lt\/produktas\/le-kku-cbd-veido-serumas\/"},"modified":"2026-04-10T13:03:27","modified_gmt":"2026-04-10T11:03:27","slug":"le-kku-cbd-naoseerum","status":"publish","type":"product","link":"https:\/\/purama.lt\/ee\/produktas\/le-kku-cbd-veido-serumas\/","title":{"rendered":"LE-KKU CBD n\u00e4oseerum"},"content":{"rendered":"<p><strong>Kasutamine:<\/strong><br>Kandke v\u00e4ike kogus seerumit puhtale nahale ja masseerige \u00f5rnalt kuni t\u00e4ieliku imendumiseni. V\u00f5ib kasutada nii n\u00e4ole kui ka kehale. V\u00e4ltida kokkupuudet silmadega. Hoida jahedas ja kuivas kohas, eemal otsesest p\u00e4ikesevalgusest.<\/p>\n\n\n\n<p><strong>Koostis:<\/strong><br>Skvalaan, Prunus Amygdalus Dulcis \u00f5li, <em>Cannabidiol<\/em> (kanepiekstraktist, tinktuurist v\u00f5i vaigust), Boswellia Carterii \u00f5li, Pelargonium Graveolens \u00f5ie\u00f5li, Tocopherol, *Limonene, *Linalool, *Linalool, *Citral, *Geraniol, *Citronellol (*eloomulikult leidub eeterlikes \u00f5lides).<\/p>","protected":false},"excerpt":{"rendered":"<p data-start=\"160\" data-end=\"246\"><strong data-start=\"164\" data-end=\"246\">LE-KKU CBD n\u00e4oseerum - 300 mg CBD-d s\u00e4rava, rahulikuma ja tugevama naha jaoks.\u00a0<\/strong>Otsid mitmek\u00fclgset lahendust, mis mitte ainult ei niisuta, vaid ka parandab silmn\u00e4htavalt sinu naha v\u00e4ljan\u00e4gemist? <strong data-start=\"344\" data-end=\"372\">LE-KKU CBD n\u00e4oseerum<\/strong> koos <strong data-start=\"376\" data-end=\"390\">300 mg CBD<\/strong> ja <strong data-start=\"394\" data-end=\"435\">100 % loodusliku p\u00e4ritoluga koostisosadega<\/strong> - on intensiivse toimega toode, mis on m\u00f5eldud n\u00e4o- ja kehanaha taastamiseks, taaselustamiseks ja rahustamiseks. Ainulaadne \u00f5livalem koos <strong data-start=\"574\" data-end=\"586\">squalanu<\/strong>, Magusa mandli\u00f5li ja luksuslike eeterlike \u00f5lide abil silub, kirgastab, niisutab ja toniseerib nahka \u00f5rnalt, et tagada pikaajaline mugavustunne. CBD on tuntud oma rahustavate ja antioks\u00fcdantsete omaduste poolest, mis aitavad rahustada tundlikku v\u00f5i \u00e4rritunud nahka ja edendada naha elastsust. Sobib ideaalselt nii hommikuse kui ka \u00f5htuse rutiini jaoks - kasutamiseks \u00fcksi v\u00f5i enne kreemi, kui nahk vajab t\u00e4iendavat s\u00e4ra ja v\u00e4rskendust.<\/p>\n<p data-start=\"160\" data-end=\"246\"><strong data-start=\"1029\" data-end=\"1053\">Miks valida?<br \/><\/strong>\u2714\ufe0f 300 mg CBD-ga - v\u00f5imas rahustav ja taastav toime.<br data-start=\"1118\" data-end=\"1121\" \/>\u2714\ufe0f 100 % Loodusliku p\u00e4ritoluga koostisained<br data-start=\"1160\" data-end=\"1163\" \/>\u2714\ufe0f Pinguldab, niisutab ja kirgastab nahka.<br data-start=\"1200\" data-end=\"1203\" \/>\u2714\ufe0f Annab nahale s\u00e4rava, v\u00e4rske ja noorusliku s\u00e4ra.<br data-start=\"1255\" data-end=\"1258\" \/>\u2714\ufe0f Soodustab naha elastsust ja siledust.<br data-start=\"1298\" data-end=\"1301\" \/>\u2714\ufe0f Toonib ja rahustab tundlikku nahka.<br data-start=\"1335\" data-end=\"1338\" \/>\u2714\ufe0f Sobib nii n\u00e4ole kui ka kehale - kasutamiseks p\u00e4eval ja \u00f6\u00f6sel.<\/p>","protected":false},"featured_media":34040,"comment_status":"open","ping_status":"closed","template":"","meta":{"_acf_changed":false},"product_brand":[435],"product_cat":[92,56,59],"product_tag":[],"class_list":{"0":"post-33988","1":"product","2":"type-product","3":"status-publish","4":"has-post-thumbnail","6":"product_brand-le-kku","7":"product_cat-groziui","8":"product_cat-veido-serumai","9":"product_cat-veidui","11":"first","12":"instock","13":"shipping-taxable","14":"purchasable","15":"product-type-simple"},"acf":[],"tiered_pricing_type":"fixed","tiered_pricing_fixed_rules":[],"tiered_pricing_product_settings":{"layout":"default","base_unit_name":{"singular":null,"plural":null},"default_variation":null},"tiered_pricing_minimum_quantity":null,"tiered_pricing_roles_data":[],"tiered_pricing_percentage_rules":[],"_links":{"self":[{"href":"https:\/\/purama.lt\/ee\/wp-json\/wp\/v2\/product\/33988","targetHints":{"allow":["GET"]}}],"collection":[{"href":"https:\/\/purama.lt\/ee\/wp-json\/wp\/v2\/product"}],"about":[{"href":"https:\/\/purama.lt\/ee\/wp-json\/wp\/v2\/types\/product"}],"replies":[{"embeddable":true,"href":"https:\/\/purama.lt\/ee\/wp-json\/wp\/v2\/comments?post=33988"}],"wp:featuredmedia":[{"embeddable":true,"href":"https:\/\/purama.lt\/ee\/wp-json\/wp\/v2\/media\/34040"}],"wp:attachment":[{"href":"https:\/\/purama.lt\/ee\/wp-json\/wp\/v2\/media?parent=33988"}],"wp:term":[{"taxonomy":"product_brand","embeddable":true,"href":"https:\/\/purama.lt\/ee\/wp-json\/wp\/v2\/product_brand?post=33988"},{"taxonomy":"product_cat","embeddable":true,"href":"https:\/\/purama.lt\/ee\/wp-json\/wp\/v2\/product_cat?post=33988"},{"taxonomy":"product_tag","embeddable":true,"href":"https:\/\/purama.lt\/ee\/wp-json\/wp\/v2\/product_tag?post=33988"}],"curies":[{"name":"wp","href":"https:\/\/api.w.org\/{rel}","templated":true}]}}