{"id":33986,"date":"2025-04-15T15:57:06","date_gmt":"2025-04-15T15:57:06","guid":{"rendered":"https:\/\/purama.lt\/produktas\/real-ems-all-in-one-universalus-masazuoklis\/"},"modified":"2025-11-12T14:04:35","modified_gmt":"2025-11-12T12:04:35","slug":"real-ems-koik-uhes-universaalne-massoor","status":"publish","type":"product","link":"https:\/\/purama.lt\/ee\/produktas\/real-ems-all-in-one-universalus-masazuoklis\/","title":{"rendered":"REAL EMS All in One universaalne mass\u00f6\u00f6r"},"content":{"rendered":"<p><strong>Kuidas kasutada?<\/strong><\/p>\n\n\n\n<ol class=\"wp-block-list\">\n<li>T\u00e4itke pudel veega ja niisutage m\u00f5lemad tallad \u00fchtlaselt.<\/li>\n\n\n\n<li>Keerake rihmad \u00fcmber valitud kehaosade - k\u00e4te, reite v\u00f5i vasikate - ja kinnitage need velcro-rihmadega.<\/li>\n\n\n\n<li>\u00dchendage kaablid, l\u00fclitage juhtpaneel sisse ja valige soovitud re\u017eiim.<\/li>\n\n\n\n<li>Reguleerige intensiivsust nuppude \"+\" ja \"-\" abil vastavalt mugavusele.<\/li>\n\n\n\n<li>\u00dcks seanss kestab 20 minutit, mille jooksul toimub aktiivne lihasstimulatsioon.<\/li>\n\n\n\n<li>Soovitatav on kasutada 1-3 korda p\u00e4evas, jaotades aja \u00fchtlaselt.<\/li>\n<\/ol>\n\n\n\n<p><strong>Mida see sisaldab?<\/strong><\/p>\n\n\n\n<ul class=\"wp-block-list\">\n<li>2 x universaalsed talla ribad<\/li>\n\n\n\n<li>1 x juhtpaneel<\/li>\n\n\n\n<li>1 x \u00fchenduskaabel<\/li>\n\n\n\n<li>1 x kaitsev hoiukott<\/li>\n\n\n\n<li>1 x veepihusti<\/li>\n\n\n\n<li>1 x laadimiskaabel<\/li>\n<\/ul>\n\n\n\n<p><strong>REAL EMS All-in-One<\/strong> - on revolutsiooniline lahendus kogu keha hooldamiseks. Kui soovite koheseid tulemusi ilma lisapingutusteta, on see seade just teie jaoks. <strong>Kogege lihastreeningu ja massaa\u017ei eeliseid \u00fches seadmes - t\u00f5husalt, mugavalt ja ohutult.<\/strong> Ole valmis taastama oma j\u00f5udu, leevendama pingeid ja tundma oma keha kerget p\u00e4rast iga treeningut!<\/p>","protected":false},"excerpt":{"rendered":"<p><strong>REAL EMS All-in-One<\/strong> - nutikas lahendus kogu keha lihaste treenimiseks ja l\u00f5dvestamiseks! Kas soovite tugevdada oma lihaseid, leevendada pingeid v\u00f5i lihtsalt l\u00f5\u00f5gastuda p\u00e4rast pikka p\u00e4eva, saate seda k\u00f5ike teha ilma j\u00f5usaalita, ilma raskusteta ja vaevata! <strong>REAL EMS All-in-One on t\u00e4iustatud madalsageduslik elektriline lihasstimulatsiooniseade (EMS) k\u00e4te, reite ja vasikate igak\u00fclgseks hoolduseks.<\/strong>. See on \u00fcks populaarsemaid multifunktsionaalseid massaa\u017eiseadmeid ja on rahvusvaheliselt tunnustatud L\u00f5una-Korea auhinnatud<strong>\u00a02020. aasta Souli auhinnad<\/strong> Auhind silmapaistva kvaliteedi ja innovatsiooni eest. See mitte ainult ei treeni ja toniseeri teie lihaseid, vaid parandab ka vereringet, v\u00e4hendab v\u00e4simust, leevendab lihaspingeid ja parandab teie \u00fcldist heaolu. Regulaarsel kasutamisel v\u00f5ite m\u00e4rgata mitte ainult paranenud lihasvormi, vaid ka suurenenud f\u00fc\u00fcsilist j\u00f5udlust.<\/p>\n<p data-start=\"874\" data-end=\"918\"><strong>Miks valida REAL EMS All-in-One?<\/strong><\/p>\n<p class=\"\" data-start=\"920\" data-end=\"1478\">\u2714\ufe0f <strong data-start=\"923\" data-end=\"957\">3 tsooni samaaegne stimuleerimine<\/strong> - bitseps, triitseps, reied, vasikad<br data-start=\"998\" data-end=\"1001\" \/>\u2714\ufe0f <strong data-start=\"1004\" data-end=\"1036\">Parandatud EMS-tehnoloogia<\/strong> - suunatud impulsid otse lihaskiududele<br data-start=\"1086\" data-end=\"1089\" \/>\u2714\ufe0f <strong data-start=\"1092\" data-end=\"1117\">4 treeningre\u017eiimi<\/strong> - Aeroobika, Massaa\u017e, J\u00f5utreening, vastupidavustreening, vastupidavusalane treening<br data-start=\"1178\" data-end=\"1181\" \/>\u2714\ufe0f <strong data-start=\"1184\" data-end=\"1208\">12 intensiivsuse taset<\/strong> - sobib algajatele ja edasij\u00f5udnutele<br data-start=\"1253\" data-end=\"1256\" \/>\u2714\ufe0f <strong data-start=\"1259\" data-end=\"1295\">Ideaalne p\u00e4rast sporti v\u00f5i istuvat t\u00f6\u00f6d<\/strong> - v\u00e4hendab lihaspingeid ja valu<br data-start=\"1332\" data-end=\"1335\" \/>\u2714\ufe0f <strong data-start=\"1338\" data-end=\"1365\" data-is-only-node=\"\">Kompaktne ja mobiilne<\/strong> - Treeni k\u00f5ikjal: kodus, t\u00f6\u00f6l v\u00f5i teel olles<br data-start=\"1418\" data-end=\"1421\" \/>\u2714\ufe0f <strong data-start=\"1424\" data-end=\"1478\">T\u00f5hus viis keha tugevdamiseks ilma treeninguta<br \/><\/strong><\/p>\n<p data-pm-slice=\"1 1 []\"><strong>TARNEAEG V\u00d5IB VARIEERUDA 10-14 T\u00d6\u00d6P\u00c4EVA.<\/strong><\/p>","protected":false},"featured_media":34030,"comment_status":"open","ping_status":"closed","template":"","meta":{"_acf_changed":false},"product_brand":[452],"product_cat":[282,287,283],"product_tag":[],"class_list":{"0":"post-33986","1":"product","2":"type-product","3":"status-publish","4":"has-post-thumbnail","6":"product_brand-real-ems","7":"product_cat-longevity-prietaisai","8":"product_cat-masazuokliai","9":"product_cat-sveikatingumo-prietaisai","11":"first","12":"instock","13":"shipping-taxable","14":"purchasable","15":"product-type-simple"},"acf":[],"tiered_pricing_type":"fixed","tiered_pricing_fixed_rules":[],"tiered_pricing_product_settings":{"layout":"default","base_unit_name":{"singular":null,"plural":null},"default_variation":null},"tiered_pricing_minimum_quantity":null,"tiered_pricing_roles_data":[],"tiered_pricing_percentage_rules":[],"_links":{"self":[{"href":"https:\/\/purama.lt\/ee\/wp-json\/wp\/v2\/product\/33986","targetHints":{"allow":["GET"]}}],"collection":[{"href":"https:\/\/purama.lt\/ee\/wp-json\/wp\/v2\/product"}],"about":[{"href":"https:\/\/purama.lt\/ee\/wp-json\/wp\/v2\/types\/product"}],"replies":[{"embeddable":true,"href":"https:\/\/purama.lt\/ee\/wp-json\/wp\/v2\/comments?post=33986"}],"wp:featuredmedia":[{"embeddable":true,"href":"https:\/\/purama.lt\/ee\/wp-json\/wp\/v2\/media\/34030"}],"wp:attachment":[{"href":"https:\/\/purama.lt\/ee\/wp-json\/wp\/v2\/media?parent=33986"}],"wp:term":[{"taxonomy":"product_brand","embeddable":true,"href":"https:\/\/purama.lt\/ee\/wp-json\/wp\/v2\/product_brand?post=33986"},{"taxonomy":"product_cat","embeddable":true,"href":"https:\/\/purama.lt\/ee\/wp-json\/wp\/v2\/product_cat?post=33986"},{"taxonomy":"product_tag","embeddable":true,"href":"https:\/\/purama.lt\/ee\/wp-json\/wp\/v2\/product_tag?post=33986"}],"curies":[{"name":"wp","href":"https:\/\/api.w.org\/{rel}","templated":true}]}}