{"id":33985,"date":"2025-04-15T15:57:06","date_gmt":"2025-04-15T15:57:06","guid":{"rendered":"https:\/\/purama.lt\/produktas\/real-ems-knee-exercise-massage-kelio-masazuoklis\/"},"modified":"2025-11-12T14:04:31","modified_gmt":"2025-11-12T12:04:31","slug":"real-ems-polve-harjutus-massaaz-polve-massaazija","status":"publish","type":"product","link":"https:\/\/purama.lt\/ee\/produktas\/real-ems-knee-exercise-massage-kelio-masazuoklis\/","title":{"rendered":"REAL EMS p\u00f5lve harjutamine ja massaa\u017e p\u00f5lve massaa\u017eija"},"content":{"rendered":"<p><strong>Kuidas kasutada?<\/strong><\/p>\n\n\n\n<ol class=\"wp-block-list\">\n<li>T\u00e4itke veepudel ja niisutage p\u00f5lvealused.<\/li>\n\n\n\n<li>Pange massaa\u017eivahend istudes peale - p\u00f5lveliiges peaks j\u00e4\u00e4ma avatuks.<\/li>\n\n\n\n<li>\u00dchendage juhtmed padjadega ja juhtpaneeliga.<\/li>\n\n\n\n<li>L\u00fclitage seade sisse, valige re\u017eiim ja intensiivsus.<\/li>\n\n\n\n<li>Hoidke jalad kogu treeningu (20 minutit) jooksul k\u00f5verdatud.<\/li>\n\n\n\n<li>Kasutage 1-3 korda p\u00e4evas - m\u00f5ju on m\u00e4rgatav juba p\u00e4rast paari korda!<\/li>\n<\/ol>\n\n\n\n<p><strong>Varustus:<\/strong><\/p>\n\n\n\n<ul class=\"wp-block-list\">\n<li>2 x massaa\u017eipadjad<\/li>\n\n\n\n<li>1 x juhtpaneel<\/li>\n\n\n\n<li>1 x kaabel<\/li>\n\n\n\n<li>1 x kaitsekott<\/li>\n\n\n\n<li>1 x veepihusti<\/li>\n\n\n\n<li>1 x laadimiskaabel<\/li>\n<\/ul>\n\n\n\n<p><strong>REAL EMS p\u00f5lvemassaa\u017e\u00f6\u00f6r<\/strong> - kui see ei ole ainult l\u00f5\u00f5gastumine, vaid ka tugevdamine. See ei ole lihtsalt mass\u00f6\u00f6r - see on nutikas viis aktiivsema ja tervislikuma eluviisi saavutamiseks! Proovige seda ja avastage igal sammul uus mugavuse tase.<\/p>","protected":false},"excerpt":{"rendered":"<p class=\"\" data-start=\"0\" data-end=\"89\"><strong data-start=\"0\" data-end=\"89\">REAL EMS P\u00f5lveharjutused ja massaa\u017e - revolutsioon p\u00f5lve hoolduses igal sammul!\u00a0<\/strong>Unustage ebamugavustunne ja nautige liikumisvabadust koos <strong data-start=\"147\" data-end=\"173\">REAL EMS p\u00f5lvemassaa\u017e\u00f6\u00f6r<\/strong> - nutikas treening- ja massaa\u017eiseade, mis on m\u00f5eldud neile, kellel on v\u00e4sinud, n\u00f5rgad v\u00f5i sageli valutavad p\u00f5lved. See intelligentne seade kasutab <strong data-start=\"314\" data-end=\"366\">madalsageduslik elektriline lihasstimulatsioon (EMS)<\/strong>mitte ainult valu leevendamiseks, vaid ka selleks, et <strong data-start=\"405\" data-end=\"436\">tugevdab aktiivselt lihaseid<\/strong> p\u00f5lved, reied ja vasikad. Olenemata sellest, kas te t\u00f6\u00f6tate istuva t\u00f6\u00f6ga, teete sporti, tunnete sageli stressi v\u00f5i soovite lihtsalt oma liigeste eest hoolitseda, muutub see massaa\u017eimasin teie igap\u00e4evase hoolduse asendamatuks abivahendiks. Kliiniliselt testitud, kodus h\u00f5lpsasti kasutatav seade aitab <strong data-start=\"713\" data-end=\"770\">parandab vereringet, paindlikkust ja v\u00e4hendab j\u00e4ikust<\/strong>Oh jah... <strong data-start=\"777\" data-end=\"816\">4 programmi ja 12 intensiivsuse taset<\/strong> v\u00f5imaldab teil kohandada ravi vastavalt teie individuaalsetele vajadustele.<\/p>\n<p data-start=\"882\" data-end=\"931\"><strong>Miks proovida REAL EMS p\u00f5lvemassaa\u017ei?<\/strong><\/p>\n<p class=\"\" data-start=\"933\" data-end=\"1444\">\u2714\ufe0f <strong data-start=\"936\" data-end=\"961\">P\u00f5hjalik hooldus<\/strong> - masseerib ja tugevdab p\u00f5lvi, reite, s\u00e4\u00e4relihaseid ja vasikaid.<br data-start=\"1026\" data-end=\"1029\" \/>\u2714\ufe0f <strong data-start=\"1032\" data-end=\"1061\">S\u00fcgav lihaste stimulatsioon<\/strong> - Edendab toonust, aitab taastuda vigastustest ja treeningutest<br data-start=\"1123\" data-end=\"1126\" \/>\u2714\ufe0f <strong data-start=\"1129\" data-end=\"1158\">leevendab valu ja pingeid<\/strong> - eriti kasulik p\u00e4rast pikka seismist v\u00f5i istumist<br data-start=\"1204\" data-end=\"1207\" \/>\u2714\ufe0f <strong data-start=\"1210\" data-end=\"1247\">4 re\u017eiimi ja 12 intensiivsuse taset<\/strong> - alates \u00f5rnast massaa\u017eist kuni intensiivse treeninguni<br data-start=\"1297\" data-end=\"1300\" \/>\u2714\ufe0f <strong data-start=\"1303\" data-end=\"1326\">Igap\u00e4evane mugavus<\/strong> - Sobib nii noortele kui vanadele<br data-start=\"1379\" data-end=\"1382\" \/>\u2714\ufe0f <strong data-start=\"1385\" data-end=\"1412\" data-is-only-node=\"\">Kompaktne ja kerge<\/strong> - Kasutage igal pool ja igal ajal<\/p>\n<p><strong>TARNEAEG V\u00d5IB VARIEERUDA 10-14 T\u00d6\u00d6P\u00c4EVA.<\/strong><\/p>","protected":false},"featured_media":34034,"comment_status":"open","ping_status":"closed","template":"","meta":{"_acf_changed":false},"product_brand":[452],"product_cat":[282,287,283],"product_tag":[],"class_list":{"0":"post-33985","1":"product","2":"type-product","3":"status-publish","4":"has-post-thumbnail","6":"product_brand-real-ems","7":"product_cat-longevity-prietaisai","8":"product_cat-masazuokliai","9":"product_cat-sveikatingumo-prietaisai","11":"first","12":"instock","13":"shipping-taxable","14":"purchasable","15":"product-type-simple"},"acf":[],"tiered_pricing_type":"fixed","tiered_pricing_fixed_rules":[],"tiered_pricing_product_settings":{"layout":"default","base_unit_name":{"singular":null,"plural":null},"default_variation":null},"tiered_pricing_minimum_quantity":null,"tiered_pricing_roles_data":[],"tiered_pricing_percentage_rules":[],"_links":{"self":[{"href":"https:\/\/purama.lt\/ee\/wp-json\/wp\/v2\/product\/33985","targetHints":{"allow":["GET"]}}],"collection":[{"href":"https:\/\/purama.lt\/ee\/wp-json\/wp\/v2\/product"}],"about":[{"href":"https:\/\/purama.lt\/ee\/wp-json\/wp\/v2\/types\/product"}],"replies":[{"embeddable":true,"href":"https:\/\/purama.lt\/ee\/wp-json\/wp\/v2\/comments?post=33985"}],"wp:featuredmedia":[{"embeddable":true,"href":"https:\/\/purama.lt\/ee\/wp-json\/wp\/v2\/media\/34034"}],"wp:attachment":[{"href":"https:\/\/purama.lt\/ee\/wp-json\/wp\/v2\/media?parent=33985"}],"wp:term":[{"taxonomy":"product_brand","embeddable":true,"href":"https:\/\/purama.lt\/ee\/wp-json\/wp\/v2\/product_brand?post=33985"},{"taxonomy":"product_cat","embeddable":true,"href":"https:\/\/purama.lt\/ee\/wp-json\/wp\/v2\/product_cat?post=33985"},{"taxonomy":"product_tag","embeddable":true,"href":"https:\/\/purama.lt\/ee\/wp-json\/wp\/v2\/product_tag?post=33985"}],"curies":[{"name":"wp","href":"https:\/\/api.w.org\/{rel}","templated":true}]}}