{"id":33984,"date":"2025-04-15T15:57:05","date_gmt":"2025-04-15T15:57:05","guid":{"rendered":"https:\/\/purama.lt\/produktas\/real-ems-perfect-hip-klubu-formos-masazuoklis\/"},"modified":"2025-11-12T14:04:25","modified_gmt":"2025-11-12T12:04:25","slug":"real-ems-taiuslik-puusa-puusamassaazija","status":"publish","type":"product","link":"https:\/\/purama.lt\/ee\/produktas\/real-ems-perfect-hip-klubu-formos-masazuoklis\/","title":{"rendered":"REAL EMS Perfect Hip Hip Shape massaa\u017eimasinaga"},"content":{"rendered":"<p><strong>Kuidas kasutada?<\/strong><\/p>\n\n\n\n<ol class=\"wp-block-list\">\n<li>T\u00e4itke pihusti veega ja niisutage kergelt m\u00f5lemat padjakest - laske imbuda.<\/li>\n\n\n\n<li>Asetage v\u00f6\u00f6 tuharatele nii, et padjad on kindlalt vastu tuharalihaseid.<\/li>\n\n\n\n<li>\u00dchendage juhtpaneel, l\u00fclitage seade sisse ja valige soovitud re\u017eiim.<\/li>\n\n\n\n<li>Seansi alustamine - kestus 20 min. Reguleerige intensiivsust nuppude \"+\" ja \"-\" abil.<\/li>\n\n\n\n<li>Kasutage 1-3 korda p\u00e4evas, et saavutada parim toime.<\/li>\n<\/ol>\n\n\n\n<p><strong>Vihje:<\/strong> maksimaalse toime saavutamiseks kasutage v\u00f6\u00f6d paljale nahale.<\/p>\n\n\n\n<p><strong>Sisaldab:<\/strong><\/p>\n\n\n\n<ul class=\"wp-block-list\">\n<li>1 x Perfect Hip Belt (kuni 125-130 cm \u00fcmberm\u00f5\u00f5duga puusa)<\/li>\n\n\n\n<li>2 x elektrilised k\u00f5rvaklapid<\/li>\n\n\n\n<li>1 x juhtpaneel<\/li>\n\n\n\n<li>1 x kaabel<\/li>\n\n\n\n<li>1 x veepihusti<\/li>\n\n\n\n<li>1 x laadimiskaabel<\/li>\n\n\n\n<li>1 x k\u00e4ep\u00e4rane hoiukott<\/li>\n<\/ul>\n\n\n\n<p><strong>REAL EMS Perfect Hip<\/strong> - kui sa soovid head figuuri, kuid ei taha k\u00f5vasti trenni teha. Naistele, kes soovivad tulemusi kiiresti, mugavalt ja ohutult. Avastage vaevata viis oma tuharate tugevdamiseks - <strong>J\u00e4rgmise p\u00f5lvkonna puusa vormimise tehnoloogia on siin!<\/strong><\/p>","protected":false},"excerpt":{"rendered":"<p class=\"\" data-start=\"0\" data-end=\"81\"><strong data-start=\"0\" data-end=\"81\">REAL EMS Perfect Hip - revolutsiooniline samm vormiva ja kindla pepu poole!\u00a0<\/strong>Kujutage seda ette - ei mingeid v\u00e4sitavaid j\u00f5usaalik\u00fclastusi, ei mingit higi ega raskeid k\u00fckke - ainult meeldiv tunne ja tulemused, mida n\u00e4ete peeglist. <strong data-start=\"251\" data-end=\"275\">REAL EMS Perfect Hip<\/strong> - on t\u00e4iustatud madalsageduslik EMS-elektrostimulatsiooniseade, mis on m\u00f5eldud naistele, kes soovivad oma puusasid parandada, oma tagumikku vormida ja oma lihaseid tugevdada. <strong data-start=\"448\" data-end=\"484\">kiire, mugav ja vaevata<\/strong>. See puusa kujundav v\u00f6\u00f6 on <strong data-start=\"518\" data-end=\"552\">rahvusvaheliselt tunnustatud<\/strong> - L\u00f5una-Korea suurep\u00e4rase toote auhinna v\u00f5itja 2022. aasta Souli auhindade jagamisel. See toimib, aktiveerides s\u00fcgavad lihaskihid, mis on tavalise treeningu ajal sageli k\u00e4ttesaamatud. Lihtsalt pange see peale, l\u00fclitage see sisse ja laske tehnoloogial enda eest t\u00f6\u00f6tada! <strong>Miks valida REAL EMS Perfect Hip?<\/strong><\/p>\n<p class=\"\" data-start=\"852\" data-end=\"1492\">\u2714\ufe0f <strong data-start=\"855\" data-end=\"898\">Kujundab vaevata kindlaid tuharaid<\/strong> - aktiveerib tuharalihaseid EMS impulssidega<br data-start=\"940\" data-end=\"943\" \/>\u2714\ufe0f <strong data-start=\"946\" data-end=\"982\">4 re\u017eiimi x 12 intensiivsuse taset<\/strong> - alates \u00f5rnast massaa\u017eist kuni intensiivse treeninguni<br data-start=\"1032\" data-end=\"1035\" \/>\u2714\ufe0f <strong data-start=\"1038\" data-end=\"1065\">\u00d5hukesem keha siluett<\/strong> - Regulaarsel kasutamisel on m\u00e4rgatav kuju ja lihastoonuse paranemine.<br data-start=\"1136\" data-end=\"1139\" \/>\u2714\ufe0f <strong data-start=\"1142\" data-end=\"1173\">Kodus, teel v\u00f5i t\u00f6\u00f6l<\/strong> - vaid 20 minutit p\u00e4evas t\u00f5husate tulemuste saavutamiseks<br data-start=\"1222\" data-end=\"1225\" \/>\u2714\ufe0f <strong data-start=\"1228\" data-end=\"1244\">Sobib k\u00f5igile<\/strong> - reguleeritav v\u00f6\u00f6 kuni 130 cm puusa \u00fcmberm\u00f5\u00f5duni<br data-start=\"1293\" data-end=\"1296\" \/>\u2714\ufe0f <strong data-start=\"1299\" data-end=\"1324\">Mugav disain<\/strong> - ei piira, mugav nahal v\u00f5i \u00f5hukeste spordip\u00fckstega<br data-start=\"1404\" data-end=\"1407\" data-is-only-node=\"\" \/>\u2714\ufe0f <strong data-start=\"1410\" data-end=\"1449\">Ideaalne p\u00e4rast s\u00fcnnitust v\u00f5i istuva t\u00f6\u00f6 puhul.<\/strong> - aitab taastada tuharate tugevust ja kuju<\/p>\n<p data-pm-slice=\"1 1 []\"><strong>TARNEAEG V\u00d5IB VARIEERUDA 10-14 T\u00d6\u00d6P\u00c4EVA.<\/strong><\/p>","protected":false},"featured_media":34033,"comment_status":"open","ping_status":"closed","template":"","meta":{"_acf_changed":false},"product_brand":[452],"product_cat":[282,287,283],"product_tag":[],"class_list":{"0":"post-33984","1":"product","2":"type-product","3":"status-publish","4":"has-post-thumbnail","6":"product_brand-real-ems","7":"product_cat-longevity-prietaisai","8":"product_cat-masazuokliai","9":"product_cat-sveikatingumo-prietaisai","11":"first","12":"instock","13":"shipping-taxable","14":"purchasable","15":"product-type-simple"},"acf":[],"tiered_pricing_type":"fixed","tiered_pricing_fixed_rules":[],"tiered_pricing_product_settings":{"layout":"default","base_unit_name":{"singular":null,"plural":null},"default_variation":null},"tiered_pricing_minimum_quantity":null,"tiered_pricing_roles_data":[],"tiered_pricing_percentage_rules":[],"_links":{"self":[{"href":"https:\/\/purama.lt\/ee\/wp-json\/wp\/v2\/product\/33984","targetHints":{"allow":["GET"]}}],"collection":[{"href":"https:\/\/purama.lt\/ee\/wp-json\/wp\/v2\/product"}],"about":[{"href":"https:\/\/purama.lt\/ee\/wp-json\/wp\/v2\/types\/product"}],"replies":[{"embeddable":true,"href":"https:\/\/purama.lt\/ee\/wp-json\/wp\/v2\/comments?post=33984"}],"wp:featuredmedia":[{"embeddable":true,"href":"https:\/\/purama.lt\/ee\/wp-json\/wp\/v2\/media\/34033"}],"wp:attachment":[{"href":"https:\/\/purama.lt\/ee\/wp-json\/wp\/v2\/media?parent=33984"}],"wp:term":[{"taxonomy":"product_brand","embeddable":true,"href":"https:\/\/purama.lt\/ee\/wp-json\/wp\/v2\/product_brand?post=33984"},{"taxonomy":"product_cat","embeddable":true,"href":"https:\/\/purama.lt\/ee\/wp-json\/wp\/v2\/product_cat?post=33984"},{"taxonomy":"product_tag","embeddable":true,"href":"https:\/\/purama.lt\/ee\/wp-json\/wp\/v2\/product_tag?post=33984"}],"curies":[{"name":"wp","href":"https:\/\/api.w.org\/{rel}","templated":true}]}}