{"id":33982,"date":"2025-04-15T15:57:05","date_gmt":"2025-04-15T15:57:05","guid":{"rendered":"https:\/\/purama.lt\/produktas\/real-ems-champion-belt-dirzas-kuno-formavimui\/"},"modified":"2025-11-12T14:04:09","modified_gmt":"2025-11-12T12:04:09","slug":"real-ems-champion-voo-kehakujundamise-voond","status":"publish","type":"product","link":"https:\/\/purama.lt\/ee\/produktas\/real-ems-champion-belt-dirzas-kuno-formavimui\/","title":{"rendered":"REAL EMS Champion Belt Keha kujundav v\u00f6\u00f6"},"content":{"rendered":"<p><strong>Kasutamine:<\/strong><\/p>\n\n\n\n<ol class=\"wp-block-list\">\n<li>Niisutage padjad kaasasoleva pihustiotsikuga.<\/li>\n\n\n\n<li>Asetage v\u00f6\u00f6 nii, et padjad sobivad tihedalt vastu keha.<\/li>\n\n\n\n<li>Pingutage velcro rihmad<\/li>\n\n\n\n<li>L\u00fclitage juhtpaneel sisse ja valige intensiivsus<\/li>\n\n\n\n<li>Nautige 20-minutilist treeningut - soovitatav 1-3 korda p\u00e4evas.<\/li>\n<\/ol>\n\n\n\n<p><strong>Komplekti kuuluvad:<\/strong><\/p>\n\n\n\n<ul class=\"wp-block-list\">\n<li>1 x Champion v\u00f6\u00f6<\/li>\n\n\n\n<li>2 x elektrilised k\u00f5rvaklapid<\/li>\n\n\n\n<li>1 x juhtpaneel<\/li>\n\n\n\n<li>1 x \u00fchenduskaabel<\/li>\n\n\n\n<li>1 x laadimiskaabel<\/li>\n\n\n\n<li>1 x kaitsev hoiukott<\/li>\n\n\n\n<li>1 x pihustatav veepudel<\/li>\n<\/ul>\n\n\n\n<p><strong>REAL EMS Champion Belt<\/strong> - revolutsiooniline viis oma keha tugevdamiseks, vormi taastamiseks ja lihastoonuse parandamiseks ilma t\u00e4iendava pingutuseta v\u00f5i ajaraiskamiseta. Tunnetage tulemusi juba p\u00e4rast paari kasutuskorda - teie keha v\u00e4\u00e4rib seda.<\/p>","protected":false},"excerpt":{"rendered":"<p class=\"\" data-start=\"0\" data-end=\"472\">T\u00e4pne siluett, tugev talje ja m\u00e4\u00e4ratletud k\u00f5hupress on n\u00fc\u00fcd saavutatav ilma j\u00f5usaali higistamiseta. <strong data-start=\"108\" data-end=\"134\">REAL EMS Champion Belt<\/strong> - on nutikas keha vormiv v\u00f6\u00f6, mis on loodud t\u00e4iustatud <strong data-start=\"202\" data-end=\"244\">madalsageduslik elektriline stimulatsioon (EMS)<\/strong> tehnoloogia, mis stimuleerib loomulikult lihaskontraktsioone ja soodustab rasvap\u00f5letust. See treenib k\u00f5hu-, v\u00f6\u00f6koha, k\u00fclje- ja alaselja lihaseid. <strong data-start=\"404\" data-end=\"418\">samal ajal<\/strong>, ja toimib seega tervikliku v\u00f6\u00f6koha treeneri rollis. Auhinnatud <strong data-start=\"486\" data-end=\"534\">\u201eSuurep\u00e4rane toode 2020. aasta L\u00f5una-Korea Souli auhindadel\u201c<\/strong>, on see seade ideaalne nii <strong data-start=\"570\" data-end=\"603\">aktiivsete spordiharrastajate jaoks<\/strong>, m\u00f5lemad <strong data-start=\"610\" data-end=\"631\">h\u00f5ivatud inimestele<\/strong>, kes soovivad oma keha mugavalt tugevdada - <strong data-start=\"675\" data-end=\"710\">kodus, kontoris v\u00f5i isegi liikvel olles<\/strong>.<\/p>\n<p class=\"\" data-start=\"713\" data-end=\"1174\"><strong data-start=\"713\" data-end=\"739\">Miks seda proovida?<\/strong><br data-start=\"739\" data-end=\"742\" \/>\u2714\ufe0f Stimuleerib s\u00fcgavaid lihaseid - kujundab tugevamat torsot ilma f\u00fc\u00fcsilise pingutuseta<br data-start=\"826\" data-end=\"829\" \/>\u2714\ufe0f Aitab v\u00e4hendada talje \u00fcmberm\u00f5\u00f5tu ja p\u00f5letada rasva<br data-start=\"884\" data-end=\"887\" \/>\u2714\ufe0f 4 treeningre\u017eiimi: aeroobne, massaa\u017e, tugevus ja vastupidavus<br data-start=\"950\" data-end=\"953\" \/>\u2714\ufe0f Kuni 12 intensiivsuse taset algajast kuni edasij\u00f5udnute tasemeni<br data-start=\"1015\" data-end=\"1018\" \/>\u2714\ufe0f Sobib nii treeninguks kui ka taastumiseks p\u00e4rast treeningut.<br data-start=\"1077\" data-end=\"1080\" \/>\u2714\ufe0f Kompaktne, juhtmevaba ja mugav igap\u00e4evaseks kasutamiseks.<br data-start=\"1132\" data-end=\"1135\" \/>\u2714\ufe0f Kliiniliselt t\u00f5estatud t\u00f5husus<\/p>\n<p><strong>TARNEAEG V\u00d5IB VARIEERUDA 10-14 T\u00d6\u00d6P\u00c4EVA.<\/strong><\/p>","protected":false},"featured_media":34035,"comment_status":"open","ping_status":"closed","template":"","meta":{"_acf_changed":false},"product_brand":[452],"product_cat":[282,287,283],"product_tag":[],"class_list":{"0":"post-33982","1":"product","2":"type-product","3":"status-publish","4":"has-post-thumbnail","6":"product_brand-real-ems","7":"product_cat-longevity-prietaisai","8":"product_cat-masazuokliai","9":"product_cat-sveikatingumo-prietaisai","11":"first","12":"instock","13":"shipping-taxable","14":"purchasable","15":"product-type-variable"},"acf":[],"tiered_pricing_type":"fixed","tiered_pricing_fixed_rules":[],"tiered_pricing_product_settings":{"layout":"default","base_unit_name":{"singular":null,"plural":null},"default_variation":null},"tiered_pricing_minimum_quantity":null,"tiered_pricing_roles_data":[],"tiered_pricing_percentage_rules":[],"_links":{"self":[{"href":"https:\/\/purama.lt\/ee\/wp-json\/wp\/v2\/product\/33982","targetHints":{"allow":["GET"]}}],"collection":[{"href":"https:\/\/purama.lt\/ee\/wp-json\/wp\/v2\/product"}],"about":[{"href":"https:\/\/purama.lt\/ee\/wp-json\/wp\/v2\/types\/product"}],"replies":[{"embeddable":true,"href":"https:\/\/purama.lt\/ee\/wp-json\/wp\/v2\/comments?post=33982"}],"wp:featuredmedia":[{"embeddable":true,"href":"https:\/\/purama.lt\/ee\/wp-json\/wp\/v2\/media\/34035"}],"wp:attachment":[{"href":"https:\/\/purama.lt\/ee\/wp-json\/wp\/v2\/media?parent=33982"}],"wp:term":[{"taxonomy":"product_brand","embeddable":true,"href":"https:\/\/purama.lt\/ee\/wp-json\/wp\/v2\/product_brand?post=33982"},{"taxonomy":"product_cat","embeddable":true,"href":"https:\/\/purama.lt\/ee\/wp-json\/wp\/v2\/product_cat?post=33982"},{"taxonomy":"product_tag","embeddable":true,"href":"https:\/\/purama.lt\/ee\/wp-json\/wp\/v2\/product_tag?post=33982"}],"curies":[{"name":"wp","href":"https:\/\/api.w.org\/{rel}","templated":true}]}}