{"id":33867,"date":"2025-04-09T07:46:59","date_gmt":"2025-04-09T07:46:59","guid":{"rendered":"https:\/\/purama.lt\/produktas\/slavic-labs-brainbost-wese-papildas-smegenu-funkcijoms-gerinti\/"},"modified":"2026-02-03T16:09:52","modified_gmt":"2026-02-03T14:09:52","slug":"slavic-labs-brainbost-wese-toidulisand-ajufunktsiooni-parandamiseks","status":"publish","type":"product","link":"https:\/\/purama.lt\/ee\/produktas\/slavic-labs-brainbost-wese-papildas-smegenu-funkcijoms-gerinti\/","title":{"rendered":"SLAVIC LABS BrainBost Wese toidulisand ajufunktsiooni parandamiseks"},"content":{"rendered":"<p><strong>Kasutamine:<\/strong><br>V\u00f5tke 3 kapslit p\u00e4evas, eelistatavalt hommikul v\u00f5i 15 minutit enne treeningut. <br><br><strong>Koostis:<\/strong> N-atset\u00fc\u00fcl-L-t\u00fcrosiin, L\u00f5vipea seen (Hericium erinaceus) - viljakehade ekstrakt (DER 30:1, standarditud 50 % \u03b2-gl\u00fckaanile), fosfatid\u00fc\u00fclseriin, tsitikoliin, L-teaniin, Ginkgo biloba ekstrakt (standarditud 26 % flavoongl\u00fckosiidile ja 6 % terpeenlakoonile), Assami musta tee ekstrakt (standarditud 99 % teakriini), kofeiin, p\u00fcrroloxal-5-fosfaat (vitamiin B6), niatsiinamiid (niatsiin), met\u00fc\u00fclkobalamiin (vitamiin B12), kapsel - veiste \u017eelatiin.<\/p>\n\n\n\n<p><\/p>","protected":false},"excerpt":{"rendered":"<p class=\"\" data-start=\"128\" data-end=\"192\"><strong data-start=\"128\" data-end=\"192\">SLAVIC LABS BrainBoost Wese -<\/strong> on t\u00e4iustatud valem, mis on m\u00f5eldud inimestele, kes otsivad maksimaalset vaimset energiat, keskendumisv\u00f5imet ja selgust ilma j\u00e4rskude energiapiikide v\u00f5i -langusteta. See toidulisand p\u00f5hineb uusimatel teaduslikel uuringutel ja tasakaalustab t\u00f5husaid looduslikke aineid, mis stimuleerivad ajutegevust ja toetavad organismi \u00fcldist vastupanu stressile ja v\u00e4simusele. Soovitatav \u00fcli\u00f5pilastele, professionaalidele, sportlastele ja k\u00f5igile, kes soovivad s\u00e4ilitada vaimset valvsust ja saavutada ambitsioonikaid eesm\u00e4rke. Regulaarsel kasutamisel aitab BrainBoost \u00fcletada vaimset v\u00e4simust, parandab t\u00e4helepanuv\u00f5imet ja motiveerib j\u00f5udlust.<\/p>\n<p class=\"\" data-start=\"819\" data-end=\"1154\"><strong data-start=\"819\" data-end=\"859\">Miks valida BrainBoost Wese?<\/strong><br data-start=\"859\" data-end=\"862\" \/>\u2714\ufe0f Parandab keskendumisv\u00f5imet ja vaimset vastupidavust.<br data-start=\"915\" data-end=\"918\" \/>\u2714\ufe0f Annab energiat ilma kunstlike stimulantideta v\u00f5i hiljem krahhita<br data-start=\"984\" data-end=\"987\" \/>\u2714\ufe0f Aitab \u00fcletada vaimset v\u00e4simust ja s\u00e4ilitada tootlikkust<br data-start=\"1047\" data-end=\"1050\" \/>\u2714\ufe0f Sobib vaimseks t\u00f6\u00f6ks, \u00f5ppimiseks ja sportimiseks.<br data-start=\"1097\" data-end=\"1100\" \/>\u2714\ufe0f Ehitatud uusima teaduse alusel<\/p>","protected":false},"featured_media":33878,"comment_status":"open","ping_status":"closed","template":"","meta":{"_acf_changed":false},"product_brand":[455],"product_cat":[123,257,256],"product_tag":[],"class_list":{"0":"post-33867","1":"product","2":"type-product","3":"status-publish","4":"has-post-thumbnail","6":"product_brand-slavic-labs","7":"product_cat-papildai-ilgaamziskumui","8":"product_cat-atmintis-ir-demesys","9":"product_cat-smegenims-ir-atminciai","11":"first","12":"instock","13":"shipping-taxable","14":"purchasable","15":"product-type-simple"},"acf":[],"tiered_pricing_type":"fixed","tiered_pricing_fixed_rules":[],"tiered_pricing_product_settings":{"layout":"default","base_unit_name":{"singular":null,"plural":null},"default_variation":null},"tiered_pricing_minimum_quantity":null,"tiered_pricing_roles_data":[],"tiered_pricing_percentage_rules":[],"_links":{"self":[{"href":"https:\/\/purama.lt\/ee\/wp-json\/wp\/v2\/product\/33867","targetHints":{"allow":["GET"]}}],"collection":[{"href":"https:\/\/purama.lt\/ee\/wp-json\/wp\/v2\/product"}],"about":[{"href":"https:\/\/purama.lt\/ee\/wp-json\/wp\/v2\/types\/product"}],"replies":[{"embeddable":true,"href":"https:\/\/purama.lt\/ee\/wp-json\/wp\/v2\/comments?post=33867"}],"wp:featuredmedia":[{"embeddable":true,"href":"https:\/\/purama.lt\/ee\/wp-json\/wp\/v2\/media\/33878"}],"wp:attachment":[{"href":"https:\/\/purama.lt\/ee\/wp-json\/wp\/v2\/media?parent=33867"}],"wp:term":[{"taxonomy":"product_brand","embeddable":true,"href":"https:\/\/purama.lt\/ee\/wp-json\/wp\/v2\/product_brand?post=33867"},{"taxonomy":"product_cat","embeddable":true,"href":"https:\/\/purama.lt\/ee\/wp-json\/wp\/v2\/product_cat?post=33867"},{"taxonomy":"product_tag","embeddable":true,"href":"https:\/\/purama.lt\/ee\/wp-json\/wp\/v2\/product_tag?post=33867"}],"curies":[{"name":"wp","href":"https:\/\/api.w.org\/{rel}","templated":true}]}}