{"id":33864,"date":"2025-04-09T07:46:58","date_gmt":"2025-04-09T07:46:58","guid":{"rendered":"https:\/\/purama.lt\/produktas\/slavic-labs-omega-3-riebalu-rugsciu-trigliceridai\/"},"modified":"2026-02-08T19:46:11","modified_gmt":"2026-02-08T17:46:11","slug":"slavic-labs-omega-3-rasvhappeid-triglutseriidid","status":"publish","type":"product","link":"https:\/\/purama.lt\/ee\/produktas\/slavic-labs-omega-3-riebalu-rugsciu-trigliceridai\/","title":{"rendered":"SLAVIC LABS Omega-3 rasvhappe trigl\u00fctseriidid"},"content":{"rendered":"<p><strong>Kasutamine:<\/strong><br>V\u00f5tke 1-2 kapslit p\u00e4evas koos veega, eelistatavalt s\u00f6\u00f6gi ajal. Kui teie omega-3 sisaldus on madal, on soovitatav v\u00f5tta 2 kapslit. Annuse v\u00f5ib jagada hommikul ja \u00f5htul.<\/p>\n\n\n\n<p><strong>Koostisosad (2 kapslit):<\/strong><br>Looduslik an\u0161oovise\u00f5li (EPA + DHA), kapsel: \u017eelatiin, gl\u00fctserool-niisutaja, vesi, E-vitamiin.<\/p>","protected":false},"excerpt":{"rendered":"<p class=\"\" data-start=\"128\" data-end=\"429\"><strong>SLAVIC LABS Omega-3<\/strong> - on \u00fclipuhas toidulisand, mis sisaldab <strong>EPA ja DHA<\/strong> loodusliku an\u0161oovise\u00f5li rasvhapete allikad, millel on suurep\u00e4rane bioloogiline v\u00e4\u00e4rtus. Kasutatud trigl\u00fctseriidvorm v\u00f5imaldab organismil omega-3-rasvade omastamist kuni 4 korda rohkem kui tavalisel estrivormil. See toidulisand on koostatud vastavalt k\u00f5rgeimatele kvaliteedistandarditele ja sellele on lisatud E-vitamiini, mis on looduslik antioks\u00fcdant, <strong>aitab kaitsta rakke oks\u00fcdatiivse stressi eest ja tagab toimeainete pikema stabiilsuse.<\/strong>. Ideaalne inimestele, kes elavad kiiret elu, t\u00f6\u00f6tavad palju, teevad palju trenni v\u00f5i on mures s\u00fcdame, aju ja kogu keha tervise p\u00e4rast.<\/p>\n<p data-start=\"128\" data-end=\"429\"><strong data-start=\"820\" data-end=\"864\">Miks valida SLAVIC LABS Omega-3?<\/strong><br data-start=\"864\" data-end=\"867\" \/>\u2714\ufe0f K\u00f5rge annus: 1000 mg EPA ja 500 mg DHA p\u00e4evas (2 kapslit).<br data-start=\"931\" data-end=\"934\" \/>\u2714\ufe0f Trigl\u00fctseriidide vorm - kuni 4 korda parem imendumine kui estrite puhul.<br data-start=\"1005\" data-end=\"1008\" \/>\u2714\ufe0f Rikastatud E-vitamiiniga - tugevam kaitse oks\u00fcdatiivse stressi eest.<br data-start=\"1076\" data-end=\"1079\" \/>\u2714\ufe0f Toetab ajufunktsiooni, s\u00fcdametegevust ja n\u00e4gemist.<br data-start=\"1134\" data-end=\"1137\" \/>\u2714\ufe0f Sobib inimestele, kes elavad intensiivselt, treenivad ja eakatele inimestele.<\/p>","protected":false},"featured_media":33884,"comment_status":"open","ping_status":"closed","template":"","meta":{"_acf_changed":false},"product_brand":[455],"product_cat":[123,253,252,279,255,256,254],"product_tag":[],"class_list":{"0":"post-33864","1":"product","2":"type-product","3":"status-publish","4":"has-post-thumbnail","6":"product_brand-slavic-labs","7":"product_cat-papildai-ilgaamziskumui","8":"product_cat-imuniteto-palaikymas","9":"product_cat-imunitetui","10":"product_cat-kaulams-ir-sanariams","11":"product_cat-oksidacinio-streso-mazinimas","12":"product_cat-smegenims-ir-atminciai","13":"product_cat-uzdegimo-mazinimas","15":"first","16":"instock","17":"shipping-taxable","18":"purchasable","19":"product-type-simple"},"acf":[],"tiered_pricing_type":"fixed","tiered_pricing_fixed_rules":[],"tiered_pricing_product_settings":{"layout":"default","base_unit_name":{"singular":null,"plural":null},"default_variation":null},"tiered_pricing_minimum_quantity":null,"tiered_pricing_roles_data":[],"tiered_pricing_percentage_rules":[],"_links":{"self":[{"href":"https:\/\/purama.lt\/ee\/wp-json\/wp\/v2\/product\/33864","targetHints":{"allow":["GET"]}}],"collection":[{"href":"https:\/\/purama.lt\/ee\/wp-json\/wp\/v2\/product"}],"about":[{"href":"https:\/\/purama.lt\/ee\/wp-json\/wp\/v2\/types\/product"}],"replies":[{"embeddable":true,"href":"https:\/\/purama.lt\/ee\/wp-json\/wp\/v2\/comments?post=33864"}],"wp:featuredmedia":[{"embeddable":true,"href":"https:\/\/purama.lt\/ee\/wp-json\/wp\/v2\/media\/33884"}],"wp:attachment":[{"href":"https:\/\/purama.lt\/ee\/wp-json\/wp\/v2\/media?parent=33864"}],"wp:term":[{"taxonomy":"product_brand","embeddable":true,"href":"https:\/\/purama.lt\/ee\/wp-json\/wp\/v2\/product_brand?post=33864"},{"taxonomy":"product_cat","embeddable":true,"href":"https:\/\/purama.lt\/ee\/wp-json\/wp\/v2\/product_cat?post=33864"},{"taxonomy":"product_tag","embeddable":true,"href":"https:\/\/purama.lt\/ee\/wp-json\/wp\/v2\/product_tag?post=33864"}],"curies":[{"name":"wp","href":"https:\/\/api.w.org\/{rel}","templated":true}]}}