{"id":33862,"date":"2025-04-09T07:46:58","date_gmt":"2025-04-09T07:46:58","guid":{"rendered":"https:\/\/purama.lt\/produktas\/slavic-labs-chaga-201-detoksikacijos-papildas\/"},"modified":"2026-04-14T15:03:06","modified_gmt":"2026-04-14T13:03:06","slug":"slavic-labs-chaga-201-detoksikatsiooni-toidulisand","status":"publish","type":"product","link":"https:\/\/purama.lt\/ee\/produktas\/slavic-labs-chaga-201-detoksikacijos-papildas\/","title":{"rendered":"SLAVIC LABS Chaga 20:1 detoksikatsiooni toidulisand"},"content":{"rendered":"<p><strong>Kuidas kasutada:<\/strong><br>V\u00f5tke 2 k\u00fchvlit p\u00e4evas (\u00f5htul). Lahustage 200 ml soojas vees, tees, kohvis v\u00f5i oma lemmik kokteilis. Soovitatav on alustada v\u00e4iksema annusega ja suurendada j\u00e4rk-j\u00e4rgult, j\u00e4lgides oma heaolu. Ilma t\u00e4iteaineteta. Ilma l\u00f5hna- ja maitseaineteta - ainult looduse j\u00f5ud teie keha jaoks.<\/p>\n\n\n\n<p><strong>Koostisained p\u00e4evase portsjoni kohta:<\/strong><br>1000 mg chaga seene (Inonotus obliquus) ekstrakti, DER 20:1.<\/p>","protected":false},"excerpt":{"rendered":"<p class=\"\" data-start=\"102\" data-end=\"199\"><strong data-start=\"102\" data-end=\"199\">SLAVIC LABS Chaga 20:1 - looduslik liitlane detoksikatsiooni, immuunsuse ja pikaealisuse saavutamiseks. <\/strong>Chaga 20:1 on v\u00e4ga kontsentreeritud <strong>Chagose seen (Inonotus obliquus)<\/strong> ekstrakt, mis on loodud selleks, et aidata teie keha<strong> v\u00f5itlevad oks\u00fcdatiivse stressi vastu, soodustavad loomulikku detoksikatsiooni, tugevdavad immuuns\u00fcsteemi ja toetavad rakkude tervist.<\/strong>. DER suhtega 20:1 sisaldab iga gramm selle ekstrakti nii palju kui 200 grammi kvaliteetset toort\u0161agat. Seda seent on hinnatud juba iidsetest aegadest alates selle adaptogeensete, p\u00f5letikuvastaste ja antioks\u00fcdantide omaduste t\u00f5ttu. See aitab organismil kohaneda stressiga, kaitseb vabade radikaalide eest ja toetab siseorganite, eriti maksa ja seedes\u00fcsteemi toimimist.<\/p>\n<p class=\"\" data-start=\"822\" data-end=\"874\"><strong data-start=\"822\" data-end=\"874\">Miks valida Chaga 20:1?<br \/><\/strong>\u2714\ufe0f <strong data-start=\"879\" data-end=\"914\">K\u00f5rge kontsentratsioon (DER 20:1)<\/strong> - iga annuse maksimaalne m\u00f5ju<br data-start=\"956\" data-end=\"959\" \/>\u2714\ufe0f <strong data-start=\"962\" data-end=\"984\">T\u00f5eline loomulikkus<\/strong> - ei sisalda kunstlikke lisandeid, l\u00f5hna- ja maitseaineid ega magusaineid.<br data-start=\"1030\" data-end=\"1033\" \/>\u2714\ufe0f <strong data-start=\"1036\" data-end=\"1059\">Kergesti lahustuv<\/strong> - Mugav kasutada koos oma lemmikjookidega<br data-start=\"1100\" data-end=\"1103\" \/>\u2714\ufe0f <strong data-start=\"1106\" data-end=\"1138\">Immuunsuse ja detoksikatsiooni jaoks<\/strong> - aitab v\u00f5idelda oks\u00fcdatiivse stressi vastu ja toetab \u00fcldist heaolu<br data-start=\"1204\" data-end=\"1207\" data-is-only-node=\"\" \/>\u2714\ufe0f <strong data-start=\"1210\" data-end=\"1240\">P\u00f5hjapoolsetest kliimametsadest<\/strong> - ainult hoolikalt valitud puude seened<\/p>","protected":false},"featured_media":33889,"comment_status":"open","ping_status":"closed","template":"","meta":{"_acf_changed":false},"product_brand":[455],"product_cat":[123,266,253,252,267,255,500,254,264,265],"product_tag":[],"class_list":{"0":"post-33862","1":"product","2":"type-product","3":"status-publish","4":"has-post-thumbnail","6":"product_brand-slavic-labs","7":"product_cat-papildai-ilgaamziskumui","8":"product_cat-fermentai-ir-virskinimas","9":"product_cat-imuniteto-palaikymas","10":"product_cat-imunitetui","11":"product_cat-kepenu-detoksas","12":"product_cat-oksidacinio-streso-mazinimas","13":"product_cat-outlet","14":"product_cat-uzdegimo-mazinimas","15":"product_cat-virskinimui-ir-detoksui","16":"product_cat-zarnynas-ir-mikrobioma","18":"first","19":"instock","20":"sale","21":"shipping-taxable","22":"purchasable","23":"product-type-simple"},"acf":[],"tiered_pricing_type":"fixed","tiered_pricing_fixed_rules":[],"tiered_pricing_product_settings":{"layout":"default","base_unit_name":{"singular":null,"plural":null},"default_variation":null},"tiered_pricing_minimum_quantity":null,"tiered_pricing_roles_data":[],"tiered_pricing_percentage_rules":[],"_links":{"self":[{"href":"https:\/\/purama.lt\/ee\/wp-json\/wp\/v2\/product\/33862","targetHints":{"allow":["GET"]}}],"collection":[{"href":"https:\/\/purama.lt\/ee\/wp-json\/wp\/v2\/product"}],"about":[{"href":"https:\/\/purama.lt\/ee\/wp-json\/wp\/v2\/types\/product"}],"replies":[{"embeddable":true,"href":"https:\/\/purama.lt\/ee\/wp-json\/wp\/v2\/comments?post=33862"}],"wp:featuredmedia":[{"embeddable":true,"href":"https:\/\/purama.lt\/ee\/wp-json\/wp\/v2\/media\/33889"}],"wp:attachment":[{"href":"https:\/\/purama.lt\/ee\/wp-json\/wp\/v2\/media?parent=33862"}],"wp:term":[{"taxonomy":"product_brand","embeddable":true,"href":"https:\/\/purama.lt\/ee\/wp-json\/wp\/v2\/product_brand?post=33862"},{"taxonomy":"product_cat","embeddable":true,"href":"https:\/\/purama.lt\/ee\/wp-json\/wp\/v2\/product_cat?post=33862"},{"taxonomy":"product_tag","embeddable":true,"href":"https:\/\/purama.lt\/ee\/wp-json\/wp\/v2\/product_tag?post=33862"}],"curies":[{"name":"wp","href":"https:\/\/api.w.org\/{rel}","templated":true}]}}