{"id":33859,"date":"2025-04-09T07:46:57","date_gmt":"2025-04-09T07:46:57","guid":{"rendered":"https:\/\/purama.lt\/produktas\/slavic-labs-lions-mane-201-kognityvinis-papildas\/"},"modified":"2026-04-14T14:58:29","modified_gmt":"2026-04-14T12:58:29","slug":"slavic-labs-lions-me-201-kognitiivne-toidulisand","status":"publish","type":"product","link":"https:\/\/purama.lt\/ee\/produktas\/slavic-labs-lions-mane-201-kognityvinis-papildas\/","title":{"rendered":"SLAVIC LABS Lion's mane 20:1 Kognitiivne toidulisand"},"content":{"rendered":"<p><strong>Tarbimine:<\/strong><br>1-2 supilusikat\u00e4it p\u00e4evas, lahustatuna 200 ml vees, kohvis v\u00f5i muus lemmikjoogis. Soovitatav on v\u00f5tta seda hommikul, et aidata teil p\u00fcsida keskendunud ja virgastatud kogu p\u00e4eva jooksul.<\/p>\n\n\n\n<p><strong>Koostisosad (p\u00e4evane portsjon):<\/strong><br>1000 mg l\u00f5vemarja seene ekstrakti (DER 20:1), vitamiin B6.<\/p>","protected":false},"excerpt":{"rendered":"<p class=\"\" data-start=\"137\" data-end=\"229\"><strong data-start=\"137\" data-end=\"229\">SLAVIC LABS Lion's Mane 20:1 - kognitiivne toidulisand teie aju ja soolestiku tervisele. <\/strong>Otsid loomulikku viisi, kuidas tugevdada oma m\u00e4lu, keskendumisv\u00f5imet ja n\u00e4rvis\u00fcsteemi? \"SLAVIC LABS Lion's Mane 20:1\" on k\u00f5rge kontsentratsiooniga ekstrakt l\u00f5vemarja seenest (Hericium erinaceus), mis aitab toetada kognitiivset funktsiooni, soolestiku funktsiooni ja \u00fcldist heaolu. Ekstraheeritud t\u00e4iustatud vee-alkoholi ekstraheerimismeetodil, iseloomustab seda m\u00e4rkimisv\u00e4\u00e4rne puhtus ja aktiivsete koostisosade maksimaalne s\u00e4ilitamine. S\u00f5ltumatud laboratoorsed uuringud on kinnitanud, et isegi <strong data-start=\"687\" data-end=\"711\">29,7 % beeta-gl\u00fckaan<\/strong> kontsentratsioonid - kuni 50 % rohkem kui enamik teisi turul olevaid toidulisandeid. Lisaks s\u00e4ilitab ekstrakt looduslikke \u00fchendeid <strong data-start=\"838\" data-end=\"851\">hericons<\/strong> ja <strong data-start=\"855\" data-end=\"869\">Erinaciinid<\/strong>mis koos B6-vitamiiniga toetavad n\u00e4rvis\u00fcsteemi funktsiooni ja energia ainevahetust. <\/p>\n<p><strong data-start=\"1198\" data-end=\"1256\">Miks valida SLAVIC LABSi l\u00f5virohi 20:1?<\/strong><br data-start=\"1256\" data-end=\"1259\" \/>\u2714\ufe0f 20:1 kontsentratsioon - tugev annus toimeaineid.<br data-start=\"1313\" data-end=\"1316\" \/>\u2714\ufe0f 29.7 % beetagl\u00fckaan - peamine kognitiivse toetuse allikas.<br data-start=\"1383\" data-end=\"1386\" \/>\u2714\ufe0f B6-vitamiiniga - n\u00e4rvis\u00fcsteemi ja energia jaoks.<br data-start=\"1433\" data-end=\"1436\" \/>\u2714\ufe0f Herikonid ja erinakiinid - v\u00e4\u00e4rtuslikud neurotransmitterite toetajad<br data-start=\"1502\" data-end=\"1505\" \/>\u2714\ufe0f Ei sisalda t\u00e4iteaineid ega kunstlikke lisandeid.<\/p>","protected":false},"featured_media":33886,"comment_status":"open","ping_status":"closed","template":"","meta":{"_acf_changed":false},"product_brand":[455],"product_cat":[123,257,259,500,256,258],"product_tag":[],"class_list":{"0":"post-33859","1":"product","2":"type-product","3":"status-publish","4":"has-post-thumbnail","6":"product_brand-slavic-labs","7":"product_cat-papildai-ilgaamziskumui","8":"product_cat-atmintis-ir-demesys","9":"product_cat-nuotaika-ir-stresas","10":"product_cat-outlet","11":"product_cat-smegenims-ir-atminciai","12":"product_cat-smegenu-apsauga","14":"first","15":"instock","16":"sale","17":"shipping-taxable","18":"purchasable","19":"product-type-variable"},"acf":[],"tiered_pricing_type":"fixed","tiered_pricing_fixed_rules":[],"tiered_pricing_product_settings":{"layout":"default","base_unit_name":{"singular":null,"plural":null},"default_variation":null},"tiered_pricing_minimum_quantity":null,"tiered_pricing_roles_data":[],"tiered_pricing_percentage_rules":[],"_links":{"self":[{"href":"https:\/\/purama.lt\/ee\/wp-json\/wp\/v2\/product\/33859","targetHints":{"allow":["GET"]}}],"collection":[{"href":"https:\/\/purama.lt\/ee\/wp-json\/wp\/v2\/product"}],"about":[{"href":"https:\/\/purama.lt\/ee\/wp-json\/wp\/v2\/types\/product"}],"replies":[{"embeddable":true,"href":"https:\/\/purama.lt\/ee\/wp-json\/wp\/v2\/comments?post=33859"}],"wp:featuredmedia":[{"embeddable":true,"href":"https:\/\/purama.lt\/ee\/wp-json\/wp\/v2\/media\/33886"}],"wp:attachment":[{"href":"https:\/\/purama.lt\/ee\/wp-json\/wp\/v2\/media?parent=33859"}],"wp:term":[{"taxonomy":"product_brand","embeddable":true,"href":"https:\/\/purama.lt\/ee\/wp-json\/wp\/v2\/product_brand?post=33859"},{"taxonomy":"product_cat","embeddable":true,"href":"https:\/\/purama.lt\/ee\/wp-json\/wp\/v2\/product_cat?post=33859"},{"taxonomy":"product_tag","embeddable":true,"href":"https:\/\/purama.lt\/ee\/wp-json\/wp\/v2\/product_tag?post=33859"}],"curies":[{"name":"wp","href":"https:\/\/api.w.org\/{rel}","templated":true}]}}