{"id":33853,"date":"2025-04-09T07:46:55","date_gmt":"2025-04-09T07:46:55","guid":{"rendered":"https:\/\/purama.lt\/produktas\/lapcos-retinolio-odos-atnaujinimo-kauke\/"},"modified":"2026-04-10T13:03:27","modified_gmt":"2026-04-10T11:03:27","slug":"lapcos-retinooliga-naha-uuendamise-mask","status":"publish","type":"product","link":"https:\/\/purama.lt\/ee\/produktas\/lapcos-retinolio-odos-atnaujinimo-kauke\/","title":{"rendered":"LAPCOS Retinol Skin Renewal mask"},"content":{"rendered":"<p><strong>Kuidas kasutada:<\/strong><br>\u00d5htul kandke mask puhtale nahale. J\u00e4tke 15-20 minutiks, seej\u00e4rel eemaldage ja masseerige \u00f5rnalt \u00fclej\u00e4\u00e4nud seerum. Soovitatav on alustada 1 kord n\u00e4dalas ja j\u00e4rk-j\u00e4rgult suurendada kuni 3-4 korrani n\u00e4dalas, j\u00e4lgides naha reaktsiooni. Hommikul peske n\u00e4gu ja kandke kindlasti SPF-i.<br><br><strong>Koostis:<\/strong> Vesi, liposomaalne retinal, v\u00f5ililleekstrakt, sinine agave, sojaekstrakt, adenosiin, atset\u00fc\u00fclheksapeptiid-8, h\u00fcaluroonhape, kollageen, Centella Asiatica, kummeli ekstrakt.<\/p>","protected":false},"excerpt":{"rendered":"<p class=\"\" data-start=\"0\" data-end=\"102\"><strong data-start=\"0\" data-end=\"43\">LAPCOS Retinol Skin Renewal Mask - o<\/strong><strong data-start=\"46\" data-end=\"102\">uuendamise ja noorusliku s\u00e4ra rituaal. <\/strong>Avastage \u00f5rn, kuid v\u00e4ga t\u00f5hus viis oma naha uuendamiseks LAPCOS Retinol Mask - t\u00e4iustatud <strong>PT Cell<\/strong> Lehtmask, mis on rikastatud patenteeritud liposomaalse retinaali (100 iU\/g) ja v\u00f5ililleekstraktiga. Mask aitab v\u00e4hendada peeneid jooni, siluda naha tekstuuri, pinguldada ja taastada naha loomulikku s\u00e4ra.<\/p>\n<p class=\"\" data-start=\"427\" data-end=\"849\"><strong data-start=\"427\" data-end=\"453\">Miks peaksite seda proovima:<br \/><\/strong> \u2714\ufe0f V\u00f5imas, kuid \u00f5rn retinool - retinal toimib kiiremini ja tugevamalt kui tavaline retinool, \u00e4rritamata nahka.<br data-start=\"571\" data-end=\"574\" \/>\u2714\ufe0f Silub peened jooned ja poorid - stimuleerib rakkude uuenemist.<br data-start=\"645\" data-end=\"648\" \/>\u2714\ufe0f Niisutab ja rahustab - sinise akaavi, soja ja v\u00f5ilille ekstraktid v\u00e4hendavad \u00e4rritust ja annavad pikaajalist niiskust.<br data-start=\"759\" data-end=\"762\" data-is-only-node=\"\" \/>\u2714\ufe0f Biolagunev kangas - pehme materjal, mis sobib ideaalselt n\u00e4o kontuuridele.<\/p>","protected":false},"featured_media":33894,"comment_status":"open","ping_status":"closed","template":"","meta":{"_acf_changed":false},"product_brand":[434],"product_cat":[142,92,59],"product_tag":[],"class_list":{"0":"post-33853","1":"product","2":"type-product","3":"status-publish","4":"has-post-thumbnail","6":"product_brand-lapcos","7":"product_cat-veido-kaukes","8":"product_cat-groziui","9":"product_cat-veidui","11":"first","12":"instock","13":"shipping-taxable","14":"purchasable","15":"product-type-simple"},"acf":[],"tiered_pricing_type":"fixed","tiered_pricing_fixed_rules":[],"tiered_pricing_product_settings":{"layout":"default","base_unit_name":{"singular":null,"plural":null},"default_variation":null},"tiered_pricing_minimum_quantity":null,"tiered_pricing_roles_data":[],"tiered_pricing_percentage_rules":[],"_links":{"self":[{"href":"https:\/\/purama.lt\/ee\/wp-json\/wp\/v2\/product\/33853","targetHints":{"allow":["GET"]}}],"collection":[{"href":"https:\/\/purama.lt\/ee\/wp-json\/wp\/v2\/product"}],"about":[{"href":"https:\/\/purama.lt\/ee\/wp-json\/wp\/v2\/types\/product"}],"replies":[{"embeddable":true,"href":"https:\/\/purama.lt\/ee\/wp-json\/wp\/v2\/comments?post=33853"}],"wp:featuredmedia":[{"embeddable":true,"href":"https:\/\/purama.lt\/ee\/wp-json\/wp\/v2\/media\/33894"}],"wp:attachment":[{"href":"https:\/\/purama.lt\/ee\/wp-json\/wp\/v2\/media?parent=33853"}],"wp:term":[{"taxonomy":"product_brand","embeddable":true,"href":"https:\/\/purama.lt\/ee\/wp-json\/wp\/v2\/product_brand?post=33853"},{"taxonomy":"product_cat","embeddable":true,"href":"https:\/\/purama.lt\/ee\/wp-json\/wp\/v2\/product_cat?post=33853"},{"taxonomy":"product_tag","embeddable":true,"href":"https:\/\/purama.lt\/ee\/wp-json\/wp\/v2\/product_tag?post=33853"}],"curies":[{"name":"wp","href":"https:\/\/api.w.org\/{rel}","templated":true}]}}